{"id":516,"date":"2020-10-26T12:24:26","date_gmt":"2020-10-26T12:24:26","guid":{"rendered":"http:\/\/amwerk.bold-themes.com\/berlin\/?page_id=516"},"modified":"2025-10-18T10:31:01","modified_gmt":"2025-10-18T07:31:01","slug":"batel-in-numbers","status":"publish","type":"page","link":"https:\/\/batel.com.tr\/en\/rakamlarla-batel\/","title":{"rendered":"BATEL IN NUMBERS"},"content":{"rendered":"<p><section data-bb-version=\"5.4.2\" id=\"bt_bb_section69eb915203e14\" class=\"bt_bb_section bt_bb_layout_boxed_1200 bt_bb_top_spacing_normal bt_bb_bottom_spacing_medium\"  data-bt-override-class=\"{&quot;bt_bb_top_spacing_&quot;:{&quot;current_class&quot;:&quot;bt_bb_top_spacing_normal&quot;,&quot;def&quot;:&quot;normal&quot;},&quot;bt_bb_bottom_spacing_&quot;:{&quot;current_class&quot;:&quot;bt_bb_bottom_spacing_medium&quot;,&quot;def&quot;:&quot;medium&quot;}}\"><div class=\"bt_bb_port\"><div class=\"bt_bb_cell\"><div class=\"bt_bb_cell_inner\"><div class=\"bt_bb_row\"  data-bt-override-class=\"{}\"><div class=\"bt_bb_row_holder\" ><div data-bb-version=\"4.9.1\"  class=\"bt_bb_column col-xxl-12 col-xl-12 col-xs-12 col-sm-12 col-md-12 col-lg-12 bt_bb_vertical_align_top bt_bb_align_left bt_bb_padding_normal\" style=\"; --column-width:12;\" data-width=\"12\" data-bt-override-class=\"{}\"><div class=\"bt_bb_column_content\"><div class=\"bt_bb_column_content_inner\"><div data-bb-version=\"4.9.1\"  class=\"bt_bb_text\" ><\/p>\n<p data-ccp-props=\"{\">\n<p style=\"font-weight: 400;color: #000000\">With more than 50 years of experience, BATEL continues to offer reliable, sustainable and innovative solutions in the field of electricity distribution systems with the same enthusiasm today.<br \/>Below you will find a numerical reflection of our responsibility towards the world and our passion for development.<\/p>\n<p data-ccp-props=\"{\">\u200b<\/p>\n<p style=\"text-align: left;color:#000000\" data-ccp-props=\"{\">Data updated as of August 2025.<\/p>\n<p>\n<\/div><div data-bb-version=\"4.9.1\" class=\"bt_bb_image bt_bb_shape_square bt_bb_align_inherit bt_bb_hover_style_simple bt_bb_content_display_always,;,,;,,;,,;,,;, bt_bb_content_align_middle\" data-bt-override-class=\"{&quot;bt_bb_align_&quot;:{&quot;current_class&quot;:&quot;bt_bb_align_inherit&quot;,&quot;def&quot;:&quot;inherit&quot;}}\"><span><\/span><\/div><div data-bb-version=\"4.9.1\" class=\"bt_bb_image bt_bb_shape_square bt_bb_align_inherit bt_bb_hover_style_simple bt_bb_content_display_always,;,,;,,;,,;,,;, bt_bb_content_align_middle\" data-bt-override-class=\"{&quot;bt_bb_align_&quot;:{&quot;current_class&quot;:&quot;bt_bb_align_inherit&quot;,&quot;def&quot;:&quot;inherit&quot;}}\"><span><\/span><\/div><div data-bb-version=\"4.9.1\" class=\"bt_bb_image bt_bb_shape_square bt_bb_align_inherit bt_bb_hover_style_simple bt_bb_content_display_always,;,,;,,;,,;,,;, bt_bb_content_align_middle\" data-bt-override-class=\"{&quot;bt_bb_align_&quot;:{&quot;current_class&quot;:&quot;bt_bb_align_inherit&quot;,&quot;def&quot;:&quot;inherit&quot;}}\"><span><\/span><\/div><div data-bb-version=\"4.9.1\" class=\"bt_bb_image bt_bb_shape_square bt_bb_align_inherit bt_bb_hover_style_simple bt_bb_content_display_always,;,,;,,;,,;,,;, bt_bb_content_align_middle\" data-bt-override-class=\"{&quot;bt_bb_align_&quot;:{&quot;current_class&quot;:&quot;bt_bb_align_inherit&quot;,&quot;def&quot;:&quot;inherit&quot;}}\"><span><\/span><\/div><\/div><\/div><\/div><\/div><\/div><\/div><!-- cell_inner --><\/div><!-- cell --><\/div><!-- port --><\/section><section data-bb-version=\"5.4.2\" id=\"bt_bb_section69eb9152044fc\" class=\"bt_bb_section bt_bb_layout_boxed_1200 bt_bb_bottom_spacing_large\"  data-bt-override-class=\"{&quot;bt_bb_bottom_spacing_&quot;:{&quot;current_class&quot;:&quot;bt_bb_bottom_spacing_large&quot;,&quot;def&quot;:&quot;large&quot;}}\"><div class=\"bt_bb_port\"><div class=\"bt_bb_cell\"><div class=\"bt_bb_cell_inner\"><div class=\"bt_bb_row\"  data-bt-override-class=\"{}\"><div class=\"bt_bb_row_holder\" ><div data-bb-version=\"4.9.1\"  class=\"bt_bb_column col-xxl-12 col-xl-12 col-xs-12 col-sm-12 col-md-12 col-lg-12 bt_bb_vertical_align_top bt_bb_align_left bt_bb_padding_normal\" style=\"; --column-width:12;\" data-width=\"12\" data-bt-override-class=\"{}\"><div class=\"bt_bb_column_content\"><div class=\"bt_bb_column_content_inner\"><div data-bb-version=\"5.4.2\" class=\"bt_bb_raw_content\"><style>\n  .info-grid {\n    display: grid;\n    grid-template-columns: repeat(auto-fill, minmax(250px, 1fr));\n    gap: 20px;\n    margin: 20px 0;\n  }\n\n  .info-box {\n    position: relative;\n    padding: 30px 20px;\n    color: #ffffff;\n    text-align: center;\n    border-radius: 1px;\n    font-family: 'Montserrat', Montserrat;\n    min-height: 160px;\n    display: flex;\n    flex-direction: column;\n    justify-content: center;\n    \n    background-image: linear-gradient(rgba(255,255,255,0.08), rgba(0,0,0,0.08));\n    transition: transform 0.3s, box-shadow 0.3s;\n  }\n\n  .info-box:hover {\n    transform: translateY(-8px) scale(1.03);\n    box-shadow: 0 15px 35px rgba(0, 0, 0, 0.35), 0 8px 10px rgba(0, 0, 0, 0.15);\n  }\n\n  .info-box .icon {\n    width: 40px;\n    height: 40px;\n    margin: 0 auto 15px auto;\n    fill: #ffffff; \/* SVG rengi beyaz *\/\n  }\n\n  .color-blue { background-color: #008ccf; }\n  .color-lightblue { background-color: #71b1c9; }\n<\/style>\n\n<div class=\"info-grid\">\n  <!-- Gelir -->\n  <div class=\"info-box color-blue\">\n    <svg class=\"icon\" viewbox=\"0 0 24 24\">\n      <path d=\"M3 17h2v-7H3v7zm4 0h2v-4H7v4zm4 0h2v-10h-2v10zm4 0h2v-6h-2v6zm4 0h2v-9h-2v9z\"\/>\n    <\/svg>\n    <div>2024 revenue: 18 million $<\/div>\n  <\/div>\n\n  <!-- K\u00fcresel faaliyet -->\n  <div class=\"info-box color-lightblue\">\n    <svg class=\"icon\" viewbox=\"0 0 24 24\">\n      <path d=\"M12 2C6.48 2 2 6.48 2 12s4.48 10 10 10 10-4.48 10-10S17.52 2 12 2zm0 18c-4.41 0-8-3.59-8-8s3.59-8 8-8 8 3.59 8 8-3.59 8-8 8z\"\/>\n    <\/svg>\n    <div>Exports to 55 countries on 5 continents<\/div>\n  <\/div>\n\n  <!-- \u00dcr\u00fcn grubu -->\n  <div class=\"info-box color-blue\">\n    <svg class=\"icon\" viewbox=\"0 0 24 24\">\n      <path d=\"M3 13h2v-2H3v2zm0 4h2v-2H3v2zm0-8h2V7H3v2zm4 8h14v-2H7v2zm0-4h14v-2H7v2zm0-6v2h14V7H7z\"\/>\n    <\/svg>\n    <div>Total 11 product groups<\/div>\n  <\/div>\n\n  <!-- Tesis alan\u0131 -->\n  <div class=\"info-box color-lightblue\">\n    <svg class=\"icon\" viewbox=\"0 0 24 24\">\n      <path d=\"M12 3L2 12h3v7h6v-5h2v5h6v-7h3L12 3z\"\/>\n    <\/svg>\n    <div>Total facility area of 15,600 m\u00b2<\/div>\n  <\/div>\n\n  <!-- \u00c7al\u0131\u015fan -->\n  <div class=\"info-box color-blue\">\n    <svg class=\"icon\" viewbox=\"0 0 24 24\">\n      <path d=\"M12 12c2.21 0 4-1.79 4-4s-1.79-4-4-4-4 1.79-4 4 1.79 4 4 4zm0 2c-2.67 0-8 1.34-8 4v2h16v-2c0-2.66-5.33-4-8-4z\"\/>\n    <\/svg>\n    <div>200+ employees<\/div>\n  <\/div>\n\n  <!-- Kesici \u00fcretimi -->\n  <div class=\"info-box color-lightblue\">\n    <svg class=\"icon\" viewbox=\"0 0 24 24\">\n      <path d=\"M20 6H4v12h16V6zm-2 10H6V8h12v8z\"\/>\n    <\/svg>\n    <div>55,000 cutter production to date<\/div>\n  <\/div>\n\n  <!-- Y\u00fck ay\u0131r\u0131c\u0131s\u0131 -->\n  <div class=\"info-box color-lightblue\">\n    <svg class=\"icon\" viewbox=\"0 0 24 24\">\n      <path d=\"M5 3h14v2H5V3zm0 4h14v2H5V7zm0 4h14v2H5v-2zm0 4h14v2H5v-2zm0 4h14v2H5v-2z\"\/>\n    <\/svg>\n    <div>65,000 units of load separator production to date<\/div>\n  <\/div>\n\n  <!-- Ar-Ge projeleri -->\n  <div class=\"info-box color-blue\">\n    <svg class=\"icon\" viewbox=\"0 0 24 24\">\n      <path d=\"M12 2C6.48 2 2 6.48 2 12s4.48 10 10 10 10-4.48 10-10S17.52 2 12 2zm1 17h-2v-2h2v2zm0-4h-2V7h2v8z\"\/>\n    <\/svg>\n    <div>13 R&amp;D projects commercialized to date<\/div>\n  <\/div>\n\n  <!-- Lehimleme tecr\u00fcbesi -->\n  <div class=\"info-box color-lightblue\">\n    <svg class=\"icon\" viewbox=\"0 0 24 24\">\n      <path d=\"M12 2L2 7v6c0 5 4 9 10 9s10-4 10-9V7l-10-5z\"\/>\n    <\/svg>\n    <div>Over 15 years of experience in brazing under vacuum<\/div>\n  <\/div>\n\n  <!-- Ay\u0131r\u0131c\u0131 \u00fcretimi -->\n  <div class=\"info-box color-blue\">\n    <svg class=\"icon\" viewbox=\"0 0 24 24\">\n      <path d=\"M3 3h18v2H3V3zm0 4h18v2H3V7zm0 4h18v2H3v-2zm0 4h18v2H3v-2zm0 4h18v2H3v-2z\"\/>\n    <\/svg>\n    <div>Production of 65,000 separators to date<\/div>\n  <\/div>\n\n  <!-- H\u00fccre \u00fcretimi -->\n  <div class=\"info-box color-lightblue\">\n    <svg class=\"icon\" viewbox=\"0 0 24 24\">\n      <path d=\"M4 4h16v16H4V4zm2 2v12h12V6H6z\"\/>\n    <\/svg>\n    <div>Production capacity of 40 metal-enclosed cells per day<\/div>\n  <\/div>\n\n  <!-- Ar-Ge personeli -->\n  <div class=\"info-box color-blue\">\n    <svg class=\"icon\" viewbox=\"0 0 24 24\">\n      <path d=\"M12 12c2.21 0 4-1.79 4-4s-1.79-4-4-4-4 1.79-4 4 1.79 4 4 4zm0 2c-2.67 0-8 1.34-8 4v2h16v-2c0-2.66-5.33-4-8-4z\"\/>\n    <\/svg>\n    <div>25 R&amp;D personnel<\/div>\n  <\/div>\n\n \n\n  <!-- Elektromekanik tecr\u00fcbe -->\n  <div class=\"info-box color-lightblue\">\n    <svg class=\"icon\" viewbox=\"0 0 24 24\">\n      <path d=\"M12 2L2 12h3v8h6v-6h2v6h6v-8h3L12 2z\"\/>\n    <\/svg>\n    <div>Over 50 years of experience in the electromechanical industry<\/div>\n  <\/div>\n<\/div>\n<\/div><\/div><\/div><\/div><\/div><\/div><\/div><!-- cell_inner --><\/div><!-- cell --><\/div><!-- port --><\/section><\/p>","protected":false},"excerpt":{"rendered":"<p>Proactively envisioned multimedia based expertise and cross-media growth strategies. Seamlessly visualize quality intellectual capital without superior collaboration and idea-sharing. Holistically pontificate installed base portal products.<\/p>","protected":false},"author":2,"featured_media":595,"parent":0,"menu_order":0,"comment_status":"closed","ping_status":"closed","template":"","meta":{"footnotes":""},"class_list":["post-516","page","type-page","status-publish","has-post-thumbnail","hentry"],"_links":{"self":[{"href":"https:\/\/batel.com.tr\/en\/wp-json\/wp\/v2\/pages\/516","targetHints":{"allow":["GET"]}}],"collection":[{"href":"https:\/\/batel.com.tr\/en\/wp-json\/wp\/v2\/pages"}],"about":[{"href":"https:\/\/batel.com.tr\/en\/wp-json\/wp\/v2\/types\/page"}],"author":[{"embeddable":true,"href":"https:\/\/batel.com.tr\/en\/wp-json\/wp\/v2\/users\/2"}],"replies":[{"embeddable":true,"href":"https:\/\/batel.com.tr\/en\/wp-json\/wp\/v2\/comments?post=516"}],"version-history":[{"count":13,"href":"https:\/\/batel.com.tr\/en\/wp-json\/wp\/v2\/pages\/516\/revisions"}],"predecessor-version":[{"id":1841,"href":"https:\/\/batel.com.tr\/en\/wp-json\/wp\/v2\/pages\/516\/revisions\/1841"}],"wp:featuredmedia":[{"embeddable":true,"href":"https:\/\/batel.com.tr\/en\/wp-json\/wp\/v2\/media\/595"}],"wp:attachment":[{"href":"https:\/\/batel.com.tr\/en\/wp-json\/wp\/v2\/media?parent=516"}],"curies":[{"name":"wp","href":"https:\/\/api.w.org\/{rel}","templated":true}]}}