{"id":510,"date":"2020-10-26T12:24:07","date_gmt":"2020-10-26T12:24:07","guid":{"rendered":"http:\/\/amwerk.bold-themes.com\/berlin\/?page_id=510"},"modified":"2026-04-07T15:42:35","modified_gmt":"2026-04-07T12:42:35","slug":"teknolojik-yenilik","status":"publish","type":"page","link":"https:\/\/batel.com.tr\/en\/teknolojik-yenilik\/","title":{"rendered":"Our Talent and Technological Innovations"},"content":{"rendered":"<p><section data-bb-version=\"5.4.2\" id=\"bt_bb_section69eb91b510c04\" class=\"bt_bb_section bt_bb_color_scheme_11 bt_bb_layout_boxed_1200 bt_bb_vertical_align_top bt_bb_background_overlay_dark_solid bt_bb_top_spacing_extra_large bt_bb_bottom_spacing_large bt-dark-skin\" style=\"; --section-primary-color:#ffffff; --section-secondary-color:#181818;\" data-bt-override-class=\"null\"><div class=\"bt_bb_background_image_holder_wrapper\"><div class=\"bt_bb_background_image_holder btLazyLoadBackground\"  data-background_image_src=\"https:\/\/batel.com.tr\/wp-content\/uploads\/2025\/10\/WhatsApp-Image-2025-10-11-at-15.03.21-scaled.jpeg\" data-parallax-zoom-start=\"1\" data-parallax-zoom-end=\"1\" data-parallax-blur-start=\"0\" data-parallax-blur-end=\"0\" data-parallax-opacity-start=\"1\" data-parallax-opacity-end=\"1\" style=\" background-image: url(&#039;https:\/\/batel.com.tr\/wp-content\/plugins\/bold-page-builder\/img\/blank.gif&#039;);\"><\/div><\/div><div class=\"bt_bb_port\"><div class=\"bt_bb_cell\"><div class=\"bt_bb_cell_inner\"><div class=\"bt_bb_row\"  data-bt-override-class=\"{}\"><div class=\"bt_bb_row_holder\" ><div  class=\"bt_bb_column col-xxl-6 col-xl-6 bt_bb_vertical_align_top bt_bb_align_left bt_bb_padding_normal bt_bb_animation_fade_in zoom_out animate\" style=\"; --column-width:6;\" data-width=\"6\" data-bt-override-class=\"{}\"><div class=\"bt_bb_column_content\"><div class=\"bt_bb_column_content_inner\"><header data-bb-version=\"5.4.2\" class=\"bt_bb_headline bt_bb_font_weight_bold bt_bb_dash_top bt_bb_subheadline bt_bb_size_medium bt_bb_align_inherit\" data-bt-override-class=\"{&quot;bt_bb_size_&quot;:{&quot;current_class&quot;:&quot;bt_bb_size_medium&quot;,&quot;def&quot;:&quot;medium&quot;}}\"><h2><span class=\"bt_bb_headline_content\"><span>YETENEK VE TEKNOLOJ\u0130K YEN\u0130L\u0130KLER\u0130M\u0130Z<\/span><\/span><\/h2><div class=\"bt_bb_headline_subheadline\">Continually reintermediate integrated processes through technically sound intellectual capital. Holistically foster superior methodologies without market-driven best practices.<\/div><\/header><div class=\"bt_bb_separator bt_bb_border_style_none bt_bb_bottom_spacing_60\" data-bt-override-class=\"null\"><\/div><\/div><\/div><\/div><div  class=\"bt_bb_column col-xxl-6 col-xl-6 bt_bb_vertical_align_top bt_bb_align_right bt_bb_padding_40 bt_bb_animation_fade_in zoom_out animate\" style=\"; --column-width:6;\" data-width=\"6\" data-bt-override-class=\"{}\"><div class=\"bt_bb_column_content\"><div class=\"bt_bb_column_content_inner\"><header data-bb-version=\"5.4.2\" class=\"bt_bb_headline bt_bb_dash_none bt_bb_size_inherit bt_bb_align_inherit\" data-bt-override-class=\"{&quot;bt_bb_size_&quot;:{&quot;current_class&quot;:&quot;bt_bb_size_inherit&quot;,&quot;def&quot;:&quot;inherit&quot;},&quot;bt_bb_align_&quot;:{&quot;current_class&quot;:&quot;bt_bb_align_inherit&quot;,&quot;def&quot;:&quot;inherit&quot;}}\"><\/header><\/div><\/div><\/div><\/div><\/div><\/div><!-- cell_inner --><\/div><!-- cell --><\/div><!-- port --><\/section><section data-bb-version=\"5.4.2\" id=\"bt_bb_section69eb91b5110a0\" class=\"bt_bb_section bt_bb_layout_boxed_1200 bt_bb_top_spacing_normal\"  data-bt-override-class=\"{&quot;bt_bb_top_spacing_&quot;:{&quot;current_class&quot;:&quot;bt_bb_top_spacing_normal&quot;,&quot;def&quot;:&quot;normal&quot;}}\"><div class=\"bt_bb_port\"><div class=\"bt_bb_cell\"><div class=\"bt_bb_cell_inner\"><div class=\"bt_bb_row\"  data-bt-override-class=\"{}\"><div class=\"bt_bb_row_holder\" ><div data-bb-version=\"4.9.1\"  class=\"bt_bb_column col-xxl-6 col-xl-6 col-xs-12 col-sm-6 col-md-6 col-lg-6 bt_bb_vertical_align_top bt_bb_align_left bt_bb_padding_normal\" style=\"; --column-width:6;\" data-width=\"6\" data-bt-override-class=\"{}\"><div class=\"bt_bb_column_content\"><div class=\"bt_bb_column_content_inner\"><div data-bb-version=\"4.9.1\"  class=\"bt_bb_text\" ><\/p>\n<p>\u00a0<\/p>\n<p>\u00a0<\/p>\n<p style=\"color: #000000;font-weight: 400\">\n<span class=\"TextRun SpellingErrorZoomed SCXP11703471 BCX0\"><span class=\"SCXP11703471 BCX0\">Batel<\/span><\/span><span class=\"TextRun SCXP11703471 BCX0\"><span class=\"NormalTextRun SCXP11703471 BCX0\">, orta gerilim \u015falt \u00fcr\u00fcnlerinde g\u00fcvenilir \u00e7\u00f6z\u00fcmler sunarken g\u00fc\u00e7l\u00fc bir m\u00fchendislik altyap\u0131s\u0131na sahiptir. Tasar\u0131mdan analize, kal\u0131plamadan kaynak teknolojilerine kadar t\u00fcm s\u00fcre\u00e7lerde ileri \u00fcretim tekniklerini bir arada kullan\u0131yoruz. 1D, 2D, 3D modelleme, ak\u0131\u015f ve dayan\u0131m analizleri, manyetik alan analizleri, epoksi enjeksiyon kal\u0131plama ve vakum lehimleme gibi uzmanl\u0131klar\u0131m\u0131z, \u00fcr\u00fcnlerimizin kalitesini ve dayan\u0131kl\u0131l\u0131\u011f\u0131n\u0131 garanti alt\u0131na almaktad\u0131r. Bu yetkinlikler, <\/span><\/span><span class=\"TextRun SpellingErrorZoomed SCXP11703471 BCX0\"><span class=\"SCXP11703471 BCX0\">Batel\u2019i<\/span><\/span><span class=\"TextRun SCXP11703471 BCX0\"><span class=\"NormalTextRun SCXP11703471 BCX0\"> sadece bir \u00fcretici de\u011fil; teknolojiyi geli\u015ftiren ve gelece\u011fi \u015fekillendiren bir m\u00fchendislik orta\u011f\u0131 haline getirmektedir.<\/span><\/span><\/p>\n<p>\u00a0<\/p>\n<p><span class=\"EOP SCXP11703471 BCX0\">\u200b<\/span><\/p>\n<p>\n<\/div><\/div><\/div><\/div><div data-bb-version=\"5.7.1\"  class=\"bt_bb_column col-xxl-6 col-xl-6 col-xs-12 col-sm-6 col-md-6 col-lg-6 bt_bb_vertical_align_top bt_bb_align_left btLazyLoadBackground bt_bb_column_background_image bt_bb_padding_normal\" style=\"background-image:url(&#039;https:\/\/batel.com.tr\/wp-content\/plugins\/bold-page-builder\/img\/blank.gif&#039;);; --column-width:6;\" data-background_image_src='https:\/\/batel.com.tr\/wp-content\/uploads\/2026\/04\/ada-new.jpg' data-width=\"6\" data-bt-override-class=\"{}\"><div class=\"bt_bb_column_content\"><div class=\"bt_bb_column_content_inner\"><\/div><\/div><\/div><\/div><\/div><\/div><!-- cell_inner --><\/div><!-- cell --><\/div><!-- port --><\/section><section data-bb-version=\"5.4.2\" id=\"bt_bb_section69eb91b51176f\" class=\"bt_bb_section bt_bb_layout_boxed_1200 bt_bb_top_spacing_normal bt_bb_bottom_spacing_normal\"  data-bt-override-class=\"{&quot;bt_bb_top_spacing_&quot;:{&quot;current_class&quot;:&quot;bt_bb_top_spacing_normal&quot;,&quot;def&quot;:&quot;normal&quot;},&quot;bt_bb_bottom_spacing_&quot;:{&quot;current_class&quot;:&quot;bt_bb_bottom_spacing_normal&quot;,&quot;def&quot;:&quot;normal&quot;}}\"><div class=\"bt_bb_port\"><div class=\"bt_bb_cell\"><div class=\"bt_bb_cell_inner\"><div class=\"bt_bb_row\"  data-bt-override-class=\"{}\"><div class=\"bt_bb_row_holder\" ><div data-bb-version=\"5.7.1\"  class=\"bt_bb_column col-xxl-6 col-xl-6 col-xs-12 col-sm-6 col-md-6 col-lg-6 bt_bb_vertical_align_top bt_bb_align_left btLazyLoadBackground bt_bb_column_background_image bt_bb_padding_normal\" style=\"background-image:url(&#039;https:\/\/batel.com.tr\/wp-content\/plugins\/bold-page-builder\/img\/blank.gif&#039;);; --column-width:6;\" data-background_image_src='https:\/\/batel.com.tr\/wp-content\/uploads\/2026\/04\/teknoloji.jpg' data-width=\"6\" data-bt-override-class=\"{}\"><div class=\"bt_bb_column_content\"><div class=\"bt_bb_column_content_inner\"><\/div><\/div><\/div><div data-bb-version=\"4.9.1\"  class=\"bt_bb_column col-xxl-6 col-xl-6 col-xs-12 col-sm-6 col-md-6 col-lg-6 bt_bb_vertical_align_top bt_bb_align_left bt_bb_padding_normal\" style=\"; --column-width:6;\" data-width=\"6\" data-bt-override-class=\"{}\"><div class=\"bt_bb_column_content\"><div class=\"bt_bb_column_content_inner\"><div data-bb-version=\"4.9.1\"  class=\"bt_bb_text\" ><\/p>\n<p>\u00a0<\/p>\n<p>\u00a0<\/p>\n<p>\u00a0<\/p>\n<p style=\"color: #000000;font-weight: 400\">1972\u2019de minimum ya\u011fl\u0131 kesici teknolojisiyle ba\u015flayan yolculu\u011fumuz, SF\u2086 gazl\u0131 ve vakum teknolojilerinde \u00f6nemli ad\u0131mlar atarak bug\u00fcnlere ula\u015ft\u0131. 2009\u2019da vakumlu kesicilerle g\u00fc\u00e7lenen m\u00fchendislik birikimimiz, 2025\u2019te SF6 i\u00e7ermeyen \u00e7evre dostu \u00e7\u00f6z\u00fcmlerle ta\u00e7lan\u0131yor.<br \/>BATEL Elektromekanik, yar\u0131m asr\u0131 a\u015fan tecr\u00fcbesiyle enerjinin gelece\u011fini \u015fekillendiren yenilik\u00e7i teknolojiler geli\u015ftirmeye devam ediyor.<\/p>\n<p>\u00a0<\/p>\n<p>\u00a0<\/p>\n<p>\u00a0<\/p>\n<p>\n<\/div><\/div><\/div><\/div><\/div><\/div><\/div><!-- cell_inner --><\/div><!-- cell --><\/div><!-- port --><\/section><section data-bb-version=\"5.4.2\" id=\"bt_bb_section69eb91b511ca9\" class=\"bt_bb_section bt_bb_layout_boxed_1200 bt_bb_top_spacing_normal bt_bb_bottom_spacing_normal\"  data-bt-override-class=\"{&quot;bt_bb_top_spacing_&quot;:{&quot;current_class&quot;:&quot;bt_bb_top_spacing_normal&quot;,&quot;def&quot;:&quot;normal&quot;},&quot;bt_bb_bottom_spacing_&quot;:{&quot;current_class&quot;:&quot;bt_bb_bottom_spacing_normal&quot;,&quot;def&quot;:&quot;normal&quot;}}\"><div class=\"bt_bb_port\"><div class=\"bt_bb_cell\"><div class=\"bt_bb_cell_inner\"><div class=\"bt_bb_row\"  data-bt-override-class=\"{}\"><div class=\"bt_bb_row_holder\" ><div data-bb-version=\"4.9.1\"  class=\"bt_bb_column col-xxl-6 col-xl-6 col-xs-12 col-sm-6 col-md-6 col-lg-6 bt_bb_vertical_align_top bt_bb_align_left bt_bb_padding_normal\" style=\"; --column-width:6;\" data-width=\"6\" data-bt-override-class=\"{}\"><div class=\"bt_bb_column_content\"><div class=\"bt_bb_column_content_inner\"><div data-bb-version=\"4.9.1\"  class=\"bt_bb_text\" ><\/p>\n<p style=\"text-align: left\"><b>Ar-<\/b><b>Ge\u2019ye<\/b><b> Yat\u0131r\u0131m ve Gelece\u011fe Odaklanma<\/b>\u200b<\/p>\n<ul style=\"font-weight: 400;color: #000000\">\n<li style=\"list-style-type: none\">\n<ul style=\"font-weight: 400;color: #000000\">Ar-Ge ekibimiz yarat\u0131c\u0131l\u0131\u011f\u0131, deneyselli\u011fi ve disiplinler aras\u0131 i\u015f birli\u011fini te\u015fvik ediyor. M\u00fchendislerimize gelece\u011fin enerji sistemlerini tasarlayabilmeleri i\u00e7in hem \u00f6zg\u00fcrl\u00fck hem de gerekli ara\u00e7lar\u0131 sa\u011fl\u0131yoruz. Ar-Ge\u2019ye yapt\u0131\u011f\u0131m\u0131z yat\u0131r\u0131mlarla m\u00fc\u015fterilerimize g\u00fcven veren \u00e7\u00f6z\u00fcmler sunuyor, T\u00fcrkiye\u2019den d\u00fcnyaya yay\u0131lan \u00e7evre dostu teknolojilerimizle hem m\u00fchendislik kapasitemizi geli\u015ftiriyor hem de ortak gelece\u011fe katk\u0131 sa\u011fl\u0131yoruz.<\/ul>\n<\/li>\n<\/ul>\n<p>\u200b<\/p>\n<p>\u00a0<\/p>\n<p>\n<\/div><\/div><\/div><\/div><div data-bb-version=\"5.4.2\"  class=\"bt_bb_column col-xxl-6 col-xl-6 col-xs-12 col-sm-6 col-md-6 col-lg-6 bt_bb_vertical_align_top bt_bb_align_left btLazyLoadBackground bt_bb_column_background_image bt_bb_padding_normal\" style=\"background-image:url(&#039;https:\/\/batel.com.tr\/wp-content\/plugins\/bold-page-builder\/img\/blank.gif&#039;);; --column-width:6;\" data-background_image_src='https:\/\/batel.com.tr\/wp-content\/uploads\/2025\/10\/DSC01742-scaled.jpg' data-width=\"6\" data-bt-override-class=\"{}\"><div class=\"bt_bb_column_content\"><div class=\"bt_bb_column_content_inner\"><\/div><\/div><\/div><\/div><\/div><\/div><!-- cell_inner --><\/div><!-- cell --><\/div><!-- port --><\/section><section data-bb-version=\"5.4.2\" id=\"bt_bb_section69eb91b512243\" class=\"bt_bb_section bt_bb_layout_boxed_1200 bt_bb_top_spacing_normal bt_bb_bottom_spacing_normal\"  data-bt-override-class=\"{&quot;bt_bb_top_spacing_&quot;:{&quot;current_class&quot;:&quot;bt_bb_top_spacing_normal&quot;,&quot;def&quot;:&quot;normal&quot;},&quot;bt_bb_bottom_spacing_&quot;:{&quot;current_class&quot;:&quot;bt_bb_bottom_spacing_normal&quot;,&quot;def&quot;:&quot;normal&quot;}}\"><div class=\"bt_bb_port\"><div class=\"bt_bb_cell\"><div class=\"bt_bb_cell_inner\"><div class=\"bt_bb_row\"  data-bt-override-class=\"{}\"><div class=\"bt_bb_row_holder\" ><div data-bb-version=\"5.4.2\"  class=\"bt_bb_column col-xxl-6 col-xl-6 col-xs-12 col-sm-6 col-md-6 col-lg-6 bt_bb_vertical_align_top bt_bb_align_left btLazyLoadBackground bt_bb_column_background_image bt_bb_padding_normal\" style=\"background-image:url(&#039;https:\/\/batel.com.tr\/wp-content\/plugins\/bold-page-builder\/img\/blank.gif&#039;);; --column-width:6;\" data-background_image_src='https:\/\/batel.com.tr\/wp-content\/uploads\/2025\/10\/album1-uretim1-scaled.jpg' data-width=\"6\" data-bt-override-class=\"{}\"><div class=\"bt_bb_column_content\"><div class=\"bt_bb_column_content_inner\"><\/div><\/div><\/div><div data-bb-version=\"4.9.1\"  class=\"bt_bb_column col-xxl-6 col-xl-6 col-xs-12 col-sm-6 col-md-6 col-lg-6 bt_bb_vertical_align_top bt_bb_align_left bt_bb_padding_normal\" style=\"; --column-width:6;\" data-width=\"6\" data-bt-override-class=\"{}\"><div class=\"bt_bb_column_content\"><div class=\"bt_bb_column_content_inner\"><div data-bb-version=\"4.9.1\"  class=\"bt_bb_text\" ><\/p>\n<p>\u00a0<\/p>\n<p>\u00a0<\/p>\n<p>\u00a0<\/p>\n<p>\u00a0<\/p>\n<p style=\"color: #000000;font-weight: 400\">2024 y\u0131l\u0131nda, elektrik da\u011f\u0131t\u0131m sistemlerinde daha g\u00fcvenli ve \u00e7evreci \u00e7\u00f6z\u00fcmler geli\u015ftirmek i\u00e7in 2,5 milyon dolarl\u0131k Ar-Ge yat\u0131r\u0131m\u0131 yapt\u0131k.<\/p>\n<p style=\"color: #000000;font-weight: 400\">Bu yat\u0131r\u0131mla birlikte, d\u00fcnyada say\u0131l\u0131 \u00fcreticiden biri oldu\u011fumuz<br \/><b> <a style=\"color: #000000;text-decoration: none\" href=\"https:\/\/batel.com.tr\/en\/urunler\/sf6-icermeyen\/\">SF6 \u0130\u00e7ermeyen Vakumlu Y\u00fck Ay\u0131r\u0131c\u0131 <\/a> <\/b> teknolojimizi geli\u015ftirdik.<\/p>\n<p>\u00a0<\/p>\n<p>\u00a0<\/p>\n<p>\u00a0<\/p>\n<p>\n<\/div><\/div><\/div><\/div><\/div><\/div><\/div><!-- cell_inner --><\/div><!-- cell --><\/div><!-- port --><\/section><section data-bb-version=\"5.4.2\" id=\"bt_bb_section69eb91b5128fd\" class=\"bt_bb_section bt_bb_layout_boxed_1200 bt_bb_top_spacing_normal bt_bb_bottom_spacing_normal\"  data-bt-override-class=\"{&quot;bt_bb_top_spacing_&quot;:{&quot;current_class&quot;:&quot;bt_bb_top_spacing_normal&quot;,&quot;def&quot;:&quot;normal&quot;},&quot;bt_bb_bottom_spacing_&quot;:{&quot;current_class&quot;:&quot;bt_bb_bottom_spacing_normal&quot;,&quot;def&quot;:&quot;normal&quot;}}\"><div class=\"bt_bb_port\"><div class=\"bt_bb_cell\"><div class=\"bt_bb_cell_inner\"><div class=\"bt_bb_row\"  data-bt-override-class=\"{}\"><div class=\"bt_bb_row_holder\" ><div data-bb-version=\"4.9.1\"  class=\"bt_bb_column col-xxl-6 col-xl-6 col-xs-12 col-sm-6 col-md-6 col-lg-6 bt_bb_vertical_align_top bt_bb_align_left bt_bb_padding_normal\" style=\"; --column-width:6;\" data-width=\"6\" data-bt-override-class=\"{}\"><div class=\"bt_bb_column_content\"><div class=\"bt_bb_column_content_inner\"><div data-bb-version=\"4.9.1\"  class=\"bt_bb_text\" ><\/p>\n<p>\u00a0<\/p>\n<p>\u00a0<\/p>\n<p>\u00a0<\/p>\n<p style=\"color: #000000;font-weight: 400\"><span class=\"TextRun SCXP5787620 BCX0\"><span class=\"NormalTextRun SCXP5787620 BCX0\">Sac metal i\u015fleme ve robotik kaynak teknolojileri ise \u00fcretim s\u00fcre\u00e7lerimizde hem \u00fcst\u00fcn hassasiyet hem de y\u00fcksek verimlilik getiriyor.<\/span><\/span><\/p>\n<p>\u00a0<\/p>\n<p>\u00a0<\/p>\n<p>\u00a0<\/p>\n<p>\u00a0<\/p>\n<p>\u00a0<\/p>\n<p>\n<\/div><\/div><\/div><\/div><div data-bb-version=\"5.4.2\"  class=\"bt_bb_column col-xxl-6 col-xl-6 col-xs-12 col-sm-6 col-md-6 col-lg-6 bt_bb_vertical_align_top bt_bb_align_left btLazyLoadBackground bt_bb_column_background_image bt_bb_padding_normal\" style=\"background-image:url(&#039;https:\/\/batel.com.tr\/wp-content\/plugins\/bold-page-builder\/img\/blank.gif&#039;);; --column-width:6;\" data-background_image_src='https:\/\/batel.com.tr\/wp-content\/uploads\/2025\/10\/album1-uretim2-scaled.jpg' data-width=\"6\" data-bt-override-class=\"{}\"><div class=\"bt_bb_column_content\"><div class=\"bt_bb_column_content_inner\"><\/div><\/div><\/div><\/div><\/div><\/div><!-- cell_inner --><\/div><!-- cell --><\/div><!-- port --><\/section><section data-bb-version=\"5.4.2\" id=\"bt_bb_section69eb91b513039\" class=\"bt_bb_section bt_bb_layout_boxed_1200 bt_bb_top_spacing_normal bt_bb_bottom_spacing_normal\"  data-bt-override-class=\"{&quot;bt_bb_top_spacing_&quot;:{&quot;current_class&quot;:&quot;bt_bb_top_spacing_normal&quot;,&quot;def&quot;:&quot;normal&quot;},&quot;bt_bb_bottom_spacing_&quot;:{&quot;current_class&quot;:&quot;bt_bb_bottom_spacing_normal&quot;,&quot;def&quot;:&quot;normal&quot;}}\"><div class=\"bt_bb_port\"><div class=\"bt_bb_cell\"><div class=\"bt_bb_cell_inner\"><div class=\"bt_bb_row\"  data-bt-override-class=\"{}\"><div class=\"bt_bb_row_holder\" ><div data-bb-version=\"5.4.2\"  class=\"bt_bb_column col-xxl-6 col-xl-6 col-xs-12 col-sm-6 col-md-6 col-lg-6 bt_bb_vertical_align_top bt_bb_align_left btLazyLoadBackground bt_bb_column_background_image bt_bb_padding_normal\" style=\"background-image:url(&#039;https:\/\/batel.com.tr\/wp-content\/plugins\/bold-page-builder\/img\/blank.gif&#039;);; --column-width:6;\" data-background_image_src='https:\/\/batel.com.tr\/wp-content\/uploads\/2025\/10\/album1-uretim7-scaled.jpg' data-width=\"6\" data-bt-override-class=\"{}\"><div class=\"bt_bb_column_content\"><div class=\"bt_bb_column_content_inner\"><\/div><\/div><\/div><div data-bb-version=\"4.9.1\"  class=\"bt_bb_column col-xxl-6 col-xl-6 col-xs-12 col-sm-6 col-md-6 col-lg-6 bt_bb_vertical_align_top bt_bb_align_left bt_bb_padding_normal\" style=\"; --column-width:6;\" data-width=\"6\" data-bt-override-class=\"{}\"><div class=\"bt_bb_column_content\"><div class=\"bt_bb_column_content_inner\"><div data-bb-version=\"4.9.1\"  class=\"bt_bb_text\" ><\/p>\n<p>\u00a0<\/p>\n<p>\u00a0<\/p>\n<p>\u00a0<\/p>\n<p style=\"color: #000000;font-weight: 400\">Batel, harici ve dahili tip epoksi re\u00e7inenin APG reaktif enjeksiyon d\u00f6k\u00fcm\u00fcn\u00fc ger\u00e7ekle\u015ftirmektedir. Bu entegre s\u00fcre\u00e7, y\u00fcksek hassasiyet, dayan\u0131kl\u0131l\u0131k ve verimlilik sa\u011flayarak \u00fcr\u00fcnlerimizin kalitesini uluslararas\u0131 standartlar\u0131n \u00fczerine ta\u015f\u0131maktad\u0131r.\u200b<\/p>\n<p data-ccp-props=\"{\">\u200b<\/p>\n<p data-ccp-props=\"{\">\u00a0<\/p>\n<p data-ccp-props=\"{\">\u00a0<\/p>\n<p>\n<\/div><\/div><\/div><\/div><\/div><\/div><\/div><!-- cell_inner --><\/div><!-- cell --><\/div><!-- port --><\/section><section data-bb-version=\"5.4.2\" id=\"bt_bb_section69eb91b513adc\" class=\"bt_bb_section bt_bb_layout_boxed_1200 bt_bb_top_spacing_normal bt_bb_bottom_spacing_normal\"  data-bt-override-class=\"{&quot;bt_bb_top_spacing_&quot;:{&quot;current_class&quot;:&quot;bt_bb_top_spacing_normal&quot;,&quot;def&quot;:&quot;normal&quot;},&quot;bt_bb_bottom_spacing_&quot;:{&quot;current_class&quot;:&quot;bt_bb_bottom_spacing_normal&quot;,&quot;def&quot;:&quot;normal&quot;}}\"><div class=\"bt_bb_port\"><div class=\"bt_bb_cell\"><div class=\"bt_bb_cell_inner\"><div class=\"bt_bb_row\"  data-bt-override-class=\"{}\"><div class=\"bt_bb_row_holder\" ><div data-bb-version=\"4.9.1\"  class=\"bt_bb_column col-xxl-6 col-xl-6 col-xs-12 col-sm-6 col-md-6 col-lg-6 bt_bb_vertical_align_top bt_bb_align_left bt_bb_padding_normal\" style=\"; --column-width:6;\" data-width=\"6\" data-bt-override-class=\"{}\"><div class=\"bt_bb_column_content\"><div class=\"bt_bb_column_content_inner\"><div data-bb-version=\"4.9.1\"  class=\"bt_bb_text\" ><\/p>\n<p>\u00a0<\/p>\n<p>\u00a0<\/p>\n<p>\u00a0<\/p>\n<p style=\"color: #000000;font-weight: 400\"><span class=\"TextRun SCXP1934830 BCX0\"><span class=\"NormalTextRun SCXP1934830 BCX0\">Ayr\u0131ca epoksi kal\u0131p \u00fcretimi i\u00e7in kulland\u0131\u011f\u0131m\u0131z CAM ve CNC i\u015fleme teknolojileri, y\u00fcksek hassasiyetli par\u00e7alar \u00fcretmemize ve \u00fcretim kalitemizi s\u00fcrekli art\u0131rmam\u0131za imk\u00e2n tan\u0131yor.<\/span><\/span><\/p>\n<p>\u00a0<\/p>\n<p>\u00a0<\/p>\n<p>\u00a0<\/p>\n<p style=\"color: #000000;font-weight: 400\"><span class=\"EOP SCXP1934830 BCX0\">\u200b<\/span><\/p>\n<p>\n<\/div><\/div><\/div><\/div><div data-bb-version=\"5.4.2\"  class=\"bt_bb_column col-xxl-6 col-xl-6 col-xs-12 col-sm-6 col-md-6 col-lg-6 bt_bb_vertical_align_top bt_bb_align_left btLazyLoadBackground bt_bb_column_background_image bt_bb_padding_normal\" style=\"background-image:url(&#039;https:\/\/batel.com.tr\/wp-content\/plugins\/bold-page-builder\/img\/blank.gif&#039;);; --column-width:6;\" data-background_image_src='https:\/\/batel.com.tr\/wp-content\/uploads\/2025\/10\/album1-uretim4-scaled.jpg' data-width=\"6\" data-bt-override-class=\"{}\"><div class=\"bt_bb_column_content\"><div class=\"bt_bb_column_content_inner\"><\/div><\/div><\/div><\/div><\/div><\/div><!-- cell_inner --><\/div><!-- cell --><\/div><!-- port --><\/section><section data-bb-version=\"5.4.2\" id=\"bt_bb_section69eb91b514440\" class=\"bt_bb_section bt_bb_layout_boxed_1200 bt_bb_top_spacing_normal bt_bb_bottom_spacing_normal\"  data-bt-override-class=\"{&quot;bt_bb_top_spacing_&quot;:{&quot;current_class&quot;:&quot;bt_bb_top_spacing_normal&quot;,&quot;def&quot;:&quot;normal&quot;},&quot;bt_bb_bottom_spacing_&quot;:{&quot;current_class&quot;:&quot;bt_bb_bottom_spacing_normal&quot;,&quot;def&quot;:&quot;normal&quot;}}\"><div class=\"bt_bb_port\"><div class=\"bt_bb_cell\"><div class=\"bt_bb_cell_inner\"><div class=\"bt_bb_row\"  data-bt-override-class=\"{}\"><div class=\"bt_bb_row_holder\" ><div data-bb-version=\"5.4.2\"  class=\"bt_bb_column col-xxl-6 col-xl-6 col-xs-12 col-sm-6 col-md-6 col-lg-6 bt_bb_vertical_align_top bt_bb_align_left btLazyLoadBackground bt_bb_column_background_image bt_bb_padding_normal\" style=\"background-image:url(&#039;https:\/\/batel.com.tr\/wp-content\/plugins\/bold-page-builder\/img\/blank.gif&#039;);; --column-width:6;\" data-background_image_src='https:\/\/batel.com.tr\/wp-content\/uploads\/2025\/10\/DSC02217-scaled.jpg' data-width=\"6\" data-bt-override-class=\"{}\"><div class=\"bt_bb_column_content\"><div class=\"bt_bb_column_content_inner\"><\/div><\/div><\/div><div data-bb-version=\"4.9.1\"  class=\"bt_bb_column col-xxl-6 col-xl-6 col-xs-12 col-sm-6 col-md-6 col-lg-6 bt_bb_vertical_align_top bt_bb_align_left bt_bb_padding_normal\" style=\"; --column-width:6;\" data-width=\"6\" data-bt-override-class=\"{}\"><div class=\"bt_bb_column_content\"><div class=\"bt_bb_column_content_inner\"><div data-bb-version=\"4.9.1\"  class=\"bt_bb_text\" ><\/p>\n<p>\u00a0<\/p>\n<p>\u00a0<\/p>\n<p>\u00a0<\/p>\n<p style=\"color: #000000;font-weight: 400\"><span class=\"TextRun SCXP40719732 BCX0\"><span class=\"NormalTextRun SCXP40719732 BCX0\">Elektronik sistem tasar\u0131m\u0131 ve analiz kabiliyetlerimiz, \u00fcr\u00fcnlerimizi modern \u015febeke ihtiya\u00e7lar\u0131na tam uyumlu hale getiriyor.<\/span><\/span><\/p>\n<p>\u00a0<\/p>\n<p>\u00a0<\/p>\n<p>\u00a0<\/p>\n<p>\u00a0<\/p>\n<p>\n<\/div><\/div><\/div><\/div><\/div><\/div><\/div><!-- cell_inner --><\/div><!-- cell --><\/div><!-- port --><\/section><section data-bb-version=\"5.4.2\" id=\"bt_bb_section69eb91b514d15\" class=\"bt_bb_section bt_bb_layout_boxed_1200 bt_bb_bottom_spacing_medium\"  data-bt-override-class=\"{&quot;bt_bb_bottom_spacing_&quot;:{&quot;current_class&quot;:&quot;bt_bb_bottom_spacing_medium&quot;,&quot;def&quot;:&quot;medium&quot;}}\"><div class=\"bt_bb_port\"><div class=\"bt_bb_cell\"><div class=\"bt_bb_cell_inner\"><div class=\"bt_bb_row\"  data-bt-override-class=\"{}\"><div class=\"bt_bb_row_holder\" ><div data-bb-version=\"4.9.1\"  class=\"bt_bb_column col-xxl-6 col-xl-6 col-xs-12 col-sm-6 col-md-6 col-lg-6 bt_bb_vertical_align_top bt_bb_align_left bt_bb_padding_normal\" style=\"; --column-width:6;\" data-width=\"6\" data-bt-override-class=\"{}\"><div class=\"bt_bb_column_content\"><div class=\"bt_bb_column_content_inner\"><div data-bb-version=\"4.9.1\"  class=\"bt_bb_text\" ><\/p>\n<p><b>BYDP (<\/b><b>Batel<\/b><b> Ye\u015fil D\u00f6n\u00fc\u015f\u00fcm Program\u0131)<\/b>\u200b<\/p>\n<ul style=\"font-weight: 400;color: #000000\">\nBATEL\u2019de t\u00fcm Ar-Ge \u00e7al\u0131\u015fmalar\u0131m\u0131z\u0131 Batel Ye\u015fil D\u00f6n\u00fc\u015f\u00fcm Program\u0131 (BYDP) \u00e7at\u0131s\u0131 alt\u0131nda topluyoruz.\u200b<\/p>\n<p>Geli\u015fimin sadece yeni teknoloji \u00fcretmekten de\u011fil, kaynaklar\u0131 verimli kullan\u0131p \u00e7evresel etkimizi en aza indirerek insanl\u0131\u011fa hizmet etmekten ge\u00e7ti\u011fini biliyoruz.\u200b<\/p>\n<p>Bu kapsamda hammaddeleri ak\u0131ll\u0131ca kullan\u0131yor, daha dayan\u0131kl\u0131 ve uzun \u00f6m\u00fcrl\u00fc \u00e7\u00f6z\u00fcmler geli\u015ftiriyoruz. B\u00f6ylece hem enerji sekt\u00f6r\u00fcne ekonomik katk\u0131 sa\u011fl\u0131yor hem de s\u00fcrd\u00fcr\u00fclebilir bir gelece\u011fe yat\u0131r\u0131m yap\u0131yoruz.\u200b<\/p>\n<p>Her projemizi k\u00fcresel trendler ve iklim hedeflerini dikkate alarak, BATEL Stratejik Teknoloji Yol Haritas\u0131 do\u011frultusunda planl\u0131yoruz.\u200b<\/p>\n<p>\n<\/div><\/div><\/div><\/div><div data-bb-version=\"5.4.2\"  class=\"bt_bb_column col-xxl-6 col-xl-6 col-xs-12 col-sm-6 col-md-6 col-lg-6 bt_bb_vertical_align_top bt_bb_align_left btLazyLoadBackground bt_bb_column_background_image bt_bb_padding_normal\" style=\"background-image:url(&#039;https:\/\/batel.com.tr\/wp-content\/plugins\/bold-page-builder\/img\/blank.gif&#039;);; --column-width:6;\" data-background_image_src='https:\/\/batel.com.tr\/wp-content\/uploads\/2025\/10\/image004.jpg' data-width=\"6\" data-bt-override-class=\"{}\"><div class=\"bt_bb_column_content\"><div class=\"bt_bb_column_content_inner\"><\/div><\/div><\/div><\/div><\/div><\/div><!-- cell_inner --><\/div><!-- cell --><\/div><!-- port --><\/section><\/p>","protected":false},"excerpt":{"rendered":"<p>Quickly communicate enabled technology and turnkey leadership skills. Uniquely enable accurate supply chains rather than frictionless technology. Globally network focused materials vis-a-vis cost effective products.<\/p>","protected":false},"author":2,"featured_media":582,"parent":0,"menu_order":0,"comment_status":"closed","ping_status":"closed","template":"","meta":{"footnotes":""},"class_list":["post-510","page","type-page","status-publish","has-post-thumbnail","hentry"],"_links":{"self":[{"href":"https:\/\/batel.com.tr\/en\/wp-json\/wp\/v2\/pages\/510","targetHints":{"allow":["GET"]}}],"collection":[{"href":"https:\/\/batel.com.tr\/en\/wp-json\/wp\/v2\/pages"}],"about":[{"href":"https:\/\/batel.com.tr\/en\/wp-json\/wp\/v2\/types\/page"}],"author":[{"embeddable":true,"href":"https:\/\/batel.com.tr\/en\/wp-json\/wp\/v2\/users\/2"}],"replies":[{"embeddable":true,"href":"https:\/\/batel.com.tr\/en\/wp-json\/wp\/v2\/comments?post=510"}],"version-history":[{"count":22,"href":"https:\/\/batel.com.tr\/en\/wp-json\/wp\/v2\/pages\/510\/revisions"}],"predecessor-version":[{"id":2447,"href":"https:\/\/batel.com.tr\/en\/wp-json\/wp\/v2\/pages\/510\/revisions\/2447"}],"wp:featuredmedia":[{"embeddable":true,"href":"https:\/\/batel.com.tr\/en\/wp-json\/wp\/v2\/media\/582"}],"wp:attachment":[{"href":"https:\/\/batel.com.tr\/en\/wp-json\/wp\/v2\/media?parent=510"}],"curies":[{"name":"wp","href":"https:\/\/api.w.org\/{rel}","templated":true}]}}