{"id":2141,"date":"2025-10-19T17:13:26","date_gmt":"2025-10-19T14:13:26","guid":{"rendered":"https:\/\/batel.com.tr\/?page_id=2141"},"modified":"2025-10-22T22:25:21","modified_gmt":"2025-10-22T19:25:21","slug":"urunler","status":"publish","type":"page","link":"https:\/\/batel.com.tr\/en\/urunler\/","title":{"rendered":"PRODUCTS"},"content":{"rendered":"<section data-bb-version=\"5.4.2\" id=\"bt_bb_section69eb91acbaf7e\" class=\"bt_bb_section bt_bb_layout_boxed_1500 bt_bb_bottom_spacing_large\"  data-bt-override-class=\"{&quot;bt_bb_bottom_spacing_&quot;:{&quot;current_class&quot;:&quot;bt_bb_bottom_spacing_large&quot;,&quot;def&quot;:&quot;large&quot;}}\"><div class=\"bt_bb_port\"><div class=\"bt_bb_cell\"><div class=\"bt_bb_cell_inner\"><div class=\"bt_bb_row \"  data-bt-override-class=\"{}\"><div class=\"bt_bb_row_holder\" ><div data-bb-version=\"4.9.1\"  class=\"bt_bb_column col-xxl-12 col-xl-12 col-xs-12 col-sm-12 col-md-12 col-lg-12 bt_bb_vertical_align_top bt_bb_align_left bt_bb_padding_normal\" style=\"; --column-width:12;\" data-width=\"12\" data-bt-override-class=\"{}\"><div class=\"bt_bb_column_content\"><div class=\"bt_bb_column_content_inner\"><div data-bb-version=\"5.4.2\" class=\"bt_bb_raw_content\"><div class=\"all-products-page\">\n  <style>\n    body { font-family: Montserrat, sans-serif; margin:0; padding:0; }\n    .container { max-width:1200px; margin:60px auto 10px auto; padding:0 20px; }\n\n    .product-list { display:grid; grid-template-columns:repeat(auto-fill,minmax(250px,1fr)); gap:30px; transition: all 0.5s ease; }\n    .product-box { border-radius:1px; overflow:hidden; box-shadow:0 4px 16px rgba(0,0,0,0.15); cursor:pointer; transition:transform 0.3s, opacity 0.3s; }\n    .product-box:hover { transform:scale(1.03); }\n    .product-box img { width:100%; height:200px; object-fit:cover; }\n    .product-box h4 { margin:0; padding:10px; background:#1d76c4; color:white; text-align:center; font-size:16px; }\n\n    .product-detail-container { display:none; flex-wrap: wrap; gap:20px; margin-top:40px; transition: opacity 0.5s ease; }\n    .product-main { flex:1 1 65%; display:flex; flex-direction:column; gap:20px; }\n    .product-image img { width:100%; max-width:400px; border-radius:1px; }\n    .product-title { color:#1d76c4; font-size:28px; margin-bottom:10px; }\n    .product-short-desc { font-size:16px; margin-bottom:15px; }\n    .product-files { display:flex; gap:15px; margin:10px 0; align-items:center; flex-wrap:wrap; }\n    .file-btn { display:inline-block; padding:10px 20px; background-color:#1d76c4; color:#fff; border-radius:1px; text-decoration:none; font-weight:500; transition: background 0.3s; }\n    .file-btn:hover { background-color:#155a96; }\n\n    .product-categories { flex:1 1 30%; background:#f7f7f7; padding:15px; border-radius:1px; height:fit-content; margin-bottom:20px; }\n    .product-categories h3 { color:#1d76c4; }\n    .product-categories ul { list-style:none; padding:0; }\n    .product-categories li { margin-bottom:10px; }\n    .product-categories a { text-decoration:none; color:#1d76c4; cursor:pointer; }\n    .product-categories a:hover { text-decoration:underline; }\n\n    .product-tabs { width:100%; margin-top:20px; }\n    .tab-buttons { display:flex; list-style:none; padding:0; border-bottom:2px solid #ddd; flex-wrap:wrap; }\n    .tab-buttons li { padding:10px 20px; cursor:pointer; margin-right:5px; background:#eee; border-radius:1px 5px 0 0; }\n    .tab-buttons li.active { background:#1d76c4; color:#fff; }\n    .tab-content { display:none; padding:20px; border:1px solid #ddd; border-top:none; background:#fff; }\n    .tab-content.active { display:block; }\n\n    .product-specs { width:100%; border-collapse:collapse; margin-top:10px; }\n    .product-specs th, .product-specs td { border:1px solid #ddd; padding:8px; }\n    .product-specs th { background-color:#f1f1f1; color:#1d76c4; text-align:left; }\n\n    .back-btn { padding:6px 12px; font-size:14px; background:#1d76c4; color:#fff; border:none; border-radius:1px; cursor:pointer; margin-bottom:15px; width:fit-content; }\n    .back-btn:hover { background:#155a96; }\n\n    @media(max-width:768px){\n      .product-list { grid-template-columns:1fr; }\n      .product-main { flex-direction:column; }\n      .product-categories { width:100%; }\n    }\n\n    \/* Popup *\/\n    .manual-modal {\n      display:none; position:fixed; z-index:9999; left:0; top:0; width:100%; height:100%;\n      background:rgba(0,0,0,0.6); justify-content:center; align-items:center;\n    }\n    .manual-modal-content {\n      background:#fff; padding:30px; border-radius:8px; max-width:500px; width:90%; position:relative;\n      animation:fadeIn 0.3s ease-in-out;\n    }\n    .manual-close { position:absolute; right:15px; top:10px; font-size:24px; cursor:pointer; color:#555; }\n    .manual-modal-content h2 { color:#1d76c4; margin-bottom:10px; }\n    .manual-modal-content form { display:flex; flex-direction:column; gap:10px; }\n    .manual-modal-content input, select { padding:8px; border:1px solid #ccc; border-radius:4px; font-size:14px; }\n    .manual-submit { background:#1d76c4; color:#fff; border:none; padding:10px; border-radius:4px; cursor:pointer; transition:background 0.3s; }\n    .manual-submit:hover { background:#155a96; }\n    @keyframes fadeIn { from{opacity:0;transform:translateY(-10px);} to{opacity:1;transform:translateY(0);} }\n  <\/style>\n\n  <div class=\"container\">\n    <div class=\"product-list\"><\/div>\n\n    <div class=\"product-detail-container\">\n      <div class=\"product-main\">\n        <button class=\"back-btn\">\u2190 Geri D\u00f6n<\/button>\n        <div class=\"product-image\"><img decoding=\"async\" src=\"\" alt=\"\u00dcr\u00fcn G\u00f6rseli\" class=\"product-img\"><\/div>\n        <div class=\"product-info\">\n          <h1 class=\"product-title\"><\/h1>\n          <p class=\"product-short-desc\"><\/p>\n        <\/div>\n        <div class=\"product-files\"><\/div>\n      <\/div>\n\n      <aside class=\"product-categories\">\n        <h3>Kategoriler<\/h3>\n        <ul><\/ul>\n      <\/aside>\n\n      <div class=\"product-tabs\">\n        <ul class=\"tab-buttons\">\n          <li class=\"active\" data-tab=\"tab1\">Teknik Bilgiler<\/li>\n          <li data-tab=\"tab2\">Katalog<\/li>\n          <li data-tab=\"tab3\">DWG<\/li>\n          <li data-tab=\"tab4\">Kullan\u0131m Alanlar\u0131<\/li>\n        <\/ul>\n        <div class=\"tab-content active\" id=\"tab1\"><\/div>\n        <div class=\"tab-content\" id=\"tab2\"><\/div>\n        <div class=\"tab-content\" id=\"tab3\"><\/div>\n        <div class=\"tab-content\" id=\"tab4\"><\/div>\n      <\/div>\n    <\/div>\n  <\/div>\n<\/div>\n\n<div id=\"manualFormModal\" class=\"manual-modal\">\n  <div class=\"manual-modal-content\">\n    <span class=\"manual-close\">\u00d7<\/span>\n    <h2>Kullan\u0131m K\u0131lavuzu Talep Formu<\/h2>\n    <form id=\"manualForm\">\n      <label>Ad\u0131 Soyad\u0131*<\/label><input type=\"text\" name=\"fullname\" required>\n      <label>E-posta Adresi*<\/label><input type=\"email\" name=\"email\" required>\n      <label>Firma \/ Kurum*<\/label><input type=\"text\" name=\"company\" required>\n      <label>Pozisyon \/ \u00dcnvan*<\/label><input type=\"text\" name=\"position\" required>\n      <label>Kurum T\u00fcr\u00fc \/ Sekt\u00f6r*<\/label>\n      <select name=\"sector\" required>\n        <option value=\"\">Se\u00e7iniz<\/option>\n        <option>\u00d6zel \u015eirket<\/option>\n        <option>Kamu Kurumu<\/option>\n        <option>\u00dcniversite \/ Akademi<\/option>\n        <option>Distrib\u00fct\u00f6r \/ Tedarik\u00e7i<\/option>\n        <option>Di\u011fer<\/option>\n      <\/select>\n      <label>Di\u011fer (opsiyonel)<\/label><input type=\"text\" name=\"other\">\n      <button type=\"submit\" class=\"manual-submit\">G\u00f6nder<\/button>\n    <\/form>\n    <p id=\"manualResult\" style=\"margin-top:10px;\"><\/p>\n  <\/div>\n<\/div>\n\n<script>\nconst products = [\n  {\n    title: \"Auto-Sectionalizer 36kV\u2019a Kadar\",\n    img: \"https:\/\/batel.com.tr\/wp-content\/uploads\/2025\/10\/AutoSection-scaled.jpg\",\n    shortDesc: \"Auto-Sectionalizer a\u00e7\u0131klamas\u0131...\",\n    specs: [{ name: \"Gerilim\", value: \"36 kV\" }],\n    files: [{ name: \"Katalog\", link: \"https:\/\/batel.com.tr\/wp-content\/uploads\/2025\/10\/AutoSection_Katalog.pdf\" }],\n    tab2: \"Katalog Auto-Sectionalizer\",\n    tab3: \"DWG Auto-Sectionalizer\",\n    tab4: \"Kullan\u0131m Alan\u0131 Auto-Sectionalizer\"\n  },\n  {\n    title: \"Auto-Recloser\",\n    img: \"https:\/\/batel.com.tr\/wp-content\/uploads\/2025\/10\/AutoRecloser-scaled.jpg\",\n    shortDesc: \"Auto-Recloser a\u00e7\u0131klamas\u0131...\",\n    specs: [{ name: \"Gerilim\", value: \"36 kV\" }],\n    files: [{ name: \"Katalog\", link: \"https:\/\/batel.com.tr\/wp-content\/uploads\/2025\/10\/AutoRecloser_Katalog.pdf\" }],\n    tab2: \"Katalog Auto-Recloser\",\n    tab3: \"DWG Auto-Recloser\",\n    tab4: \"Kullan\u0131m Alan\u0131 Auto-Recloser\"\n  },\n  {\n    title: \"SF6 Gazl\u0131 RMU Sigortal\u0131 Trafo Mod\u00fcl\u00fc\",\n    img: \"https:\/\/batel.com.tr\/wp-content\/uploads\/2025\/10\/Sigortal\u0131Trafo-scaled.jpg\",\n    shortDesc: \"Sigortal\u0131 trafo mod\u00fcl\u00fc a\u00e7\u0131klamas\u0131...\",\n    specs: [{ name: \"Gerilim\", value: \"36 kV\" }],\n    files: [{ name: \"Katalog\", link: \"https:\/\/batel.com.tr\/wp-content\/uploads\/2025\/10\/Sigortal\u0131Trafo_Katalog.pdf\" }],\n    tab2: \"Katalog Trafo Mod\u00fcl\",\n    tab3: \"DWG Trafo Mod\u00fcl\",\n    tab4: \"Kullan\u0131m Alan\u0131 Trafo Mod\u00fcl\"\n  },\n  {\n    title: \"SF6-Free Hava \u0130zoleli Metal Mahfazal\u0131 H\u00fccre\",\n    img: \"https:\/\/batel.com.tr\/wp-content\/uploads\/2025\/10\/SF6-scaled.png\",\n    shortDesc: \"SF6-Free h\u00fccre a\u00e7\u0131klamas\u0131...\",\n    specs: [{ name: \"Gerilim\", value: \"24 kV\" }],\n    files: [{ name: \"Katalog\", link: \"https:\/\/batel.com.tr\/wp-content\/uploads\/2025\/10\/SF6-Free_Katalog.pdf\" }],\n    tab2: \"Katalog SF6-Free\",\n    tab3: \"DWG SF6-Free\",\n    tab4: \"Kullan\u0131m Alan\u0131 SF6-Free\"\n  },\n  {\n    title: \"SF6 Gazl\u0131 RMU Kompakt H\u00fccre\",\n    img: \"https:\/\/batel.com.tr\/wp-content\/uploads\/2025\/10\/SF6GazliRmu-scaled.jpg\",\n    shortDesc: \"RMU kompakt h\u00fccre a\u00e7\u0131klamas\u0131...\",\n    specs: [{ name: \"Gerilim\", value: \"36 kV\" }],\n    files: [{ name: \"Katalog\", link: \"https:\/\/batel.com.tr\/wp-content\/uploads\/2025\/10\/SF6GazliRmu_Katalog.pdf\" }],\n    tab2: \"Katalog RMU Kompakt\",\n    tab3: \"DWG RMU Kompakt\",\n    tab4: \"Kullan\u0131m Alan\u0131 RMU Kompakt\"\n  },\n  {\n    title: \"Yandan Mekanizmal\u0131 Vakum Kesici 36kV\u2019a Kadar\",\n    img: \"https:\/\/batel.com.tr\/wp-content\/uploads\/2025\/10\/YandanMekanizmali-scaled.jpg\",\n    shortDesc: \"Yandan mekanizmal\u0131 kesici a\u00e7\u0131klamas\u0131...\",\n    specs: [{ name: \"Gerilim\", value: \"36 kV\" }],\n    files: [{ name: \"Katalog\", link: \"https:\/\/batel.com.tr\/wp-content\/uploads\/2025\/10\/YandanMekanizmali_Katalog.pdf\" }],\n    tab2: \"Katalog Vakum Kesici\",\n    tab3: \"DWG Vakum Kesici\",\n    tab4: \"Kullan\u0131m Alan\u0131 Vakum Kesici\"\n  },\n  {\n    title: \"\u00d6nden Mekanizmal\u0131 Vakum Kesici 36kV\u2019a Kadar\",\n    img: \"https:\/\/batel.com.tr\/wp-content\/uploads\/2025\/10\/OndenMekanizmali-scaled.jpg\",\n    shortDesc: \"\u00d6nden mekanizmal\u0131 kesici a\u00e7\u0131klamas\u0131...\",\n    specs: [{ name: \"Gerilim\", value: \"36 kV\" }],\n    files: [{ name: \"Katalog\", link: \"https:\/\/batel.com.tr\/wp-content\/uploads\/2025\/10\/OndenMekanizmali_Katalog.pdf\" }],\n    tab2: \"Katalog \u00d6nden Vakum\",\n    tab3: \"DWG \u00d6nden Vakum\",\n    tab4: \"Kullan\u0131m Alan\u0131 \u00d6nden Vakum\"\n  },\n  {\n    title: \"Hava \u0130zoleli Metal Mahfazal\u0131 H\u00fccre\",\n    img: \"https:\/\/via.placeholder.com\/400x400?text=Hava+\u0130zoleli+Metal+Mahfazal\u0131+H\u00fccre\",\n    shortDesc: \"Hava izoleli h\u00fccre a\u00e7\u0131klamas\u0131...\",\n    specs: [{ name: \"Gerilim\", value: \"36 kV\" }],\n    files: [{ name: \"Katalog\", link: \"https:\/\/via.placeholder.com\/400x400?text=Hava+\u0130zoleli+Katalog\" }],\n    tab2: \"Katalog Hava \u0130zoleli\",\n    tab3: \"DWG Hava \u0130zoleli\",\n    tab4: \"Kullan\u0131m Alan\u0131 Hava \u0130zoleli\"\n  },\n  {\n    title: \"SF6 Gazl\u0131 RMU Giri\u015f Mod\u00fcl\u00fc\",\n    img: \"https:\/\/via.placeholder.com\/400x400?text=SF6+Gazl\u0131+RMU+Giri\u015f+Mod\u00fcl\u00fc\",\n    shortDesc: \"Giri\u015f mod\u00fcl\u00fc a\u00e7\u0131klamas\u0131...\",\n    specs: [{ name: \"Gerilim\", value: \"36 kV\" }],\n    files: [{ name: \"Katalog\", link: \"https:\/\/via.placeholder.com\/400x400?text=Giri\u015f+Mod\u00fcl+Katalog\" }],\n    tab2: \"Katalog Giri\u015f Mod\u00fcl\",\n    tab3: \"DWG Giri\u015f Mod\u00fcl\",\n    tab4: \"Kullan\u0131m Alan\u0131 Giri\u015f Mod\u00fcl\"\n  },\n  {\n    title: \"SF6 Gazl\u0131 Ay\u0131r\u0131c\u0131 40,5kV\u2019a Kadar\",\n    img: \"https:\/\/via.placeholder.com\/400x400?text=SF6+Gazl\u0131+Ay\u0131r\u0131c\u0131+40,5kV\",\n    shortDesc: \"SF6 gazl\u0131 ay\u0131r\u0131c\u0131 a\u00e7\u0131klamas\u0131...\",\n    specs: [{ name: \"Gerilim\", value: \"40.5 kV\" }],\n    files: [{ name: \"Katalog\", link: \"https:\/\/via.placeholder.com\/400x400?text=Ay\u0131r\u0131c\u0131+Katalog\" }],\n    tab2: \"Katalog Ay\u0131r\u0131c\u0131\",\n    tab3: \"DWG Ay\u0131r\u0131c\u0131\",\n    tab4: \"Kullan\u0131m Alan\u0131 Ay\u0131r\u0131c\u0131\"\n  },\n  {\n    title: \"SF6 Gazl\u0131 Y\u00fck Ay\u0131r\u0131c\u0131 40,5kV\u2019a Kadar\",\n    img: \"https:\/\/via.placeholder.com\/400x400?text=SF6+Gazl\u0131+Y\u00fck+Ay\u0131r\u0131c\u0131+40,5kV\",\n    shortDesc: \"Y\u00fck ay\u0131r\u0131c\u0131 a\u00e7\u0131klamas\u0131...\",\n    specs: [{ name: \"Gerilim\", value: \"40.5 kV\" }],\n    files: [{ name: \"Katalog\", link: \"https:\/\/via.placeholder.com\/400x400?text=Y\u00fck+Ay\u0131r\u0131c\u0131+Katalog\" }],\n    tab2: \"Katalog Y\u00fck Ay\u0131r\u0131c\u0131\",\n    tab3: \"DWG Y\u00fck Ay\u0131r\u0131c\u0131\",\n    tab4: \"Kullan\u0131m Alan\u0131 Y\u00fck Ay\u0131r\u0131c\u0131\"\n  }\n];\n\nconst productListDiv = document.querySelector('.product-list');\nconst categoryUl = document.querySelector('.product-categories ul');\nconst manualModal = document.getElementById('manualFormModal');\nlet currentManualIndex = null;\n\n\/\/ \u00dcr\u00fcnleri listele ve kategori olu\u015ftur\nproducts.forEach((p,index)=>{\n  const box = document.createElement('div');\n  box.className='product-box';\n  box.dataset.index=index;\n  box.innerHTML=`<img decoding=\"async\" src=\"${p.img}\" alt=\"${p.title}\"><h4>${p.title}<\/h4>`;\n  productListDiv.appendChild(box);\n\n  const li = document.createElement('li');\n  li.innerHTML=`<a data-product=\"${index}\">${p.title}<\/a>`;\n  categoryUl.appendChild(li);\n\n  box.addEventListener('click',()=> loadProduct(index));\n  li.querySelector('a').addEventListener('click',()=> loadProduct(index));\n});\n\n\/\/ \u00dcr\u00fcn detay fonksiyonu\nfunction loadProduct(index){\n  const p = products[index];\n  currentManualIndex = index;\n  const detail = document.querySelector('.product-detail-container');\n  document.querySelector('.product-img').src=p.img;\n  document.querySelector('.product-title').textContent=p.title;\n  document.querySelector('.product-short-desc').textContent=p.shortDesc;\n\n  const filesDiv = document.querySelector('.product-files');\n  filesDiv.innerHTML='';\n\n  const katalogBtn = document.createElement('a');\n  katalogBtn.href=p.files[0].link;\n  katalogBtn.download='';\n  katalogBtn.textContent='Katalog';\n  katalogBtn.className='file-btn';\n  filesDiv.appendChild(katalogBtn);\n\n  const manualBtn = document.createElement('a');\n  manualBtn.href='#';\n  manualBtn.textContent='Kullan\u0131m K\u0131lavuzu';\n  manualBtn.className='file-btn';\n  manualBtn.addEventListener('click', (e)=>{\n    e.preventDefault();\n    manualModal.style.display='flex';\n  });\n  filesDiv.appendChild(manualBtn);\n\n  const table=document.createElement('table');\n  table.className='product-specs';\n  const header=document.createElement('tr');\n  header.innerHTML='<th>\u00d6zellik<\/th><th>De\u011fer<\/th>';\n  table.appendChild(header);\n  p.specs.forEach(s=>{ const row=document.createElement('tr'); row.innerHTML=`<td>${s.name}<\/td><td>${s.value}<\/td>`; table.appendChild(row); });\n  document.getElementById('tab1').innerHTML=''; document.getElementById('tab1').appendChild(table);\n  document.getElementById('tab2').textContent=p.tab2;\n  document.getElementById('tab3').textContent=p.tab3;\n  document.getElementById('tab4').textContent=p.tab4;\n\n  detail.style.display='flex';\n  detail.style.opacity=0;\n  setTimeout(()=>{ detail.style.opacity=1; },50);\n  document.querySelector('.product-list').style.opacity=0;\n  setTimeout(()=>{ document.querySelector('.product-list').style.display='none'; },300);\n}\n\n\/\/ Geri butonu\ndocument.querySelector('.back-btn').addEventListener('click',()=>{\n  const detail=document.querySelector('.product-detail-container');\n  detail.style.opacity=0;\n  setTimeout(()=>{\n    detail.style.display='none';\n    const list=document.querySelector('.product-list');\n    list.style.display='grid';\n    setTimeout(()=>{list.style.opacity=1;},50);\n  },300);\n});\n\n\/\/ Tablar\nconst tabs=document.querySelectorAll('.tab-buttons li');\nconst contents=document.querySelectorAll('.tab-content');\ntabs.forEach(tab=>{ tab.addEventListener('click',()=>{\n  tabs.forEach(t=>t.classList.remove('active'));\n  tab.classList.add('active');\n  const target=tab.dataset.tab;\n  contents.forEach(c=>c.classList.remove('active'));\n  document.getElementById(target).classList.add('active');\n}); });\n\n\/\/ Modal kapatma\ndocument.querySelector('.manual-close').addEventListener('click',()=>{ manualModal.style.display='none'; });\nwindow.onclick=function(e){ if(e.target==manualModal) manualModal.style.display='none'; }\n\n\/\/ Form g\u00f6nderimi ve otomatik indirme\ndocument.getElementById('manualForm').addEventListener('submit', function(e){\n  e.preventDefault();\n  const formData = new FormData(this);\n  fetch('\/wp-admin\/admin-ajax.php?action=send_manual_form', { method:'POST', body:formData })\n  .then(res=>res.text())\n  .then(data=>{\n    document.getElementById('manualResult').innerHTML=data;\n    this.reset();\n    manualModal.style.display='none';\n    \/\/ otomatik indirme\n    if(currentManualIndex !== null){\n      const link = document.createElement('a');\n      link.href = products[currentManualIndex].files[0].link;\n      link.download = '';\n      document.body.appendChild(link);\n      link.click();\n      document.body.removeChild(link);\n    }\n  })\n  .catch(()=>{ document.getElementById('manualResult').textContent=\"Bir hata olu\u015ftu.\"; });\n});\n<\/script>\n\n<\/div><\/div><\/div><\/div><\/div><\/div><\/div><!-- cell_inner --><\/div><!-- cell --><\/div><!-- port --><\/section>\n","protected":false},"excerpt":{"rendered":"","protected":false},"author":1,"featured_media":1138,"parent":0,"menu_order":0,"comment_status":"closed","ping_status":"closed","template":"","meta":{"footnotes":""},"class_list":["post-2141","page","type-page","status-publish","has-post-thumbnail","hentry"],"_links":{"self":[{"href":"https:\/\/batel.com.tr\/en\/wp-json\/wp\/v2\/pages\/2141","targetHints":{"allow":["GET"]}}],"collection":[{"href":"https:\/\/batel.com.tr\/en\/wp-json\/wp\/v2\/pages"}],"about":[{"href":"https:\/\/batel.com.tr\/en\/wp-json\/wp\/v2\/types\/page"}],"author":[{"embeddable":true,"href":"https:\/\/batel.com.tr\/en\/wp-json\/wp\/v2\/users\/1"}],"replies":[{"embeddable":true,"href":"https:\/\/batel.com.tr\/en\/wp-json\/wp\/v2\/comments?post=2141"}],"version-history":[{"count":40,"href":"https:\/\/batel.com.tr\/en\/wp-json\/wp\/v2\/pages\/2141\/revisions"}],"predecessor-version":[{"id":2360,"href":"https:\/\/batel.com.tr\/en\/wp-json\/wp\/v2\/pages\/2141\/revisions\/2360"}],"wp:featuredmedia":[{"embeddable":true,"href":"https:\/\/batel.com.tr\/en\/wp-json\/wp\/v2\/media\/1138"}],"wp:attachment":[{"href":"https:\/\/batel.com.tr\/en\/wp-json\/wp\/v2\/media?parent=2141"}],"curies":[{"name":"wp","href":"https:\/\/api.w.org\/{rel}","templated":true}]}}