{"id":1859,"date":"2025-10-18T12:40:21","date_gmt":"2025-10-18T09:40:21","guid":{"rendered":"https:\/\/batel.com.tr\/?page_id=1859"},"modified":"2025-10-22T22:32:00","modified_gmt":"2025-10-22T19:32:00","slug":"zaman-cizelge","status":"publish","type":"page","link":"https:\/\/batel.com.tr\/en\/batel\/zaman-cizelge\/","title":{"rendered":"Our Timeline"},"content":{"rendered":"<section data-bb-version=\"5.4.2\" id=\"bt_bb_section69eb9185dfdab\" class=\"bt_bb_section bt_bb_layout_boxed_1200 bt_bb_bottom_spacing_medium\"  data-bt-override-class=\"{&quot;bt_bb_bottom_spacing_&quot;:{&quot;current_class&quot;:&quot;bt_bb_bottom_spacing_medium&quot;,&quot;def&quot;:&quot;medium&quot;}}\"><div class=\"bt_bb_port\"><div class=\"bt_bb_cell\"><div class=\"bt_bb_cell_inner\"><div class=\"bt_bb_row\"  data-bt-override-class=\"{}\"><div class=\"bt_bb_row_holder\" ><div data-bb-version=\"4.9.1\"  class=\"bt_bb_column col-xxl-12 col-xl-12 col-xs-12 col-sm-12 col-md-12 col-lg-12 bt_bb_vertical_align_top bt_bb_align_left bt_bb_padding_normal\" style=\"; --column-width:12;\" data-width=\"12\" data-bt-override-class=\"{}\"><div class=\"bt_bb_column_content\"><div class=\"bt_bb_column_content_inner\"><div data-bb-version=\"5.4.2\" class=\"bt_bb_raw_content\"><!DOCTYPE html>\n<html lang=\"tr\">\n<head>\n<meta charset=\"UTF-8\">\n<meta name=\"viewport\" content=\"width=device-width, initial-scale=1.0\">\n<title>Timeline<\/title>\n<style>\n  body {\n    font-family: \"Montserrat\", sans-serif;\n    margin: 0;\n    padding: 0;\n    background: #fff;\n    color: #000;\n  }\n\n  .timeline-container {\n    max-width: 1200px;\n    margin: 60px auto;\n    padding: 0 20px;\n    text-align: left;\n  }\n\n  .period-buttons {\n    display: flex;\n    justify-content: center;\n    flex-wrap: wrap;\n    gap: 10px;\n    margin-bottom: 30px;\n  }\n\n  .period-buttons button {\n    background: #f3f3f3;\n    border: 1px solid #ccc;\n    color: #000000;\n    padding: 14px 26px;\n    border-radius: 0px;\n    font-size: 17px;\n    cursor: pointer;\n    transition: all 0.3s ease;\n  }\n\n  .period-buttons button.active {\n    background: #1d76c4;\n    color: #fff;\n    border-color: #1d76c4;\n  }\n\n  .timeline-content {\n    display: none;\n    animation: fadeIn 0.4s ease;\n    text-align: left;\n  }\n\n  .timeline-content.active {\n    display: block;\n  }\n\n  @keyframes fadeIn {\n    from {opacity: 0;}\n    to {opacity: 1;}\n  }\n\n  .event {\n    margin-bottom: 25px;\n    background: #f9f9f9;\n    border-radius: 10px;\n    padding: 20px;\n    box-shadow: 0 4px 8px rgba(0,0,0,0.05);\n    display: flex;\n    flex-direction: column;\n    gap: 10px;\n  }\n\n  .event h3 {\n    color: #1d76c4;\n    margin-bottom: 10px;\n  }\n\n  .event p {\n    color: #000000;\n    margin: 0;\n    line-height: 1.6;\n  }\n\n  .event img {\n    max-width: 100%;\n    border-radius: 8px;\n    margin-top: 10px;\n    object-fit: cover;\n  }\n\n  @media (min-width: 768px) {\n    .event {\n      flex-direction: row;\n      align-items: flex-start;\n    }\n\n    .event img {\n      width: 300px;\n      margin-left: 20px;\n    }\n  }\n<\/style>\n<\/head>\n<body>\n\n<div class=\"timeline-container\">\n\n  <div class=\"period-buttons\">\n    <button class=\"active\" onclick=\"openPeriod('p1970')\">1970\u2019ler<\/button>\n    <button onclick=\"openPeriod('p1980')\">1980\u2019ler<\/button>\n    <button onclick=\"openPeriod('p1990')\">1990\u2019lar<\/button>\n    <button onclick=\"openPeriod('p2000')\">2000\u2019ler<\/button>\n    <button onclick=\"openPeriod('p2010')\">2010\u2019lar<\/button>\n    <button onclick=\"openPeriod('p2020')\">2020\u2019ler<\/button>\n  <\/div>\n\n  <!-- 1970\u2019ler -->\n  <div id=\"p1970\" class=\"timeline-content active\">\n    <div class=\"event\">\n      <div>\n        <h3>1972 \u2013 \u0130lk Yerli Az Ya\u011fl\u0131 Kesicinin Geli\u015ftirilmesi<\/h3>\n        <p>Yerli az ya\u011fl\u0131 kesicinin ilk \u00f6rnekleri, T\u00fcrkiye Elektrik Kurumu\u2019nun Adapazar\u0131\u2019ndaki b\u00f6lge m\u00fcd\u00fcrl\u00fc\u011f\u00fcn\u00fcn y\u00fcksek gerilim sigorta \u00fcretim at\u00f6lyesinde, Tevfik Ma\u011fara ve bak\u0131m-onar\u0131m ekibiyle birlikte \u00fcretildi. \u00dcretilen bu kesicilerin bir\u00e7o\u011fu i\u015fletmede uzun y\u0131llar kullan\u0131ld\u0131.<\/p>\n      <\/div>\n      <img decoding=\"async\" src=\"https:\/\/batel.com.tr\/wp-content\/uploads\/2025\/10\/1972.png\" alt=\"1972 \u0130lk Yerli Kesici\">\n    <\/div>\n\n    <div class=\"event\">\n      <div>\n        <h3>1977 \u2013 \u0130zmir\u2019de Az Ya\u011fl\u0131 Kesici \u0130malat\u0131n\u0131n Ba\u015flamas\u0131<\/h3>\n        <p>Electroputere- Romanya firmas\u0131 ile teknik i\u015f birli\u011fi ile az ya\u011fl\u0131 kesici kutuplar\u0131 ve mekanizmalar\u0131 \u00fcretildi. Elektrik kablaj\u0131, kurma motoru, a\u00e7ma\/kapama bobinleri ve di\u011fer donan\u0131mlar yerli olarak imal edildi. Ba\u015flang\u0131\u00e7 at\u00f6lyesi \u0130zmir 2. Sanayi Sitesi\u2019nde 300 m\u00b2 idi ve k\u0131sa s\u00fcrede kapasite 600 m\u00b2\u2019ye \u00e7\u0131kar\u0131ld\u0131. 1978 sonunda mekanizmalar tamamen yerli \u00fcretildi.<\/p>\n      <\/div>\n      <img decoding=\"async\" src=\"https:\/\/batel.com.tr\/wp-content\/uploads\/2025\/10\/1977.png\" alt=\"1977 \u0130zmir \u00dcretim Ba\u015flang\u0131c\u0131\">\n    <\/div>\n\n    <div class=\"event\">\n      <div>\n        <h3>1977 \u2013 Orta Gerilim Parafudur \u00dcretimine Ba\u015flanmas\u0131<\/h3>\n        <p>MINEL \u2013 Yugoslavya firmas\u0131 i\u015f birli\u011fi ile, silisyumkarb\u00fcr de\u011fi\u015fken diren\u00e7ler ithal edilerek, porselen izolat\u00f6rler ve di\u011fer par\u00e7alar yerli temin edilerek \u00fcretim ba\u015flad\u0131. \u0130lk yat\u0131r\u0131m 200 kV y\u0131ld\u0131r\u0131m darbe gerilimi test cihazlar\u0131 oldu.<\/p>\n      <\/div>\n      <img decoding=\"async\" src=\"https:\/\/batel.com.tr\/wp-content\/uploads\/2025\/10\/1977-1.png\" alt=\"1977 Parafudur \u00dcretimi\">\n    <\/div>\n  <\/div>\n\n  <!-- 1980\u2019ler -->\n  <div id=\"p1980\" class=\"timeline-content\">\n    <div class=\"event\">\n      <div>\n        <h3>1980 \u2013 Orta Gerilim Parafudur i\u00e7in \u0130lk Silisyumkarb\u00fcr De\u011fi\u015fken Diren\u00e7 \u0130malat\u0131<\/h3>\n        <p>MINEL \u2013 Yugoslavya\u2019dan al\u0131nan teknoloji ile Kemalpa\u015fa\u2019daki fabrikada \u00fcretim ba\u015flad\u0131.<\/p>\n      <\/div>\n      <img decoding=\"async\" src=\"https:\/\/batel.com.tr\/wp-content\/uploads\/2025\/10\/1980.png\" alt=\"1980 Silisyumkarb\u00fcr Diren\u00e7 \u00dcretimi\">\n    <\/div>\n\n    <div class=\"event\">\n      <div>\n        <h3>1980 \u2013 Epoksi Re\u00e7ine Tesisinde Yerli \u0130zolasyon \u00dcretimi<\/h3>\n        <p>Cam elyafl\u0131 epoksi izole kutup t\u00fcplerinin imalat\u0131na ba\u015flanarak az ya\u011fl\u0131 kesici \u00fcretimi tamamen yerli hale getirildi.<\/p>\n      <\/div>\n      <img decoding=\"async\" src=\"https:\/\/batel.com.tr\/wp-content\/uploads\/2025\/10\/1980-1.png\" alt=\"1980 Epoksi Re\u00e7ine \u00dcretimi\">\n    <\/div>\n\n    <div class=\"event\">\n      <div>\n        <h3>1984 \u2013 Orta Gerilim SF6 Gazl\u0131 \u0130lk Yerli Kesici \u00dcretimi<\/h3>\n        <p>NMG \u2013 \u0130talya\u2019dan al\u0131nan teknoloji ile SF6 gazl\u0131 kesiciler yerli olarak \u00fcretildi. \u0130zole kutuplar epoksi re\u00e7ine tesisinde imal edildi.<\/p>\n      <\/div>\n      <img decoding=\"async\" src=\"https:\/\/batel.com.tr\/wp-content\/uploads\/2025\/10\/1984.png\" alt=\"1984 SF6 Kesici \u00dcretimi\">\n    <\/div>\n\n    <div class=\"event\">\n      <div>\n        <h3>1985 \u2013 72.5\u2013170 kV Y\u00fcksek Gerilim SF6 Gazl\u0131 Kesici \u00dcretimi<\/h3>\n        <p>Energoinvest \u2013 Yugoslavya i\u015f birli\u011fi ile SF6 gaz izoleli kutuplar ithal edilerek di\u011fer par\u00e7alar yerli \u00fcretildi. Testlerde 350 kV y\u00fcksek gerilim ve 900 kV y\u0131ld\u0131r\u0131m darbe cihazlar\u0131 kullan\u0131ld\u0131.<\/p>\n      <\/div>\n      <img decoding=\"async\" src=\"https:\/\/batel.com.tr\/wp-content\/uploads\/2025\/10\/1985.png\" alt=\"1985 SF6 Kesici\">\n    <\/div>\n\n    <div class=\"event\">\n      <div>\n        <h3>1985 \u2013 72.5\u2013170 kV Y\u00fcksek Gerilim Parafudr \u00dcretimi<\/h3>\n        <p>Siemens \u2013 Almanya ile i\u015f birli\u011fi, silisyum karb\u00fcr de\u011fi\u015fken diren\u00e7 ithali ve yerli \u00fcretim par\u00e7alarla \u00fcretim ba\u015flad\u0131.<\/p>\n      <\/div>\n    <\/div>\n\n    <div class=\"event\">\n      <div>\n        <h3>1985 \u2013 72.5\u2013170 kV Y\u00fcksek Gerilim Ortadan Ayr\u0131lmal\u0131 ve Pantograf Tipi Ay\u0131r\u0131c\u0131 \u00dcretimi<\/h3>\n        <p>Ar-Ge m\u00fchendisleri taraf\u0131ndan tasarlan\u0131p tamamen yerli \u00fcretildi.<\/p>\n      <\/div>\n    <\/div>\n\n    <div class=\"event\">\n      <div>\n        <h3>1985 \u2013 380 kV Y\u00fcksek Gerilim Parafudr \u00dcretimi<\/h3>\n        <p>Siemens \u2013 Almanya i\u015f birli\u011fi ile \u00fcretildi; baz\u0131 par\u00e7alar ithal, di\u011fer par\u00e7alar yerli \u00fcretildi.<\/p>\n      <\/div>\n    <\/div>\n\n    <div class=\"event\">\n      <div>\n        <h3>1985 \u2013 Harici Tip SF6 Hava ile Ark S\u00f6nd\u00fcrmeli Otomatik Y\u00fck Ay\u0131r\u0131c\u0131s\u0131 \u00dcretimi<\/h3>\n        <p>Ar-Ge m\u00fchendisleri taraf\u0131ndan tasarlan\u0131p tamamen yerli \u00fcretildi.<\/p>\n      <\/div>\n    <\/div>\n\n    <div class=\"event\">\n      <div>\n        <h3>1986 \u2013 \u0130lk Yerli Vakum Kesici \u00dcretimi<\/h3>\n        <p>FUJI \u2013 Japonya\u2019dan vakum kesme h\u00fccreleri ithal edilip, izole kutup mesnetleri ve mekanizma teknolojisi sat\u0131n al\u0131narak \u00fcretildi.<\/p>\n      <\/div>\n    <\/div>\n\n    <div class=\"event\">\n      <div>\n        <h3>1986 \u2013 Orta Gerilim Atlama Aral\u0131ks\u0131z Metal Oksit De\u011fi\u015fken Diren\u00e7li Parafudur \u00dcretimi<\/h3>\n        <p>Hitachi \u2013 Japonya i\u015f birli\u011fi ile metal oksit de\u011fi\u015fken diren\u00e7ler ithal edilip di\u011fer par\u00e7alar yerli \u00fcretildi.<\/p>\n      <\/div>\n    <\/div>\n  <\/div>\n\n  <!-- 1990\u2019lar -->\n  <div id=\"p1990\" class=\"timeline-content\">\n    <div class=\"event\">\n      <div>\n        <h3>1991 \u2013 Batel Elektromekanik\u2019in Kurulu\u015fu<\/h3>\n        <p>T\u00fcrkiye\u2019nin enerji altyap\u0131s\u0131na katk\u0131 sa\u011flamak i\u00e7in kuruldu. Yerli \u00fcretim ve yenilik\u00e7i m\u00fchendislik anlay\u0131\u015f\u0131yla sekt\u00f6re giri\u015f yapt\u0131.<\/p>\n      <\/div>\n    <\/div>\n\n    <div class=\"event\">\n      <div>\n        <h3>1991 \u2013 BATEL 36kV 630A 16kA ve 36kV 1250A 25kA SF6 Gazl\u0131 Kesici Kutbu \u00dcretimi<\/h3>\n        <p>Yerli \u00fcretim kapasitesinin \u00f6nemli ad\u0131mlar\u0131ndan biri ger\u00e7ekle\u015ftirildi.<\/p>\n      <\/div>\n    <\/div>\n  <\/div>\n\n  <!-- 2000\u2019ler -->\n  <div id=\"p2000\" class=\"timeline-content\">\n    <div class=\"event\">\n      <div>\n        <h3>2005 \u2013 BNA Tipi SF6 Gazl\u0131 Ay\u0131r\u0131c\u0131 \u00dcretimi<\/h3>\n      <\/div>\n    <\/div>\n\n    <div class=\"event\">\n      <div>\n        <h3>BYA Tipi 36kV 630A 16kA SF6 Gazl\u0131 Y\u00fck Ay\u0131r\u0131c\u0131 \u00dcretimi<\/h3>\n      <\/div>\n    <\/div>\n\n    <div class=\"event\">\n      <div>\n        <h3>2009 \u2013 \u0130lk Yerli Vakum T\u00fcp\u00fc \u00dcretimi<\/h3>\n        <p>\u0130lk yerli BVK Tipi Vakum Kesici \u00fcretimi ve BGK Tipi SF6 gazl\u0131 kesici \u00fcretimine ba\u015flanmas\u0131.<\/p>\n      <\/div>\n    <\/div>\n  <\/div>\n\n  <!-- 2010\u2019lar -->\n  <div id=\"p2010\" class=\"timeline-content\">\n    <div class=\"event\">\n      <div>\n        <h3>2010 \u2013 BNA Tipi SF6 Gazl\u0131 Ay\u0131r\u0131c\u0131 \u00dcretimi<\/h3>\n      <\/div>\n    <\/div>\n\n    <div class=\"event\">\n      <div>\n        <h3>2011 \u2013 BYA Tipi SF6 Gazl\u0131 Y\u00fck Ay\u0131r\u0131c\u0131 \u00dcretimi<\/h3>\n      <\/div>\n    <\/div>\n\n    <div class=\"event\">\n      <div>\n        <h3>2017 \u2013 Aktif Brazing ile Vakum T\u00fcp\u00fc \u00dcretimi<\/h3>\n      <\/div>\n    <\/div>\n\n    <div class=\"event\">\n      <div>\n        <h3>2019 \u2013 BHYA Tipi Harici Tip SF6 Gazl\u0131 Otomatik Y\u00fck Ay\u0131r\u0131c\u0131s\u0131 \u00dcretimi<\/h3>\n      <\/div>\n    <\/div>\n  <\/div>\n\n  <!-- 2020\u2019ler -->\n  <div id=\"p2020\" class=\"timeline-content\">\n    <div class=\"event\">\n      <div>\n        <h3>2021 \u2013 BOTK Tipi Harici Tip Tekrar Kapamal\u0131 Vakum Kesici \u00dcretimi<\/h3>\n      <\/div>\n    <\/div>\n\n    <div class=\"event\">\n      <div>\n        <h3>2022 \u2013 BAIS Tipi Hava \u0130zoleli Metal Muhafazal\u0131 H\u00fccre \u00dcretimi (24 kV)<\/h3>\n      <\/div>\n    <\/div>\n\n    <div class=\"event\">\n      <div>\n        <h3>2023 \u2013 BRMU Tipi SF6 Gazl\u0131 Metal Muhafazal\u0131 H\u00fccre \u00dcretimi<\/h3>\n      <\/div>\n    <\/div>\n\n    <div class=\"event\">\n      <div>\n        <h3>2025 \u2013 BGA Tipi SF6-Free Metal Muhafazal\u0131 H\u00fccre \u00dcretimi<\/h3>\n      <\/div>\n    <\/div>\n  <\/div>\n\n<\/div>\n\n<script>\n  function openPeriod(periodId) {\n    document.querySelectorAll('.timeline-content').forEach(c => c.classList.remove('active'));\n    document.querySelectorAll('.period-buttons button').forEach(b => b.classList.remove('active'));\n    document.getElementById(periodId).classList.add('active');\n    event.currentTarget.classList.add('active');\n  }\n<\/script>\n\n<\/body>\n<\/html>\n<\/div><\/div><\/div><\/div><\/div><\/div><\/div><!-- cell_inner --><\/div><!-- cell --><\/div><!-- port --><\/section>","protected":false},"excerpt":{"rendered":"<p>Distinctively re-engineer revolutionary meta-services and premium architectures. Intrinsically incubate intuitive opportunities and real-time potentialities. Appropriately communicate one-to-one technology after plug-and-play networks.<\/p>","protected":false},"author":1,"featured_media":925,"parent":440,"menu_order":0,"comment_status":"closed","ping_status":"closed","template":"","meta":{"footnotes":""},"class_list":["post-1859","page","type-page","status-publish","has-post-thumbnail","hentry"],"_links":{"self":[{"href":"https:\/\/batel.com.tr\/en\/wp-json\/wp\/v2\/pages\/1859","targetHints":{"allow":["GET"]}}],"collection":[{"href":"https:\/\/batel.com.tr\/en\/wp-json\/wp\/v2\/pages"}],"about":[{"href":"https:\/\/batel.com.tr\/en\/wp-json\/wp\/v2\/types\/page"}],"author":[{"embeddable":true,"href":"https:\/\/batel.com.tr\/en\/wp-json\/wp\/v2\/users\/1"}],"replies":[{"embeddable":true,"href":"https:\/\/batel.com.tr\/en\/wp-json\/wp\/v2\/comments?post=1859"}],"version-history":[{"count":18,"href":"https:\/\/batel.com.tr\/en\/wp-json\/wp\/v2\/pages\/1859\/revisions"}],"predecessor-version":[{"id":2361,"href":"https:\/\/batel.com.tr\/en\/wp-json\/wp\/v2\/pages\/1859\/revisions\/2361"}],"up":[{"embeddable":true,"href":"https:\/\/batel.com.tr\/en\/wp-json\/wp\/v2\/pages\/440"}],"wp:featuredmedia":[{"embeddable":true,"href":"https:\/\/batel.com.tr\/en\/wp-json\/wp\/v2\/media\/925"}],"wp:attachment":[{"href":"https:\/\/batel.com.tr\/en\/wp-json\/wp\/v2\/media?parent=1859"}],"curies":[{"name":"wp","href":"https:\/\/api.w.org\/{rel}","templated":true}]}}