{"id":1654,"date":"2025-10-13T22:29:20","date_gmt":"2025-10-13T19:29:20","guid":{"rendered":"https:\/\/batel.com.tr\/?page_id=1654"},"modified":"2025-10-18T16:07:29","modified_gmt":"2025-10-18T13:07:29","slug":"tedarik-aglari","status":"publish","type":"page","link":"https:\/\/batel.com.tr\/en\/tedarik-aglari\/","title":{"rendered":"Responsible Supply Networks"},"content":{"rendered":"<p><section data-bb-version=\"5.4.2\" id=\"bt_bb_section69eb91846b33e\" class=\"bt_bb_section bt_bb_color_scheme_11 bt_bb_layout_boxed_1200 bt_bb_vertical_align_top bt_bb_background_overlay_dark_solid bt_bb_top_spacing_extra_large bt_bb_bottom_spacing_large bt-dark-skin\" style=\"; --section-primary-color:#ffffff; --section-secondary-color:#181818;\" data-bt-override-class=\"null\"><div class=\"bt_bb_background_image_holder_wrapper\"><div class=\"bt_bb_background_image_holder btLazyLoadBackground\"  data-background_image_src=\"https:\/\/batel.com.tr\/wp-content\/uploads\/2025\/10\/amazing-solar-panels-on-green-field-poland-from-a-2025-03-24-06-48-22-utc-1-scaled.jpg\" data-parallax-zoom-start=\"1\" data-parallax-zoom-end=\"1\" data-parallax-blur-start=\"0\" data-parallax-blur-end=\"0\" data-parallax-opacity-start=\"1\" data-parallax-opacity-end=\"1\" style=\" background-image: url(&#039;https:\/\/batel.com.tr\/wp-content\/plugins\/bold-page-builder\/img\/blank.gif&#039;);\"><\/div><\/div><div class=\"bt_bb_port\"><div class=\"bt_bb_cell\"><div class=\"bt_bb_cell_inner\"><div class=\"bt_bb_row\"  data-bt-override-class=\"{}\"><div class=\"bt_bb_row_holder\" ><div  class=\"bt_bb_column col-xxl-6 col-xl-6 bt_bb_vertical_align_top bt_bb_align_left bt_bb_padding_normal bt_bb_animation_fade_in zoom_out animate\" style=\"; --column-width:6;\" data-width=\"6\" data-bt-override-class=\"{}\"><div class=\"bt_bb_column_content\"><div class=\"bt_bb_column_content_inner\"><header data-bb-version=\"5.4.2\" class=\"bt_bb_headline bt_bb_dash_top bt_bb_size_large bt_bb_align_center\" data-bt-override-class=\"{&quot;bt_bb_size_&quot;:{&quot;current_class&quot;:&quot;bt_bb_size_large&quot;,&quot;def&quot;:&quot;large&quot;},&quot;bt_bb_align_&quot;:{&quot;current_class&quot;:&quot;bt_bb_align_center&quot;,&quot;def&quot;:&quot;center&quot;}}\"><h1><span class=\"bt_bb_headline_content\"><span>SORUMLU TEDAR\u0130K A\u011eLARI<\/span><\/span><\/h1><\/header><div class=\"bt_bb_separator bt_bb_border_style_none bt_bb_bottom_spacing_60\" data-bt-override-class=\"null\"><\/div><\/div><\/div><\/div><div  class=\"bt_bb_column col-xxl-6 col-xl-6 bt_bb_vertical_align_top bt_bb_align_right bt_bb_padding_40 bt_bb_animation_fade_in zoom_out animate\" style=\"; --column-width:6;\" data-width=\"6\" data-bt-override-class=\"{}\"><div class=\"bt_bb_column_content\"><div class=\"bt_bb_column_content_inner\"><\/div><\/div><\/div><\/div><\/div><\/div><!-- cell_inner --><\/div><!-- cell --><\/div><!-- port --><\/section><section data-bb-version=\"5.4.2\" id=\"bt_bb_section69eb91846b63e\" class=\"bt_bb_section bt_bb_layout_boxed_1200 bt_bb_top_spacing_medium bt_bb_bottom_spacing_normal\"  data-bt-override-class=\"{&quot;bt_bb_top_spacing_&quot;:{&quot;current_class&quot;:&quot;bt_bb_top_spacing_medium&quot;,&quot;def&quot;:&quot;medium&quot;},&quot;bt_bb_bottom_spacing_&quot;:{&quot;current_class&quot;:&quot;bt_bb_bottom_spacing_normal&quot;,&quot;def&quot;:&quot;normal&quot;}}\"><div class=\"bt_bb_port\"><div class=\"bt_bb_cell\"><div class=\"bt_bb_cell_inner\"><div class=\"bt_bb_row\"  data-bt-override-class=\"{}\"><div class=\"bt_bb_row_holder\" ><div data-bb-version=\"4.9.1\"  class=\"bt_bb_column col-xxl-6 col-xl-6 col-xs-12 col-sm-6 col-md-6 col-lg-6 bt_bb_vertical_align_top bt_bb_align_left bt_bb_padding_normal\" style=\"; --column-width:6;\" data-width=\"6\" data-bt-override-class=\"{}\"><div class=\"bt_bb_column_content\"><div class=\"bt_bb_column_content_inner\"><div data-bb-version=\"4.9.1\"  class=\"bt_bb_text\" ><\/p>\n<p data-ccp-props=\"{\">\n<p style=\"font-weight: 400;color: #000000\">BATEL\u2019de tedarik zincirindeki sorumlulu\u011fu, \u00fcretimimizin en ba\u015f\u0131ndan itibaren s\u00fcrecin ayr\u0131lmaz bir par\u00e7as\u0131 olarak g\u00f6r\u00fcyoruz.\u200b<\/p>\n<p data-ccp-props=\"{\">\n<p style=\"font-weight: 400;color: #000000\">\u0130nsan haklar\u0131na, \u00e7evre duyarl\u0131l\u0131\u011f\u0131na, i\u015f g\u00fcvenli\u011fine ve adil ticaret ilkelerine \u00f6nem veren payda\u015flarla \u00e7al\u0131\u015f\u0131yoruz. \u00c7ocuk i\u015f\u00e7i \u00e7al\u0131\u015ft\u0131rmamak, adil \u00fccret sa\u011flamak, g\u00fcvenli \u00e7al\u0131\u015fma ko\u015fullar\u0131 olu\u015fturmak, \u00e7evreye duyarl\u0131 \u00fcretim y\u00f6ntemlerini benimsemek ve \u015feffaf, izlenebilir bir tedarik zinciri olu\u015fturmak temel de\u011ferlerimiz aras\u0131nda yer al\u0131yor. \u200b<\/p>\n<p data-ccp-props=\"{\">\n<p style=\"font-weight: 400;color: #000000\">Hammadde se\u00e7iminden \u00fcr\u00fcn\u00fcn ya\u015fam d\u00f6ng\u00fcs\u00fcn\u00fcn sonuna kadar her ad\u0131mda etik standartlar\u0131 ve \u00e7evresel etkileri dikkate al\u0131yoruz. D\u00fc\u015f\u00fck karbonlu ta\u015f\u0131mac\u0131l\u0131k, d\u00f6ng\u00fcsel tasar\u0131m ve yenilik\u00e7i uygulamalarla ilerliyoruz.\u200b<\/p>\n<p data-ccp-props=\"{\">\n<p style=\"font-weight: 400;color: #000000\">Tedarik\u00e7ilerimizle \u201ckazan\u2013kazan\u201d anlay\u0131\u015f\u0131yla \u00e7al\u0131\u015f\u0131yor, s\u00fcre\u00e7lerin g\u00fcvenilir ve kaliteli i\u015flemesini sa\u011fl\u0131yoruz. B\u00f6ylece tedarik\u00e7ilerimizin geli\u015fimine de f\u0131rsat tan\u0131yor, kar\u015f\u0131l\u0131kl\u0131 g\u00fcven ve ba\u011fl\u0131l\u0131k i\u00e7inde birlikte geli\u015fiyoruz.<\/p>\n<p data-ccp-props=\"{\">\u200b<\/p>\n<p>\n<\/div><\/div><\/div><\/div><div data-bb-version=\"5.4.2\"  class=\"bt_bb_column col-xxl-6 col-xl-6 col-xs-12 col-sm-6 col-md-6 col-lg-6 bt_bb_vertical_align_top bt_bb_align_left btLazyLoadBackground bt_bb_column_background_image bt_bb_padding_normal\" style=\"background-image:url(&#039;https:\/\/batel.com.tr\/wp-content\/plugins\/bold-page-builder\/img\/blank.gif&#039;);; --column-width:6;\" data-background_image_src='https:\/\/batel.com.tr\/wp-content\/uploads\/2025\/10\/1.png' data-width=\"6\" data-bt-override-class=\"{}\"><div class=\"bt_bb_column_content\"><div class=\"bt_bb_column_content_inner\"><\/div><\/div><\/div><\/div><\/div><\/div><!-- cell_inner --><\/div><!-- cell --><\/div><!-- port --><\/section><section data-bb-version=\"5.4.2\" id=\"bt_bb_section69eb91846bf1f\" class=\"bt_bb_section bt_bb_layout_boxed_1200 bt_bb_top_spacing_normal\"  data-bt-override-class=\"{&quot;bt_bb_top_spacing_&quot;:{&quot;current_class&quot;:&quot;bt_bb_top_spacing_normal&quot;,&quot;def&quot;:&quot;normal&quot;}}\"><div class=\"bt_bb_port\"><div class=\"bt_bb_cell\"><div class=\"bt_bb_cell_inner\"><div class=\"bt_bb_row\"  data-bt-override-class=\"{}\"><div class=\"bt_bb_row_holder\" ><div data-bb-version=\"4.9.1\"  class=\"bt_bb_column col-xxl-12 col-xl-12 col-xs-12 col-sm-12 col-md-12 col-lg-12 bt_bb_vertical_align_top bt_bb_align_left bt_bb_padding_normal\" style=\"; --column-width:12;\" data-width=\"12\" data-bt-override-class=\"{}\"><div class=\"bt_bb_column_content\"><div class=\"bt_bb_column_content_inner\"><header data-bb-version=\"5.4.2\" class=\"bt_bb_headline bt_bb_color_scheme_4 bt_bb_dash_none bt_bb_size_medium bt_bb_align_inherit\" style=\"; --headline-primary-color:#00a0dd; --headline-secondary-color:#ffffff;\" data-bt-override-class=\"{&quot;bt_bb_size_&quot;:{&quot;current_class&quot;:&quot;bt_bb_size_medium&quot;,&quot;def&quot;:&quot;medium&quot;},&quot;bt_bb_align_&quot;:{&quot;current_class&quot;:&quot;bt_bb_align_inherit&quot;,&quot;def&quot;:&quot;inherit&quot;}}\"><h1><span class=\"bt_bb_headline_content\"><span>BATEL Tedarik\u00e7ileri \u0130\u00e7in Etik Kurallar<br \/><br \/>\n<\/span><\/span><\/h1><\/header><div data-bb-version=\"4.9.1\"  class=\"bt_bb_text\" ><\/p>\n<p>\u00a0<\/p>\n<p style=\"font-weight: 400;color: #000000\">BATEL olarak etik sorumlulu\u011fun fabrika kap\u0131lar\u0131m\u0131zda bitmedi\u011fine, t\u00fcm de\u011fer zincirimize yay\u0131ld\u0131\u011f\u0131na inan\u0131yoruz. Bu nedenle stratejik tedarik\u00e7ilerimizin<a style=\"color: #1d76c4;text-decoration: underline\" href=\"https:\/\/batel.com.tr\/en\/batel\/etik-degerlerimiz\/\" target=\"_blank\"> BATEL Etik Kurallar\u0131<\/a>\u2019nda yer alan ilkelere resm\u00ee olarak ba\u011fl\u0131 kalmalar\u0131n\u0131 talep ediyoruz. Bu yakla\u015f\u0131m\u0131 b\u00fct\u00fcnc\u00fcl \u015fekilde t\u00fcm i\u015f kararlar\u0131na ve operasyonel s\u00fcre\u00e7lerimize yans\u0131t\u0131yoruz.<\/p>\n<p style=\"font-weight: 400;color: #000000\">\nEtik Kurallar\u0131m\u0131z; eme\u011fe sayg\u0131, \u00e7evresel sorumluluk, yolsuzlukla m\u00fccadele ve veri gizlili\u011fi gibi alanlarda tedarik\u00e7ilerimizden bekledi\u011fimiz profesyonel ve etik standartlar\u0131 tan\u0131mlamaktad\u0131r. Bu kurallar sat\u0131n alma politikam\u0131z\u0131n ayr\u0131lmaz bir par\u00e7as\u0131d\u0131r ve s\u00f6zle\u015fmelere d\u00e2hil edilir. Ayr\u0131ca bu standartlar\u0131n tedarik\u00e7ilerin kendi ekosistemlerinde de yayg\u0131nla\u015ft\u0131r\u0131lmas\u0131 desteklenir; b\u00f6ylece ikinci ve \u00fc\u00e7\u00fcnc\u00fc seviye i\u015f ortaklar\u0131n\u0131n da BATEL\u2019in s\u00fcrd\u00fcr\u00fclebilirlik hedefleriyle uyumlu bi\u00e7imde hareket etmesi te\u015fvik edilir.<\/p>\n<p>\u00a0<\/p>\n<p>\u00a0<\/p>\n<p>\n<\/div><\/div><\/div><\/div><\/div><\/div><\/div><!-- cell_inner --><\/div><!-- cell --><\/div><!-- port --><\/section><\/p>","protected":false},"excerpt":{"rendered":"<p>Quickly communicate enabled technology and turnkey leadership skills. Uniquely enable accurate supply chains rather than frictionless technology. Globally network focused materials vis-a-vis cost effective products.<\/p>","protected":false},"author":1,"featured_media":582,"parent":0,"menu_order":0,"comment_status":"closed","ping_status":"closed","template":"","meta":{"footnotes":""},"class_list":["post-1654","page","type-page","status-publish","has-post-thumbnail","hentry"],"_links":{"self":[{"href":"https:\/\/batel.com.tr\/en\/wp-json\/wp\/v2\/pages\/1654","targetHints":{"allow":["GET"]}}],"collection":[{"href":"https:\/\/batel.com.tr\/en\/wp-json\/wp\/v2\/pages"}],"about":[{"href":"https:\/\/batel.com.tr\/en\/wp-json\/wp\/v2\/types\/page"}],"author":[{"embeddable":true,"href":"https:\/\/batel.com.tr\/en\/wp-json\/wp\/v2\/users\/1"}],"replies":[{"embeddable":true,"href":"https:\/\/batel.com.tr\/en\/wp-json\/wp\/v2\/comments?post=1654"}],"version-history":[{"count":8,"href":"https:\/\/batel.com.tr\/en\/wp-json\/wp\/v2\/pages\/1654\/revisions"}],"predecessor-version":[{"id":1959,"href":"https:\/\/batel.com.tr\/en\/wp-json\/wp\/v2\/pages\/1654\/revisions\/1959"}],"wp:featuredmedia":[{"embeddable":true,"href":"https:\/\/batel.com.tr\/en\/wp-json\/wp\/v2\/media\/582"}],"wp:attachment":[{"href":"https:\/\/batel.com.tr\/en\/wp-json\/wp\/v2\/media?parent=1654"}],"curies":[{"name":"wp","href":"https:\/\/api.w.org\/{rel}","templated":true}]}}