{"id":1636,"date":"2025-10-13T22:07:55","date_gmt":"2025-10-13T19:07:55","guid":{"rendered":"https:\/\/batel.com.tr\/?page_id=1636"},"modified":"2025-10-23T09:02:26","modified_gmt":"2025-10-23T06:02:26","slug":"sanat-inovasyon","status":"publish","type":"page","link":"https:\/\/batel.com.tr\/en\/sanat-inovasyon\/","title":{"rendered":"Art and Innovation"},"content":{"rendered":"<p><section data-bb-version=\"5.4.2\" id=\"bt_bb_section69eb918182863\" class=\"bt_bb_section bt_bb_color_scheme_11 bt_bb_layout_boxed_1200 bt_bb_vertical_align_top bt_bb_background_overlay_dark_solid bt_bb_top_spacing_extra_large bt_bb_bottom_spacing_large bt-dark-skin\" style=\"; --section-primary-color:#ffffff; --section-secondary-color:#181818;\" data-bt-override-class=\"null\"><div class=\"bt_bb_background_image_holder_wrapper\"><div class=\"bt_bb_background_image_holder btLazyLoadBackground\"  data-background_image_src=\"https:\/\/batel.com.tr\/wp-content\/uploads\/2025\/10\/WhatsApp-Image-2025-10-18-at-12.23.16.jpeg\" data-parallax-zoom-start=\"1\" data-parallax-zoom-end=\"1\" data-parallax-blur-start=\"0\" data-parallax-blur-end=\"0\" data-parallax-opacity-start=\"1\" data-parallax-opacity-end=\"1\" style=\" background-image: url(&#039;https:\/\/batel.com.tr\/wp-content\/plugins\/bold-page-builder\/img\/blank.gif&#039;);\"><\/div><\/div><div class=\"bt_bb_port\"><div class=\"bt_bb_cell\"><div class=\"bt_bb_cell_inner\"><div data-bb-version=\"5.4.2\" class=\"bt_bb_row bt_bb_row_push_left bt_bb_content_wide bt_bb_row_width_boxed_1200 bt_bb_row_width_boxed\"  data-bt-override-class=\"{}\"><div class=\"bt_bb_row_holder\" ><div  class=\"bt_bb_column col-xxl-6 col-xl-6 bt_bb_vertical_align_top bt_bb_align_left bt_bb_padding_normal bt_bb_animation_fade_in zoom_out animate\" style=\"; --column-width:6;\" data-width=\"6\" data-bt-override-class=\"{}\"><div class=\"bt_bb_column_content\"><div class=\"bt_bb_column_content_inner\"><header data-bb-version=\"5.4.2\" class=\"bt_bb_headline bt_bb_dash_top bt_bb_subheadline bt_bb_size_medium bt_bb_align_inherit\" data-bt-override-class=\"{&quot;bt_bb_size_&quot;:{&quot;current_class&quot;:&quot;bt_bb_size_medium&quot;,&quot;def&quot;:&quot;medium&quot;}}\"><h1><span class=\"bt_bb_headline_content\"><span>ART OF SWITCHING ; TEKNOLOJ\u0130 VE TASARIMIN  SANATSAL KES\u0130\u015e\u0130M\u0130<\/span><\/span><\/h1><div class=\"bt_bb_headline_subheadline\">Continually reintermediate integrated processes through technically sound intellectual capital. Holistically foster superior methodologies without market-driven best practices.<\/div><\/header><div class=\"bt_bb_separator bt_bb_border_style_none bt_bb_bottom_spacing_60\" data-bt-override-class=\"null\"><\/div><\/div><\/div><\/div><div  class=\"bt_bb_column col-xxl-6 col-xl-6 bt_bb_vertical_align_top bt_bb_align_right bt_bb_padding_40 bt_bb_animation_fade_in zoom_out animate\" style=\"; --column-width:6;\" data-width=\"6\" data-bt-override-class=\"{}\"><div class=\"bt_bb_column_content\"><div class=\"bt_bb_column_content_inner\"><\/div><\/div><\/div><\/div><\/div><\/div><!-- cell_inner --><\/div><!-- cell --><\/div><!-- port --><\/section><section data-bb-version=\"5.4.2\" id=\"bt_bb_section69eb918182cf7\" class=\"bt_bb_section bt_bb_layout_boxed_1200 bt_bb_top_spacing_large bt_bb_bottom_spacing_normal\" style=\";background-color:rgb(9,55,79);\" data-bt-override-class=\"{&quot;bt_bb_top_spacing_&quot;:{&quot;current_class&quot;:&quot;bt_bb_top_spacing_large&quot;,&quot;def&quot;:&quot;large&quot;},&quot;bt_bb_bottom_spacing_&quot;:{&quot;current_class&quot;:&quot;bt_bb_bottom_spacing_normal&quot;,&quot;def&quot;:&quot;normal&quot;}}\"><div class=\"bt_bb_port\"><div class=\"bt_bb_cell\"><div class=\"bt_bb_cell_inner\"><div class=\"bt_bb_row\"  data-bt-override-class=\"{}\"><div class=\"bt_bb_row_holder\" ><div data-bb-version=\"4.9.1\"  class=\"bt_bb_column col-xxl-6 col-xl-6 col-xs-12 col-sm-6 col-md-6 col-lg-6 bt_bb_vertical_align_top bt_bb_align_left bt_bb_padding_normal\" style=\"; --column-width:6;\" data-width=\"6\" data-bt-override-class=\"{}\"><div class=\"bt_bb_column_content\"><div class=\"bt_bb_column_content_inner\"><header data-bb-version=\"5.4.2\" class=\"bt_bb_headline bt_bb_dash_none bt_bb_size_medium bt_bb_align_inherit\" style=\";color:rgb(255,255,255);border-color:rgb(255,255,255);\" data-bt-override-class=\"{&quot;bt_bb_size_&quot;:{&quot;current_class&quot;:&quot;bt_bb_size_medium&quot;,&quot;def&quot;:&quot;medium&quot;},&quot;bt_bb_align_&quot;:{&quot;current_class&quot;:&quot;bt_bb_align_inherit&quot;,&quot;def&quot;:&quot;inherit&quot;}}\"><h2><span class=\"bt_bb_headline_content\"><span>M\u00fchendisli\u011fin \u0130leri D\u00fczeyi Sanatsal Yorumla Bulu\u015fuyor<br \/><br \/>\n<\/span><\/span><\/h2><\/header><div data-bb-version=\"4.9.1\"  class=\"bt_bb_text\" ><\/p>\n<p>\u00a0<\/p>\n<p style=\"color: #ffffff\">D\u00fcnyada say\u0131l\u0131 \u00fcreticiden biri olarak SF\u2086 i\u00e7ermeyen anahtarlama teknolojisi \u00fcreten BATEL, inovasyonun \u00f6n saflar\u0131nda yer al\u0131yor.<\/p>\n<p style=\"color: #ffffff\">\u201cState of the Art\u201d tan\u0131m\u0131m\u0131z: ileri m\u00fchendisli\u011fin vizyoner tasar\u0131mla bulu\u015ftu\u011fu ve s\u00fcrd\u00fcr\u00fclebilirli\u011fin somut bir sanat eserine d\u00f6n\u00fc\u015ft\u00fc\u011f\u00fc noktay\u0131 temsil ediyor.<\/p>\n<p>\u00a0<\/p>\n<p>\n<\/div><\/div><\/div><\/div><div data-bb-version=\"5.4.2\"  class=\"bt_bb_column col-xxl-6 col-xl-6 col-xs-12 col-sm-6 col-md-6 col-lg-6 bt_bb_vertical_align_top bt_bb_align_left btLazyLoadBackground bt_bb_column_background_image bt_bb_padding_normal\" style=\"background-image:url(&#039;https:\/\/batel.com.tr\/wp-content\/plugins\/bold-page-builder\/img\/blank.gif&#039;);; --column-width:6;\" data-background_image_src='https:\/\/batel.com.tr\/wp-content\/uploads\/2025\/10\/WhatsApp-Image-2025-10-18-at-12.58.46.jpeg' data-width=\"6\" data-bt-override-class=\"{}\"><div class=\"bt_bb_column_content\"><div class=\"bt_bb_column_content_inner\"><\/div><\/div><\/div><\/div><\/div><\/div><!-- cell_inner --><\/div><!-- cell --><\/div><!-- port --><\/section><section data-bb-version=\"5.4.2\" id=\"bt_bb_section69eb9181838e4\" class=\"bt_bb_section bt_bb_layout_boxed_1200\" style=\";background-color:rgb(9,55,79);\" data-bt-override-class=\"null\"><div class=\"bt_bb_port\"><div class=\"bt_bb_cell\"><div class=\"bt_bb_cell_inner\"><div class=\"bt_bb_row\"  data-bt-override-class=\"{}\"><div class=\"bt_bb_row_holder\" ><div data-bb-version=\"5.4.2\"  class=\"bt_bb_column col-xxl-6 col-xl-6 col-xs-12 col-sm-6 col-md-6 col-lg-6 bt_bb_vertical_align_top bt_bb_align_left btLazyLoadBackground bt_bb_column_background_image bt_bb_padding_normal\" style=\"background-image:url(&#039;https:\/\/batel.com.tr\/wp-content\/plugins\/bold-page-builder\/img\/blank.gif&#039;);; --column-width:6;\" data-background_image_src='https:\/\/batel.com.tr\/wp-content\/uploads\/2025\/10\/WhatsApp-Image-2025-10-18-at-12.53.00.jpeg' data-width=\"6\" data-bt-override-class=\"{}\"><div class=\"bt_bb_column_content\"><div class=\"bt_bb_column_content_inner\"><\/div><\/div><\/div><div data-bb-version=\"4.9.1\"  class=\"bt_bb_column col-xxl-6 col-xl-6 col-xs-12 col-sm-6 col-md-6 col-lg-6 bt_bb_vertical_align_top bt_bb_align_left bt_bb_padding_normal\" style=\"; --column-width:6;\" data-width=\"6\" data-bt-override-class=\"{}\"><div class=\"bt_bb_column_content\"><div class=\"bt_bb_column_content_inner\"><div data-bb-version=\"4.9.1\"  class=\"bt_bb_text\" ><\/p>\n<p>\u00a0<\/p>\n<p>\u00a0<\/p>\n<p>\u00a0<\/p>\n<p style=\"text-align: left;color: #ffffff\"><span class=\"TextRun SCXW56542265 BCX0\"><span class=\"NormalTextRun SCXW56542265 BCX0\">\u201cArt of\u00a0<\/span><span class=\"NormalTextRun SpellingErrorV2Themed SCXW56542265 BCX0\">Switching<\/span><span class=\"NormalTextRun SCXW56542265 BCX0\">\u201d projesi, end\u00fcstriyel at\u0131klar\u0131m\u0131z\u0131 etkileyici epoksi heykellere d\u00f6n\u00fc\u015ft\u00fcrerek teknoloji ve sanat\u0131 bir araya getiriyor.<\/span><\/span><span class=\"LineBreakBlob BlobObject DragDrop SCXW56542265 BCX0\"><span class=\"SCXW56542265 BCX0\">\u00a0<\/span><br class=\"SCXW56542265 BCX0\" \/><\/span><span class=\"TextRun SCXW56542265 BCX0\"><span class=\"NormalTextRun SCXW56542265 BCX0\">Bu \u00e7al\u0131\u015fmalar ayn\u0131 zamanda\u00a0<\/span><span class=\"NormalTextRun SpellingErrorV2Themed SCXW56542265 BCX0\">Batel's<\/span><span class=\"NormalTextRun SCXW56542265 BCX0\">\u00a0at\u0131k azaltma ve d\u00f6ng\u00fcsel ekonomi taahh\u00fcd\u00fcn\u00fc simgeliyor.<\/span><\/span><span class=\"LineBreakBlob BlobObject DragDrop SCXW56542265 BCX0\"><span class=\"SCXW56542265 BCX0\">\u00a0<\/span><br class=\"SCXW56542265 BCX0\" \/><\/span><span class=\"TextRun SCXW56542265 BCX0\"><span class=\"NormalTextRun SCXW56542265 BCX0\">Her bir eser,\u00a0<\/span><span class=\"NormalTextRun SpellingErrorV2Themed SCXW56542265 BCX0\">Batel's<\/span><span class=\"NormalTextRun SCXW56542265 BCX0\">\u00a0s\u00fcrd\u00fcr\u00fclebilirli\u011fi yarat\u0131c\u0131l\u0131kla birle\u015ftirme vizyonunu yans\u0131tarak teknik inovasyonu kal\u0131c\u0131 bir sanat formuna d\u00f6n\u00fc\u015ft\u00fcr\u00fcyor.<\/span><\/span><span class=\"LineBreakBlob BlobObject DragDrop SCXW56542265 BCX0\"><span class=\"SCXW56542265 BCX0\">\u00a0<\/span><br class=\"SCXW56542265 BCX0\" \/><\/span><\/p>\n<p>\u00a0<\/p>\n<p>\u00a0<\/p>\n<p>\u00a0<\/p>\n<p>\n<\/div><\/div><\/div><\/div><\/div><\/div><\/div><!-- cell_inner --><\/div><!-- cell --><\/div><!-- port --><\/section><section data-bb-version=\"5.4.2\" id=\"bt_bb_section69eb918184197\" class=\"bt_bb_section bt_bb_layout_boxed_1200 bt_bb_top_spacing_normal bt_bb_bottom_spacing_large\" style=\";background-color:rgb(9,55,79);\" data-bt-override-class=\"{&quot;bt_bb_top_spacing_&quot;:{&quot;current_class&quot;:&quot;bt_bb_top_spacing_normal&quot;,&quot;def&quot;:&quot;normal&quot;},&quot;bt_bb_bottom_spacing_&quot;:{&quot;current_class&quot;:&quot;bt_bb_bottom_spacing_large&quot;,&quot;def&quot;:&quot;large&quot;}}\"><div class=\"bt_bb_port\"><div class=\"bt_bb_cell\"><div class=\"bt_bb_cell_inner\"><div class=\"bt_bb_row\"  data-bt-override-class=\"{}\"><div class=\"bt_bb_row_holder\" ><div data-bb-version=\"4.9.1\"  class=\"bt_bb_column col-xxl-6 col-xl-6 col-xs-12 col-sm-6 col-md-6 col-lg-6 bt_bb_vertical_align_top bt_bb_align_left bt_bb_padding_normal\" style=\"; --column-width:6;\" data-width=\"6\" data-bt-override-class=\"{}\"><div class=\"bt_bb_column_content\"><div class=\"bt_bb_column_content_inner\"><header data-bb-version=\"5.4.2\" class=\"bt_bb_headline bt_bb_dash_none bt_bb_size_medium bt_bb_align_inherit\" style=\";color:rgb(255,255,255);border-color:rgb(255,255,255);\" data-bt-override-class=\"{&quot;bt_bb_size_&quot;:{&quot;current_class&quot;:&quot;bt_bb_size_medium&quot;,&quot;def&quot;:&quot;medium&quot;},&quot;bt_bb_align_&quot;:{&quot;current_class&quot;:&quot;bt_bb_align_inherit&quot;,&quot;def&quot;:&quot;inherit&quot;}}\"><h1><span class=\"bt_bb_headline_content\"><span>BANDIN SONU<\/span><\/span><\/h1><\/header><div data-bb-version=\"4.9.1\"  class=\"bt_bb_text\" ><\/p>\n<p>\u00a0<\/p>\n<p style=\"color: #ffffff\">\u201cBand\u0131n Sonu\u201d, \u00fcretim s\u00fcre\u00e7lerinden arta kalan end\u00fcstriyel malzemelerle in\u015fa edilmi\u015f \u00fc\u00e7 par\u00e7al\u0131 bir yerle\u015ftirmedir. Bu \u00e7al\u0131\u015fma, emek ve t\u00fcketim sistemlerinin ard\u0131nda b\u0131rakt\u0131\u011f\u0131 hem fiziksel hem de simgesel izlere dikkat \u00e7eker. Yerle\u015ftirme, \u00fcretim hatt\u0131n\u0131n sonunda konumlan\u0131r; i\u015flevini yitirmi\u015f, t\u00fcketilmi\u015f, g\u00f6z ard\u0131 edilmi\u015f olanla do\u011frudan temas kurar.<\/p>\n<p style=\"color: #ffffff\">A\u011f\u0131r ve tekrara dayal\u0131 formlardan olu\u015fan yap\u0131lar makineyi, \u00e7\u00f6k\u00fc\u015f\u00fc ve sistematik d\u00fczeni \u00e7a\u011fr\u0131\u015ft\u0131r\u0131r. Her bir par\u00e7a; bask\u0131, d\u00f6ng\u00fc ve dayat\u0131lm\u0131\u015f yap\u0131larla kurulan ili\u015fkileri sorgular.<\/p>\n<p style=\"color: #ffffff\">Yap\u0131lar\u0131n i\u00e7ine sabitlenmi\u015f k\u00fc\u00e7\u00fck insan fig\u00fcrleri, sistemin i\u00e7indeki bireyi temsil eder.<br \/>C\u0131vatalarla yerine sabitlenmi\u015f bu fig\u00fcrler, bedenin \u00fcretim makineleriyle nas\u0131l b\u00fct\u00fcnle\u015fti\u011fini, hatta zamanla nas\u0131l\u00a0g\u00f6r\u00fcnmezle\u015fti\u011fini\u00a0yans\u0131t\u0131r.<\/p>\n<p style=\"color: #ffffff\"><span class=\"TextRun SCXW136706245 BCX0\"><span class=\"NormalTextRun SCXW136706245 BCX0\">\u00a0 \u201cBand\u0131n Sonu\u201d, bir kapan\u0131\u015f de\u011fil; bir kal\u0131nt\u0131n\u0131n ifadesidir. Bu \u00e7al\u0131\u015fma, at\u0131\u011f\u0131 bir t\u00fcr haf\u0131za nesnesine d\u00f6n\u00fc\u015ft\u00fcrerek izleyiciyi geride b\u0131rak\u0131lan\u0131n politik ve \u015fiirsel y\u00fck\u00fcn\u00fc d\u00fc\u015f\u00fcnmeye davet eder.<\/span><\/span><span class=\"EOP SCXW136706245 BCX0\">\u00a0<\/span><\/p>\n<p>\n<\/div><div data-bb-version=\"4.9.1\" class=\"bt_bb_image bt_bb_shape_square bt_bb_align_inherit bt_bb_hover_style_simple bt_bb_content_display_always,;,,;,,;,,;,,;, bt_bb_content_align_middle\" data-bt-override-class=\"{&quot;bt_bb_align_&quot;:{&quot;current_class&quot;:&quot;bt_bb_align_inherit&quot;,&quot;def&quot;:&quot;inherit&quot;}}\"><span><\/span><\/div><\/div><\/div><\/div><div data-bb-version=\"5.4.2\"  class=\"bt_bb_column col-xxl-6 col-xl-6 col-xs-12 col-sm-6 col-md-6 col-lg-6 bt_bb_vertical_align_top bt_bb_align_left btLazyLoadBackground bt_bb_column_background_image bt_bb_padding_normal\" style=\"background-image:url(&#039;https:\/\/batel.com.tr\/wp-content\/plugins\/bold-page-builder\/img\/blank.gif&#039;);; --column-width:6;\" data-background_image_src='https:\/\/batel.com.tr\/wp-content\/uploads\/2025\/10\/WhatsApp-Image-2025-10-18-at-12.23.16.jpeg' data-width=\"6\" data-bt-override-class=\"{}\"><div class=\"bt_bb_column_content\"><div class=\"bt_bb_column_content_inner\"><\/div><\/div><\/div><\/div><\/div><\/div><!-- cell_inner --><\/div><!-- cell --><\/div><!-- port --><\/section><section data-bb-version=\"5.4.2\" id=\"bt_bb_section69eb918184d5a\" class=\"bt_bb_section bt_bb_layout_boxed_1200 bt_bb_bottom_spacing_normal\" style=\";background-color:rgb(9,55,79);\" data-bt-override-class=\"{&quot;bt_bb_bottom_spacing_&quot;:{&quot;current_class&quot;:&quot;bt_bb_bottom_spacing_normal&quot;,&quot;def&quot;:&quot;normal&quot;}}\"><div class=\"bt_bb_port\"><div class=\"bt_bb_cell\"><div class=\"bt_bb_cell_inner\"><div class=\"bt_bb_row\"  data-bt-override-class=\"{}\"><div class=\"bt_bb_row_holder\" ><div data-bb-version=\"5.4.2\"  class=\"bt_bb_column col-xxl-12 col-xl-12 col-xs-12 col-sm-12 col-md-12 col-lg-12 bt_bb_vertical_align_top bt_bb_align_center bt_bb_padding_normal\" style=\"; --column-width:12;\" data-width=\"12\" data-bt-override-class=\"{&quot;bt_bb_align_&quot;:{&quot;current_class&quot;:&quot;bt_bb_align_center&quot;,&quot;def&quot;:&quot;center&quot;}}\"><div class=\"bt_bb_column_content\"><div class=\"bt_bb_column_content_inner\"><div data-bb-version=\"5.4.2\" class=\"bt_bb_image bt_bb_shape_square bt_bb_align_left bt_bb_hover_style_simple bt_bb_content_display_always,;,,;,,;,,;,,;, bt_bb_content_align_middle\" data-bt-override-class=\"{&quot;bt_bb_align_&quot;:{&quot;current_class&quot;:&quot;bt_bb_align_left&quot;,&quot;def&quot;:&quot;left&quot;}}\"><span><img src = \"https:\/\/batel.com.tr\/wp-content\/plugins\/bold-page-builder\/img\/blank.gif\" data-full_image_src=\"https:\/\/batel.com.tr\/wp-content\/uploads\/2025\/10\/asdasd-2.png\" data-image_src=\"https:\/\/batel.com.tr\/wp-content\/uploads\/2025\/10\/asdasd-2.png\" title=\"asdasd\" alt=\"https:\/\/batel.com.tr\/wp-content\/uploads\/2025\/10\/asdasd-2.png\" class=\"btLazyLoadImage\"><\/span><\/div><div data-bb-version=\"4.9.1\"  class=\"bt_bb_text\" ><\/p>\n<p style=\"text-align: left;color: white\">\n<p style=\"text-align: left;color: white\">\u00a0 \u00a0 \u00a0\u201c\u00dcretim band\u0131n\u0131n sonunda ortaya \u00e7\u0131kan s\u0131v\u0131 ve kat\u0131 at\u0131klar\u0131n nas\u0131l de\u011ferlendirilebilece\u011fi \u00fczerine yo\u011funla\u015ft\u0131m. Bu at\u0131klar\u0131 sanatsal,\u00a0 \u00a0 \u00a0 \u00a0 \u00a0 dekoratif ve i\u015flevsel bi\u00e7imlerde d\u00f6n\u00fc\u015ft\u00fcrmenin yollar\u0131n\u0131 ara\u015ft\u0131rd\u0131m. S\u00fcrd\u00fcr\u00fclebilir bir ileri d\u00f6n\u00fc\u015f\u00fcm yakla\u015f\u0131m\u0131yla ortaya \u00e7\u0131kan ilk\u00a0 \u00a0 \u00a0 \u00a0 \u00a0 \u00f6rnekler, bu \u00e7aban\u0131n somut sonu\u00e7lar\u0131 oldu. Bu sonu\u00e7lar\u0131n yaratt\u0131\u011f\u0131 yeni hayallerin pe\u015finden gitmeye devam ediyorum. Bu\u00a0 \u00a0 \u00a0 \u00a0 \u00a0 \u00a0 \u00a0 \u00a0 \u00a0 \u00a0 \u00a0 yolculuk boyunca desteklerini ve g\u00fcvenlerini esirgemeyen BATEL ailesine te\u015fekk\u00fcr ederim.\u201d<\/p>\n<p>\n<\/div><div data-bb-version=\"4.9.1\"  class=\"bt_bb_text\" ><\/p>\n<p style=\"color: white;text-align: left\">\u00a0 \u00a0<\/p>\n<p>\u00a0<\/p>\n<p style=\"color: white;text-align: left\">\u00a0 \u00a0 \u00a0 \u00a0Refik ACUN \u2013 Sanat\u00e7\u0131<\/p>\n<p>\u00a0<\/p>\n<p>\n<\/div><\/div><\/div><\/div><\/div><\/div><\/div><!-- cell_inner --><\/div><!-- cell --><\/div><!-- port --><\/section><section data-bb-version=\"5.4.2\" id=\"bt_bb_section69eb918185913\" class=\"bt_bb_section bt_bb_layout_boxed_1200\" style=\";background-color:rgb(9,55,79);\" data-bt-override-class=\"null\"><div class=\"bt_bb_port\"><div class=\"bt_bb_cell\"><div class=\"bt_bb_cell_inner\"><div class=\"bt_bb_row\"  data-bt-override-class=\"{}\"><div class=\"bt_bb_row_holder\" ><div data-bb-version=\"5.4.2\"  class=\"bt_bb_column col-xxl-3 col-xl-3 col-xs-12 col-sm-12 col-md-12 col-lg-3 bt_bb_vertical_align_top bt_bb_align_left bt_bb_padding_0\" style=\"; --column-width:3;\" data-width=\"3\" data-bt-override-class=\"{&quot;bt_bb_padding_&quot;:{&quot;current_class&quot;:&quot;bt_bb_padding_0&quot;,&quot;def&quot;:&quot;0&quot;}}\"><div class=\"bt_bb_column_content\"><div class=\"bt_bb_column_content_inner\"><\/div><\/div><\/div><div data-bb-version=\"4.9.1\"  class=\"bt_bb_column col-xxl-9 col-xl-9 col-xs-12 col-sm-12 col-md-12 col-lg-9 bt_bb_vertical_align_top bt_bb_align_left bt_bb_padding_normal\" style=\"; --column-width:9;\" data-width=\"9\" data-bt-override-class=\"{}\"><div class=\"bt_bb_column_content\"><div class=\"bt_bb_column_content_inner\"><div data-bb-version=\"5.4.2\" class=\"bt_bb_slider bt_bb_height_keep-height bt_bb_multiple_slides bt_bb_use_lightbox bt_bb_animation_slide animate bt_bb_overflow_yes bt_bb_arrows_size_hide\"><div class=\"slick-slider\"  data-slick='{ \"lazyLoad\": \"progressive\", \"cssEase\": \"ease-out\", \"speed\": \"300\", \"prevArrow\": \"\", \"nextArrow\": \"\",\"slidesToShow\": 1, \"autoplay\": true, \"autoplaySpeed\": 3000, \"pauseOnHover\": false}' ><div class=\"bt_bb_slider_item\" data-src-full=\"https:\/\/batel.com.tr\/wp-content\/uploads\/2025\/10\/WhatsApp-Image-2025-10-18-at-12.52.19.jpeg\"><img decoding=\"async\" src=\"https:\/\/batel.com.tr\/wp-content\/uploads\/2025\/10\/WhatsApp-Image-2025-10-18-at-12.52.19-640x480.jpeg\" alt=\"WhatsApp Image 2025-10-18 at 12.52.19\"  title=\"WhatsApp Image 2025-10-18 at 12.52.19\"><\/div><div class=\"bt_bb_slider_item\" data-src-full=\"https:\/\/batel.com.tr\/wp-content\/uploads\/2025\/10\/WhatsApp-Image-2025-10-18-at-12.52.32.jpeg\"><img decoding=\"async\" src=\"https:\/\/batel.com.tr\/wp-content\/uploads\/2025\/10\/WhatsApp-Image-2025-10-18-at-12.52.32-640x480.jpeg\" alt=\"WhatsApp Image 2025-10-18 at 12.52.32\"  title=\"WhatsApp Image 2025-10-18 at 12.52.32\"><\/div><div class=\"bt_bb_slider_item\" data-src-full=\"https:\/\/batel.com.tr\/wp-content\/uploads\/2025\/10\/WhatsApp-Image-2025-10-18-at-12.53.00-1.jpeg\"><img decoding=\"async\" src=\"https:\/\/batel.com.tr\/wp-content\/uploads\/2025\/10\/WhatsApp-Image-2025-10-18-at-12.53.00-1-640x480.jpeg\" alt=\"WhatsApp Image 2025-10-18 at 12.53.00\"  title=\"WhatsApp Image 2025-10-18 at 12.53.00\"><\/div><div class=\"bt_bb_slider_item\" data-src-full=\"https:\/\/batel.com.tr\/wp-content\/uploads\/2025\/10\/WhatsApp-Image-2025-10-18-at-12.58.46.jpeg\"><img decoding=\"async\" src=\"https:\/\/batel.com.tr\/wp-content\/uploads\/2025\/10\/WhatsApp-Image-2025-10-18-at-12.58.46-640x480.jpeg\" alt=\"WhatsApp Image 2025-10-18 at 12.58.46\"  title=\"WhatsApp Image 2025-10-18 at 12.58.46\"><\/div><div class=\"bt_bb_slider_item\" data-src-full=\"https:\/\/batel.com.tr\/wp-content\/uploads\/2025\/10\/WhatsApp-Image-2025-10-18-at-12.58.47-1.jpeg\"><img decoding=\"async\" src=\"https:\/\/batel.com.tr\/wp-content\/uploads\/2025\/10\/WhatsApp-Image-2025-10-18-at-12.58.47-1-640x480.jpeg\" alt=\"WhatsApp Image 2025-10-18 at 12.58.47 (1)\"  title=\"WhatsApp Image 2025-10-18 at 12.58.47 (1)\"><\/div><div class=\"bt_bb_slider_item\" data-src-full=\"https:\/\/batel.com.tr\/wp-content\/uploads\/2025\/10\/WhatsApp-Image-2025-10-18-at-12.58.47.jpeg\"><img decoding=\"async\" src=\"https:\/\/batel.com.tr\/wp-content\/uploads\/2025\/10\/WhatsApp-Image-2025-10-18-at-12.58.47-640x480.jpeg\" alt=\"WhatsApp Image 2025-10-18 at 12.58.47\"  title=\"WhatsApp Image 2025-10-18 at 12.58.47\"><\/div><div class=\"bt_bb_slider_item\" data-src-full=\"https:\/\/batel.com.tr\/wp-content\/uploads\/2025\/10\/WhatsApp-Image-2025-10-18-at-13.01.20.jpeg\"><img decoding=\"async\" src=\"https:\/\/batel.com.tr\/wp-content\/uploads\/2025\/10\/WhatsApp-Image-2025-10-18-at-13.01.20-640x480.jpeg\" alt=\"WhatsApp Image 2025-10-18 at 13.01.20\"  title=\"WhatsApp Image 2025-10-18 at 13.01.20\"><\/div><\/div><\/div><div data-bb-version=\"4.9.1\"  class=\"bt_bb_text\" ><\/p>\n<p>\u00a0<\/p>\n<p>\u00a0<\/p>\n<p>\n<\/div><\/div><\/div><\/div><\/div><\/div><\/div><!-- cell_inner --><\/div><!-- cell --><\/div><!-- port --><\/section><\/p>","protected":false},"excerpt":{"rendered":"<p>Quickly communicate enabled technology and turnkey leadership skills. Uniquely enable accurate supply chains rather than frictionless technology. Globally network focused materials vis-a-vis cost effective products.<\/p>","protected":false},"author":1,"featured_media":582,"parent":0,"menu_order":0,"comment_status":"closed","ping_status":"closed","template":"","meta":{"footnotes":""},"class_list":["post-1636","page","type-page","status-publish","has-post-thumbnail","hentry"],"_links":{"self":[{"href":"https:\/\/batel.com.tr\/en\/wp-json\/wp\/v2\/pages\/1636","targetHints":{"allow":["GET"]}}],"collection":[{"href":"https:\/\/batel.com.tr\/en\/wp-json\/wp\/v2\/pages"}],"about":[{"href":"https:\/\/batel.com.tr\/en\/wp-json\/wp\/v2\/types\/page"}],"author":[{"embeddable":true,"href":"https:\/\/batel.com.tr\/en\/wp-json\/wp\/v2\/users\/1"}],"replies":[{"embeddable":true,"href":"https:\/\/batel.com.tr\/en\/wp-json\/wp\/v2\/comments?post=1636"}],"version-history":[{"count":21,"href":"https:\/\/batel.com.tr\/en\/wp-json\/wp\/v2\/pages\/1636\/revisions"}],"predecessor-version":[{"id":2385,"href":"https:\/\/batel.com.tr\/en\/wp-json\/wp\/v2\/pages\/1636\/revisions\/2385"}],"wp:featuredmedia":[{"embeddable":true,"href":"https:\/\/batel.com.tr\/en\/wp-json\/wp\/v2\/media\/582"}],"wp:attachment":[{"href":"https:\/\/batel.com.tr\/en\/wp-json\/wp\/v2\/media?parent=1636"}],"curies":[{"name":"wp","href":"https:\/\/api.w.org\/{rel}","templated":true}]}}