{"id":1408,"date":"2025-10-11T23:21:29","date_gmt":"2025-10-11T20:21:29","guid":{"rendered":"https:\/\/batel.com.tr\/?page_id=1408"},"modified":"2025-10-18T16:21:13","modified_gmt":"2025-10-18T13:21:13","slug":"surdurulebilirlik-politikasi","status":"publish","type":"page","link":"https:\/\/batel.com.tr\/en\/batel\/surdurulebilirlik-politikasi\/","title":{"rendered":"Sustainability Policy"},"content":{"rendered":"<section data-bb-version=\"5.4.2\" id=\"bt_bb_section69eb9187d5dc4\" class=\"bt_bb_section bt_bb_layout_boxed_1200 bt_bb_top_spacing_medium bt_bb_bottom_spacing_medium\"  data-bt-override-class=\"{&quot;bt_bb_top_spacing_&quot;:{&quot;current_class&quot;:&quot;bt_bb_top_spacing_medium&quot;,&quot;def&quot;:&quot;medium&quot;},&quot;bt_bb_bottom_spacing_&quot;:{&quot;current_class&quot;:&quot;bt_bb_bottom_spacing_medium&quot;,&quot;def&quot;:&quot;medium&quot;}}\"><div class=\"bt_bb_port\"><div class=\"bt_bb_cell\"><div class=\"bt_bb_cell_inner\"><div class=\"bt_bb_row\"  data-bt-override-class=\"{}\"><div class=\"bt_bb_row_holder\" ><div data-bb-version=\"4.9.1\"  class=\"bt_bb_column col-xxl-12 col-xl-12 col-xs-12 col-sm-12 col-md-12 col-lg-12 bt_bb_vertical_align_top bt_bb_align_left bt_bb_padding_normal\" style=\"; --column-width:12;\" data-width=\"12\" data-bt-override-class=\"{}\"><div class=\"bt_bb_column_content\"><div class=\"bt_bb_column_content_inner\"><div data-bb-version=\"4.9.1\"  class=\"bt_bb_text\" ><\/p>\n<p style=\"text-align: left;color: #000000\"><span class=\"TextRun SCXW49659019 BCX0\"><span class=\"NormalTextRun SCXW49659019 BCX0\">BATEL\u2019de s\u00fcrd\u00fcr\u00fclebilirli\u011fi tasar\u0131mdan \u00fcretime ve teslimata kadar her a\u015famaya d\u00e2hil ediyoruz. Sorumlu inovasyonu ve operasyonel m\u00fckemmeliyeti \u00f6nemsiyoruz, bu yakla\u015f\u0131m\u0131 \u00fcr\u00fcn m\u00fchendisli\u011finden toplumsal katk\u0131lar\u0131m\u0131za kadar t\u00fcm s\u00fcre\u00e7lerimize yans\u0131t\u0131yoruz. En iyi uygulamalardan ilham al\u0131yor, ancak kendi \u00f6l\u00e7e\u011fimize ve ger\u00e7ekli\u011fimize uygun \u00e7\u00f6z\u00fcmler geli\u015ftiriyoruz. \u00c7evresel sorumluluk, sosyal katk\u0131, etik y\u00f6netim ve yenilik\u00e7ilik \u00e7al\u0131\u015fmalar\u0131m\u0131z\u0131n temelinde yer al\u0131yor. Global bir bak\u0131\u015f a\u00e7\u0131s\u0131yla hareket ediyor, ayn\u0131 za<\/span><span class=\"NormalTextRun SCXW49659019 BCX0\">manda yerel ihtiya\u00e7 ve ko\u015fullara uyum sa\u011fl\u0131yoruz.<\/span><\/span><span class=\"EOP SCXW49659019 BCX0\">\u00a0<\/span><\/p>\n<p>\n<\/div><div data-bb-version=\"4.9.1\" class=\"bt_bb_separator bt_bb_border_style_solid bt_bb_top_spacing_extra_small bt_bb_bottom_spacing_extra_small\" data-bt-override-class=\"{&quot;bt_bb_top_spacing_&quot;:{&quot;current_class&quot;:&quot;bt_bb_top_spacing_extra_small&quot;,&quot;def&quot;:&quot;extra_small&quot;},&quot;bt_bb_bottom_spacing_&quot;:{&quot;current_class&quot;:&quot;bt_bb_bottom_spacing_extra_small&quot;,&quot;def&quot;:&quot;extra_small&quot;}}\"><\/div><div  class=\"bt_bb_text\" ><\/p>\n<p><strong><\/p>\n<p style=\"color:#1d76c4\">1. Ama\u00e7<\/strong><\/p>\n<p style=\"text-align: left;color: #000000\">Bu politika, BATEL\u2019in uzun vadeli s\u00fcrd\u00fcr\u00fclebilir b\u00fcy\u00fcme ve sorumlu i\u015f yapma taahh\u00fcd\u00fcn\u00fc ortaya koyuyor. S\u00fcrd\u00fcr\u00fclebilirli\u011fi \u015firketin t\u00fcm kademelerine entegre edecek net ve uygulanabilir bir \u00e7er\u00e7eve sunuyor. \u0130klim eylemi, kaynak verimlili\u011fi, sosyal sorumluluk, etik y\u00f6neti\u015fim ve inovasyonu kapsayan be\u015f temel alanda yolumuzu \u00e7iziyoruz. Bu sayede AB Ye\u015fil Mutabakat\u0131 hedeflerine, T\u00fcrkiye\u2019nin Ye\u015fil Kalk\u0131nma Stratejisi\u2019ne ve BM S\u00fcrd\u00fcr\u00fclebilir Kalk\u0131nma Ama\u00e7lar\u0131\u2019na katk\u0131 sa\u011fl\u0131yoruz.<\/p>\n<p>\n<\/div><div data-bb-version=\"4.9.1\" class=\"bt_bb_separator bt_bb_border_style_solid bt_bb_top_spacing_extra_small bt_bb_bottom_spacing_extra_small\" data-bt-override-class=\"{&quot;bt_bb_top_spacing_&quot;:{&quot;current_class&quot;:&quot;bt_bb_top_spacing_extra_small&quot;,&quot;def&quot;:&quot;extra_small&quot;},&quot;bt_bb_bottom_spacing_&quot;:{&quot;current_class&quot;:&quot;bt_bb_bottom_spacing_extra_small&quot;,&quot;def&quot;:&quot;extra_small&quot;}}\"><\/div><div data-bb-version=\"5.4.2\"  class=\"bt_bb_text\" ><\/p>\n<p><strong><\/p>\n<p style=\"color:#1d76c4\">2. Kapsam<\/strong><\/p>\n<p style=\"text-align: left;color: #000000\">Bu politika t\u00fcm BATEL \u00e7al\u0131\u015fanlar\u0131n\u0131, tedarik\u00e7ilerini, ta\u015feronlar\u0131n\u0131 ve i\u015f ortaklar\u0131n\u0131 kapsamaktad\u0131r. S\u00fcrd\u00fcr\u00fclebilirli\u011fi g\u00fcnl\u00fck operasyonlara, planlamalara ve karar alma s\u00fcre\u00e7lerine yerle\u015fmi\u015f ortak bir sorumluluk olarak g\u00f6r\u00fcyoruz. Taahh\u00fcd\u00fcm\u00fcz tedarik zincirimizin tamam\u0131n\u0131 ve faaliyet g\u00f6sterdi\u011fimiz t\u00fcm b\u00f6lgeleri i\u00e7ine al\u0131yor; \u00fcr\u00fcnlerimizin, s\u00fcre\u00e7lerimizin ve i\u015f ili\u015fkilerimizin hem uluslararas\u0131 beklentilere hem de yerel ko\u015fullara uygun olmas\u0131n\u0131 sa\u011fl\u0131yoruz.<\/p>\n<p>\n<\/div><div data-bb-version=\"4.9.1\" class=\"bt_bb_separator bt_bb_border_style_solid bt_bb_top_spacing_extra_small bt_bb_bottom_spacing_extra_small\" data-bt-override-class=\"{&quot;bt_bb_top_spacing_&quot;:{&quot;current_class&quot;:&quot;bt_bb_top_spacing_extra_small&quot;,&quot;def&quot;:&quot;extra_small&quot;},&quot;bt_bb_bottom_spacing_&quot;:{&quot;current_class&quot;:&quot;bt_bb_bottom_spacing_extra_small&quot;,&quot;def&quot;:&quot;extra_small&quot;}}\"><\/div><div data-bb-version=\"5.4.2\"  class=\"bt_bb_text\" ><\/p>\n<p><strong><\/p>\n<p style=\"color:#1d76c4\">3. Sorumluluklar<\/strong><\/p>\n<p style=\"text-align: left;color: #000000\">Bu dok\u00fcman, BATEL\u2019de s\u00fcrd\u00fcr\u00fclebilirlikle ilgili t\u00fcm karar s\u00fcre\u00e7lerinde temel referans olarak kullan\u0131lmaktad\u0131r. Uygulama sorumlulu\u011fu y\u00f6netimde bulunuyor ve t\u00fcm ekipler taraf\u0131ndan destekleniyor. Y\u00f6netim, s\u00fcrd\u00fcr\u00fclebilirlik hedef ve programlar\u0131n\u0131 onayl\u0131yor, operasyonlara entegre ediyor ve s\u00fcre\u00e7lerin belirlenen konular, temalar ve hedeflerle uyumlu olmas\u0131n\u0131 sa\u011fl\u0131yor. Stratejimizi T\u00fcrkiye ve AB d\u00fczenlemeleri ve \u00e7evresel geli\u015fmeler do\u011frultusunda g\u00fcncelliyoruz, mevzuat uyumu i\u00e7in ilgili kurumlarla i\u015f birli\u011fi yap\u0131yoruz.<\/p>\n<p>\n<\/div><div data-bb-version=\"4.9.1\" class=\"bt_bb_separator bt_bb_border_style_solid bt_bb_top_spacing_extra_small bt_bb_bottom_spacing_extra_small\" data-bt-override-class=\"{&quot;bt_bb_top_spacing_&quot;:{&quot;current_class&quot;:&quot;bt_bb_top_spacing_extra_small&quot;,&quot;def&quot;:&quot;extra_small&quot;},&quot;bt_bb_bottom_spacing_&quot;:{&quot;current_class&quot;:&quot;bt_bb_bottom_spacing_extra_small&quot;,&quot;def&quot;:&quot;extra_small&quot;}}\"><\/div><div  class=\"bt_bb_text\" ><\/p>\n<p><b><\/p>\n<p style=\"color:#1d76c4\">4.Konular, Temalar ve Stratejik Hedefler<\/b><\/p>\n<p><b><\/p>\n<p style=\"color:#1d76c4\">Konu 1 \u2013 D\u00fc\u015f\u00fck Karbon Ayak \u0130zi i\u00e7in Teknolojiler ve Yenilikler<\/b><br \/>\n<b>Tema: SF\u2086 \u0130\u00e7ermeyen \u0130novasyon<\/b><\/p>\n<ul>\n<li>\n<p style=\"text-align: left;color: #000000\"><i>Hedef 1:<\/i> \u00c7evresel etkisi d\u00fc\u015f\u00fck, d\u00f6ng\u00fcsel ve enerji verimli tasar\u0131mlar geli\u015ftirmek.<\/p>\n<\/li>\n<li>\n<p style=\"text-align: left;color: #000000\"><i>Hedef 2:<\/i> Etik i\u015f g\u00fcc\u00fc uygulayan ve \u00e7evresel sorumluluk sahibi tedarik\u00e7ilerle \u00e7al\u0131\u015fmak.<\/p>\n<\/li>\n<\/ul>\n<p><b><\/p>\n<p style=\"color:#1d76c4\">Konu 2 \u2013 Ak\u0131ll\u0131 Operasyonlar, Temiz Etki<\/p>\n<p style=\"color:#1d76c4\">Tema: Kaynak Verimlili\u011fi ve At\u0131k Y\u00f6netimi<\/b><\/p>\n<ul>\n<li>\n<p style=\"text-align: left;color: #000000\"><i>Hedef 3:<\/i> Geri d\u00f6n\u00fc\u015f\u00fcm, yeniden kullan\u0131m ve sorumlu bertaraf ile end\u00fcstriyel at\u0131klar\u0131 azaltmak.<\/p>\n<\/li>\n<li>\n<p style=\"text-align: left;color: #000000\"><i>Hedef 4:<\/i> Enerji ve su t\u00fcketimini optimize etmek.<\/p>\n<\/li>\n<\/ul>\n<p><b><\/p>\n<p style=\"color:#1d76c4\">Tema: Operasyonlarda S\u0131f\u0131r Karbon<\/b><\/p>\n<ul>\n<li>\n<p style=\"text-align: left;color: #000000\"><i>Hedef 5:<\/i> Karbon ayak izimizi y\u0131ll\u0131k olarak \u00f6l\u00e7mek ve azaltmak.<\/p>\n<\/li>\n<li>\n<p style=\"text-align: left;color: #000000\"><i>Hedef 6:<\/i> Operasyonlarda yenilenebilir enerji pay\u0131n\u0131 art\u0131rmak.<\/p>\n<\/li>\n<\/ul>\n<p><b><\/p>\n<p style=\"color:#1d76c4\">Konu 3 \u2013 G\u00fc\u00e7l\u00fc \u0130nsanlar, Dayan\u0131kl\u0131 Toplumlar<\/b><br \/>\n<b>Tema: \u00c7al\u0131\u015fma Ortam\u0131 ve Kapsay\u0131c\u0131l\u0131k<\/b><\/p>\n<ul>\n<li>\n<p style=\"text-align: left;color: #000000\"><i>Hedef 7:<\/i> Sa\u011fl\u0131kl\u0131, g\u00fcvenli ve sayg\u0131l\u0131 bir i\u015f ortam\u0131 sunmak.<\/p>\n<\/li>\n<li>\n<p style=\"text-align: left;color: #000000\"><i>Hedef 8:<\/i> T\u00fcm seviyelerde \u00e7e\u015fitlilik ve e\u015fit f\u0131rsat sa\u011flamak.<\/p>\n<\/li>\n<\/ul>\n<p><b><\/p>\n<p style=\"color:#1d76c4\">Tema: Toplumsal Katk\u0131<\/b><\/p>\n<ul>\n<li>\n<p style=\"text-align: left;color: #000000\"><i>Hedef 9:<\/i> E\u011fitim, \u00e7evre fark\u0131ndal\u0131\u011f\u0131 ve mesleki geli\u015fim projelerini desteklemek.<\/p>\n<\/li>\n<li>\n<p style=\"text-align: left;color: #000000\"><i>Hedef 10:<\/i> Yerel toplumlarla uzun vadeli de\u011fer yaratan ili\u015fkiler kurmak.<\/p>\n<\/li>\n<\/ul>\n<p><b><\/p>\n<p style=\"color:#1d76c4\">Konu 4 \u2013 \u015eeffaf Y\u00f6neti\u015fim ve Sorumlu Liderlik<\/b><br \/>\n<b>Tema: Etik ve Uyum<\/b><\/p>\n<ul>\n<li>\n<p style=\"text-align: left;color: #000000\"><i>Hedef 11:<\/i> T\u00fcm i\u015f s\u00fcre\u00e7lerinde \u015feffafl\u0131k ve d\u00fcr\u00fcstl\u00fc\u011f\u00fc korumak.<\/p>\n<\/li>\n<li>\n<p style=\"text-align: left;color: #000000\"><i>Hedef 12:<\/i> AB \u00e7evre mevzuatlar\u0131 ve RoHS, REACH gibi standartlara uyum sa\u011flamak.<\/p>\n<\/li>\n<\/ul>\n<p><b><\/p>\n<p style=\"color:#1d76c4\">Konu 5 \u2013 Gelecek Odakl\u0131 \u0130novasyon<\/b><br \/>\n<b>Tema: S\u00fcrd\u00fcr\u00fclebilir Teknoloji i\u00e7in Ar-Ge<\/b><\/p>\n<ul>\n<li>\n<p style=\"text-align: left;color: #000000\"><i>Hedef 13:<\/i> Gelece\u011fin d\u00fczenleyici ve pazara y\u00f6nelik ihtiya\u00e7lar\u0131na uygun \u00e7evreci teknolojilere yat\u0131r\u0131m yapmak.<\/p>\n<\/li>\n<li>\n<p style=\"text-align: left;color: #000000\"><i>Hedef 14:<\/i> Yenilik s\u00fcre\u00e7lerinin her a\u015famas\u0131na \u00e7evresel ve sosyal etkiyi dahil etmek.<\/p>\n<\/li>\n<\/ul>\n<p>\n<\/div><div data-bb-version=\"4.9.1\" class=\"bt_bb_separator bt_bb_border_style_solid bt_bb_top_spacing_extra_small bt_bb_bottom_spacing_extra_small\" data-bt-override-class=\"{&quot;bt_bb_top_spacing_&quot;:{&quot;current_class&quot;:&quot;bt_bb_top_spacing_extra_small&quot;,&quot;def&quot;:&quot;extra_small&quot;},&quot;bt_bb_bottom_spacing_&quot;:{&quot;current_class&quot;:&quot;bt_bb_bottom_spacing_extra_small&quot;,&quot;def&quot;:&quot;extra_small&quot;}}\"><\/div><div  class=\"bt_bb_text\" ><\/p>\n<p><strong style=\"text-align: left\"><\/p>\n<p style=\"color:#1d76c4\">5.Uygulama<\/strong><\/p>\n<p style=\"text-align: left;color: #000000\">BATEL bu politikay\u0131 hayata ge\u00e7irmek \u00fczere:<\/p>\n<ol>\n<li data-leveltext=\"%1.\" data-font=\"\" data-listid=\"8\" data-aria-posinset=\"1\" data-aria-level=\"1\">\n<p style=\"text-align: left;color: #000000\">Her\u00a0Konu\u00a0i\u00e7in net hedefler ve uygulama rehberleri tan\u0131mlar.<\/p>\n<\/li>\n<li data-leveltext=\"%1.\" data-font=\"\" data-listid=\"8\" data-aria-posinset=\"1\" data-aria-level=\"1\">\n<p style=\"text-align: left;color: #000000\">\u0130\u00e7 s\u00fcre\u00e7lerini s\u00fcrd\u00fcr\u00fclebilirlik gereklilikleri do\u011frultusunda g\u00f6zden ge\u00e7irir.<\/p>\n<\/li>\n<li data-leveltext=\"%1.\" data-font=\"\" data-listid=\"8\" data-aria-posinset=\"1\" data-aria-level=\"1\">\n<p style=\"text-align: left;color: #000000\">\u00d6l\u00e7\u00fclebilir g\u00f6stergeler belirleyerek ilerlemeyi y\u0131ll\u0131k bazda takip eder.<\/p>\n<\/li>\n<\/ol>\n<p>\n<\/div><div data-bb-version=\"4.9.1\" class=\"bt_bb_separator bt_bb_border_style_solid bt_bb_top_spacing_extra_small bt_bb_bottom_spacing_extra_small\" data-bt-override-class=\"{&quot;bt_bb_top_spacing_&quot;:{&quot;current_class&quot;:&quot;bt_bb_top_spacing_extra_small&quot;,&quot;def&quot;:&quot;extra_small&quot;},&quot;bt_bb_bottom_spacing_&quot;:{&quot;current_class&quot;:&quot;bt_bb_bottom_spacing_extra_small&quot;,&quot;def&quot;:&quot;extra_small&quot;}}\"><\/div><div  class=\"bt_bb_text\" ><\/p>\n<p><strong><\/p>\n<p style=\"color:#1d76c4\">6.Destekleyici Politikalar<\/strong><\/p>\n<ul>\n<li data-leveltext=\"\u25cf\" data-font=\"Noto Sans Symbols\" data-listid=\"9\" data-aria-posinset=\"1\" data-aria-level=\"1\">\n<p style=\"text-align: left;color: #000000\">Etik Kurallar<\/p>\n<\/li>\n<\/ul>\n<ul>\n<li data-leveltext=\"\u25cf\" data-font=\"Noto Sans Symbols\" data-listid=\"9\" data-aria-posinset=\"2\" data-aria-level=\"1\">\n<p style=\"text-align: left;color: #000000\">\u0130\u015f Sa\u011fl\u0131\u011f\u0131 ve G\u00fcvenli\u011fi Politikas\u0131<\/p>\n<\/li>\n<\/ul>\n<ul>\n<li data-leveltext=\"\u25cf\" data-font=\"Noto Sans Symbols\" data-listid=\"9\" data-aria-posinset=\"3\" data-aria-level=\"1\">\n<p style=\"text-align: left;color: #000000\">Kalite\u00a0Politikas\u0131<\/p>\n<\/li>\n<\/ul>\n<ul>\n<li data-leveltext=\"\u25cf\" data-font=\"Noto Sans Symbols\" data-listid=\"9\" data-aria-posinset=\"4\" data-aria-level=\"1\">\n<p style=\"text-align: left;color: #000000\">\u00c7evre Y\u00f6netim Politikas\u0131<\/p>\n<\/li>\n<\/ul>\n<ul>\n<li data-leveltext=\"\u25cf\" data-font=\"Noto Sans Symbols\" data-listid=\"9\" data-aria-posinset=\"5\" data-aria-level=\"1\">\n<p style=\"text-align: left;color: #000000\">Gizlilik ve Veri Koruma Politikas\u0131<\/p>\n<\/li>\n<\/ul>\n<ul>\n<li data-leveltext=\"\u25cf\" data-font=\"Noto Sans Symbols\" data-listid=\"9\" data-aria-posinset=\"8\" data-aria-level=\"1\">\n<p style=\"text-align: left;color: #000000\">Yolsuzlukla M\u00fccadele ve Adil Rekabet\u00a0Politikas\u0131<\/p>\n<\/li>\n<\/ul>\n<ul>\n<li data-leveltext=\"\u25cf\" data-font=\"Noto Sans Symbols\" data-listid=\"9\" data-aria-posinset=\"9\" data-aria-level=\"1\">\n<p style=\"text-align: left;color: #000000\">Tedarik\u00e7i Davran\u0131\u015f Kurallar\u0131<\/p>\n<\/li>\n<\/ul>\n<p>\n<\/div><div data-bb-version=\"4.9.1\" class=\"bt_bb_separator bt_bb_border_style_solid bt_bb_top_spacing_extra_small bt_bb_bottom_spacing_extra_small\" data-bt-override-class=\"{&quot;bt_bb_top_spacing_&quot;:{&quot;current_class&quot;:&quot;bt_bb_top_spacing_extra_small&quot;,&quot;def&quot;:&quot;extra_small&quot;},&quot;bt_bb_bottom_spacing_&quot;:{&quot;current_class&quot;:&quot;bt_bb_bottom_spacing_extra_small&quot;,&quot;def&quot;:&quot;extra_small&quot;}}\"><\/div><div  class=\"bt_bb_text\" ><\/p>\n<p><strong><\/p>\n<p style=\"color:#1d76c4\">7.Son H\u00fck\u00fcmler<\/strong><\/p>\n<p style=\"text-align: left;color: #000000\">Bu politika kamuya a\u00e7\u0131kt\u0131r ve y\u0131lda en az bir kez g\u00f6zden ge\u00e7irilir. Gerekti\u011finde mevzuat ya da stratejideki de\u011fi\u015fikliklere g\u00f6re g\u00fcncellenir.<\/p>\n<p style=\"text-align: left;color: #000000\">Performans; i\u00e7 denetimler, sekt\u00f6r k\u0131yaslamalar\u0131 ve bo\u015fluk analizleriyle takip edilir<\/p>\n<p>\n<\/div><\/div><\/div><\/div><\/div><\/div><\/div><!-- cell_inner --><\/div><!-- cell --><\/div><!-- port --><\/section>","protected":false},"excerpt":{"rendered":"<p>Distinctively exploit optimal alignments for intuitive bandwidth. Quickly coordinate e-business applications through revolutionary catalysts for change. Seamlessly underwhelm optimal testing procedures whereas bricks-and-clicks processes.<\/p>","protected":false},"author":1,"featured_media":578,"parent":440,"menu_order":0,"comment_status":"closed","ping_status":"closed","template":"","meta":{"footnotes":""},"class_list":["post-1408","page","type-page","status-publish","has-post-thumbnail","hentry"],"_links":{"self":[{"href":"https:\/\/batel.com.tr\/en\/wp-json\/wp\/v2\/pages\/1408","targetHints":{"allow":["GET"]}}],"collection":[{"href":"https:\/\/batel.com.tr\/en\/wp-json\/wp\/v2\/pages"}],"about":[{"href":"https:\/\/batel.com.tr\/en\/wp-json\/wp\/v2\/types\/page"}],"author":[{"embeddable":true,"href":"https:\/\/batel.com.tr\/en\/wp-json\/wp\/v2\/users\/1"}],"replies":[{"embeddable":true,"href":"https:\/\/batel.com.tr\/en\/wp-json\/wp\/v2\/comments?post=1408"}],"version-history":[{"count":18,"href":"https:\/\/batel.com.tr\/en\/wp-json\/wp\/v2\/pages\/1408\/revisions"}],"predecessor-version":[{"id":1964,"href":"https:\/\/batel.com.tr\/en\/wp-json\/wp\/v2\/pages\/1408\/revisions\/1964"}],"up":[{"embeddable":true,"href":"https:\/\/batel.com.tr\/en\/wp-json\/wp\/v2\/pages\/440"}],"wp:featuredmedia":[{"embeddable":true,"href":"https:\/\/batel.com.tr\/en\/wp-json\/wp\/v2\/media\/578"}],"wp:attachment":[{"href":"https:\/\/batel.com.tr\/en\/wp-json\/wp\/v2\/media?parent=1408"}],"curies":[{"name":"wp","href":"https:\/\/api.w.org\/{rel}","templated":true}]}}