{"id":1379,"date":"2025-10-11T14:11:04","date_gmt":"2025-10-11T11:11:04","guid":{"rendered":"https:\/\/batel.com.tr\/?page_id=1379"},"modified":"2026-04-13T15:00:32","modified_gmt":"2026-04-13T12:00:32","slug":"yasal-bilgilendirme","status":"publish","type":"page","link":"https:\/\/batel.com.tr\/en\/batel\/yasal-bilgilendirme\/","title":{"rendered":"Legal Information"},"content":{"rendered":"<section data-bb-version=\"4.9.1\" id=\"bt_bb_section69eb91801b68d\" class=\"bt_bb_section bt_bb_layout_boxed_1200\"  data-bt-override-class=\"null\"><div class=\"bt_bb_port\"><div class=\"bt_bb_cell\"><div class=\"bt_bb_cell_inner\"><div class=\"bt_bb_row\"  data-bt-override-class=\"{}\"><div class=\"bt_bb_row_holder\" ><div data-bb-version=\"4.9.1\"  class=\"bt_bb_column col-xxl-12 col-xl-12 col-xs-12 col-sm-12 col-md-12 col-lg-12 bt_bb_vertical_align_top bt_bb_align_left bt_bb_padding_normal\" style=\"; --column-width:12;\" data-width=\"12\" data-bt-override-class=\"{}\"><div class=\"bt_bb_column_content\"><div class=\"bt_bb_column_content_inner\"><div data-bb-version=\"4.9.1\"  class=\"bt_bb_text\" ><\/p>\n<p>&nbsp;<\/p>\n<p>&nbsp;<\/p>\n<p style=\"font-weight: 400; color: #000000;\">Bu internet sitesindeki bilgiler ve baz\u0131 dok\u00fcmanlar g\u00fcncelli\u011fini yitirmi\u015f olabilir. BATEL, bu bilgileri g\u00fcncelleyece\u011fine dair herhangi bir taahh\u00fct vermemektedir. Baz\u0131 dok\u00fcmanlarda ileriye d\u00f6n\u00fck g\u00f6r\u00fc\u015f ve tahmini rakamlar yer almaktad\u0131r. Bunlar \u015eirket y\u00f6netiminin gelecekteki duruma ili\u015fkin \u015fu andaki g\u00f6r\u00fc\u015flerini yans\u0131tmaktad\u0131r ve belli varsay\u0131mlar\u0131 i\u00e7ermektedir. Ancak ger\u00e7ekle\u015fmeler, ileriye d\u00f6n\u00fck g\u00f6r\u00fc\u015fleri ve tahmini rakamlar\u0131 olu\u015fturan de\u011fi\u015fkenlerde ve varsay\u0131mlardaki geli\u015fim ve ger\u00e7ekle\u015fmelere ba\u011f\u0131ml\u0131 olarak farkl\u0131l\u0131k g\u00f6sterebilecektir. Gecikmeler ve eksik veya hatal\u0131 bilgilerden internet sitesinin kullan\u0131m\u0131nda do\u011fabilecek zarar veya hasarlardan BATEL hi\u00e7bir sorumluluk kabul etmemektedir. BATEL y\u00f6netiminden izin al\u0131nmad\u0131k\u00e7a hi\u00e7bir logo veya hak sahibi bulundu\u011fumuz bilgi \u00fc\u00e7\u00fcnc\u00fc ki\u015filerce ba\u015fka ama\u00e7la kullan\u0131lamaz. Bu internet sitesi bilgilendirme amac\u0131yla haz\u0131rlanm\u0131\u015ft\u0131r. Bu internet sitesinde hi\u00e7bir \u015fey BATEL paylar\u0131na yat\u0131r\u0131m yapmaya y\u00f6nelik de\u011fildir. Internet sitesinin ve i\u00e7eri\u011finin kullan\u0131m\u0131ndan do\u011fan zararlardan BATEL ya da herhangi bir y\u00f6netim kurulu \u00fcyesi, y\u00f6neticisi veya \u00e7al\u0131\u015fan\u0131 sorumlu de\u011fildir.<\/p>\n<p style=\"font-weight: 400; color: #000000;\"><em>August 2025 - Revision 1<\/em>&lt;\/p<\/p>\n<p>\n<\/div><\/div><\/div><\/div><\/div><\/div><\/div><!-- cell_inner --><\/div><!-- cell --><\/div><!-- port --><\/section>","protected":false},"excerpt":{"rendered":"<p>Distinctively exploit optimal alignments for intuitive bandwidth. Quickly coordinate e-business applications through revolutionary catalysts for change. Seamlessly underwhelm optimal testing procedures whereas bricks-and-clicks processes.<\/p>","protected":false},"author":1,"featured_media":578,"parent":440,"menu_order":0,"comment_status":"closed","ping_status":"closed","template":"","meta":{"footnotes":""},"class_list":["post-1379","page","type-page","status-publish","has-post-thumbnail","hentry"],"_links":{"self":[{"href":"https:\/\/batel.com.tr\/en\/wp-json\/wp\/v2\/pages\/1379","targetHints":{"allow":["GET"]}}],"collection":[{"href":"https:\/\/batel.com.tr\/en\/wp-json\/wp\/v2\/pages"}],"about":[{"href":"https:\/\/batel.com.tr\/en\/wp-json\/wp\/v2\/types\/page"}],"author":[{"embeddable":true,"href":"https:\/\/batel.com.tr\/en\/wp-json\/wp\/v2\/users\/1"}],"replies":[{"embeddable":true,"href":"https:\/\/batel.com.tr\/en\/wp-json\/wp\/v2\/comments?post=1379"}],"version-history":[{"count":5,"href":"https:\/\/batel.com.tr\/en\/wp-json\/wp\/v2\/pages\/1379\/revisions"}],"predecessor-version":[{"id":2489,"href":"https:\/\/batel.com.tr\/en\/wp-json\/wp\/v2\/pages\/1379\/revisions\/2489"}],"up":[{"embeddable":true,"href":"https:\/\/batel.com.tr\/en\/wp-json\/wp\/v2\/pages\/440"}],"wp:featuredmedia":[{"embeddable":true,"href":"https:\/\/batel.com.tr\/en\/wp-json\/wp\/v2\/media\/578"}],"wp:attachment":[{"href":"https:\/\/batel.com.tr\/en\/wp-json\/wp\/v2\/media?parent=1379"}],"curies":[{"name":"wp","href":"https:\/\/api.w.org\/{rel}","templated":true}]}}