{"id":1324,"date":"2025-08-18T23:41:26","date_gmt":"2025-08-18T20:41:26","guid":{"rendered":"https:\/\/batel.com.tr\/?page_id=1324"},"modified":"2025-10-19T00:52:34","modified_gmt":"2025-10-18T21:52:34","slug":"faaliyetlerimiz","status":"publish","type":"page","link":"https:\/\/batel.com.tr\/en\/faaliyetlerimiz\/","title":{"rendered":"Our Activities"},"content":{"rendered":"<p><section data-bb-version=\"5.4.2\" id=\"bt_bb_section69eb918467815\" class=\"bt_bb_section bt_bb_color_scheme_11 bt_bb_layout_boxed_1200 bt_bb_vertical_align_top bt_bb_background_overlay_dark_solid bt_bb_top_spacing_extra_large bt_bb_bottom_spacing_large bt-dark-skin\" style=\"; --section-primary-color:#ffffff; --section-secondary-color:#181818;\" data-bt-override-class=\"null\"><div class=\"bt_bb_background_image_holder_wrapper\"><div class=\"bt_bb_background_image_holder btLazyLoadBackground\"  data-background_image_src=\"https:\/\/batel.com.tr\/wp-content\/uploads\/2025\/10\/amazing-solar-panels-on-green-field-poland-from-a-2025-03-24-06-48-22-utc-1-scaled.jpg\" data-parallax-zoom-start=\"1\" data-parallax-zoom-end=\"1\" data-parallax-blur-start=\"0\" data-parallax-blur-end=\"0\" data-parallax-opacity-start=\"1\" data-parallax-opacity-end=\"1\" style=\" background-image: url(&#039;https:\/\/batel.com.tr\/wp-content\/plugins\/bold-page-builder\/img\/blank.gif&#039;);\"><\/div><\/div><div class=\"bt_bb_port\"><div class=\"bt_bb_cell\"><div class=\"bt_bb_cell_inner\"><div class=\"bt_bb_row\"  data-bt-override-class=\"{}\"><div class=\"bt_bb_row_holder\" ><div  class=\"bt_bb_column col-xxl-6 col-xl-6 bt_bb_vertical_align_top bt_bb_align_left bt_bb_padding_normal bt_bb_animation_fade_in zoom_out animate\" style=\"; --column-width:6;\" data-width=\"6\" data-bt-override-class=\"{}\"><div class=\"bt_bb_column_content\"><div class=\"bt_bb_column_content_inner\"><header data-bb-version=\"5.4.2\" class=\"bt_bb_headline bt_bb_dash_top bt_bb_subheadline bt_bb_size_large bt_bb_align_inherit\" data-bt-override-class=\"{&quot;bt_bb_size_&quot;:{&quot;current_class&quot;:&quot;bt_bb_size_large&quot;,&quot;def&quot;:&quot;large&quot;}}\"><h1><span class=\"bt_bb_headline_content\"><span>FAAL\u0130YETLER\u0130M\u0130Z<\/span><\/span><\/h1><div class=\"bt_bb_headline_subheadline\">Continually reintermediate integrated processes through technically sound intellectual capital. Holistically foster superior methodologies without market-driven best practices.<\/div><\/header><div class=\"bt_bb_separator bt_bb_border_style_none bt_bb_bottom_spacing_60\" data-bt-override-class=\"null\"><\/div><\/div><\/div><\/div><div  class=\"bt_bb_column col-xxl-6 col-xl-6 bt_bb_vertical_align_top bt_bb_align_right bt_bb_padding_40 bt_bb_animation_fade_in zoom_out animate\" style=\"; --column-width:6;\" data-width=\"6\" data-bt-override-class=\"{}\"><div class=\"bt_bb_column_content\"><div class=\"bt_bb_column_content_inner\"><\/div><\/div><\/div><\/div><\/div><\/div><!-- cell_inner --><\/div><!-- cell --><\/div><!-- port --><\/section><section data-bb-version=\"5.4.2\" id=\"bt_bb_section69eb918467b7f\" class=\"bt_bb_section bt_bb_layout_boxed_1200 bt_bb_top_spacing_normal\"  data-bt-override-class=\"{&quot;bt_bb_top_spacing_&quot;:{&quot;current_class&quot;:&quot;bt_bb_top_spacing_normal&quot;,&quot;def&quot;:&quot;normal&quot;}}\"><div class=\"bt_bb_port\"><div class=\"bt_bb_cell\"><div class=\"bt_bb_cell_inner\"><div class=\"bt_bb_row\"  data-bt-override-class=\"{}\"><div class=\"bt_bb_row_holder\" ><div data-bb-version=\"4.9.1\"  class=\"bt_bb_column col-xxl-12 col-xl-12 col-xs-12 col-sm-12 col-md-12 col-lg-12 bt_bb_vertical_align_top bt_bb_align_left bt_bb_padding_normal\" style=\"; --column-width:12;\" data-width=\"12\" data-bt-override-class=\"{}\"><div class=\"bt_bb_column_content\"><div class=\"bt_bb_column_content_inner\"><header data-bb-version=\"5.4.2\" class=\"bt_bb_headline bt_bb_color_scheme_3 bt_bb_dash_none bt_bb_size_inherit bt_bb_align_inherit\" style=\"; --headline-primary-color:#00a0dd; --headline-secondary-color:#000000;\" data-bt-override-class=\"{&quot;bt_bb_size_&quot;:{&quot;current_class&quot;:&quot;bt_bb_size_inherit&quot;,&quot;def&quot;:&quot;inherit&quot;},&quot;bt_bb_align_&quot;:{&quot;current_class&quot;:&quot;bt_bb_align_inherit&quot;,&quot;def&quot;:&quot;inherit&quot;}}\"><h1><span class=\"bt_bb_headline_content\"><span>S\u0131f\u0131r Karbon Hedefimiz<br \/><br \/>\n<\/span><\/span><\/h1><\/header><header data-bb-version=\"5.4.2\" class=\"bt_bb_headline bt_bb_color_scheme_3 bt_bb_dash_none bt_bb_size_extrasmall bt_bb_align_inherit\" style=\"; --headline-primary-color:#00a0dd; --headline-secondary-color:#000000;\" data-bt-override-class=\"{&quot;bt_bb_size_&quot;:{&quot;current_class&quot;:&quot;bt_bb_size_extrasmall&quot;,&quot;def&quot;:&quot;extrasmall&quot;},&quot;bt_bb_align_&quot;:{&quot;current_class&quot;:&quot;bt_bb_align_inherit&quot;,&quot;def&quot;:&quot;inherit&quot;}}\"><h1><span class=\"bt_bb_headline_content\"><span><\/p><br \/>\n<p>Batel Ye\u015fil D\u00f6n\u00fc\u015f\u00fcm Program\u0131 (BYDP)<\/span><\/span><\/h1><\/header><div data-bb-version=\"4.9.1\"  class=\"bt_bb_text\" ><\/p>\n<p style=\"font-weight: 400;color: #000000\">BATEL olarak, karbon ayak izimizi azaltarak ve s\u00fcrd\u00fcr\u00fclebilirli\u011fi t\u00fcm faaliyetlerimize entegre ederek gelece\u011fe sorumlu bir \u015fekilde enerji sa\u011flamay\u0131 ama\u00e7l\u0131yoruz.\u200b<br \/>\n\u200bT\u00fcrk elektromekanik \u00fcreticisi olarak \u00fclkemize, toplumumuza ve gezegenimize kar\u015f\u0131 iklim de\u011fi\u015fikli\u011fiyle m\u00fccadele etme sorumlulu\u011fumuzun bilincindeyiz. Bu vizyonla, 2024 y\u0131l\u0131nda kapsaml\u0131 bir sera gaz\u0131 (GHG) azalt\u0131m program\u0131 ba\u015flatarak s\u0131f\u0131r karbon yolculu\u011fumuzun ilk ad\u0131m\u0131n\u0131 att\u0131k.\u200b<\/p>\n<p style=\"font-weight: 400;color: #000000\">\nBu program a\u00e7\u0131k hedefler, somut aksiyonlar ve belirlenmi\u015f sorumluluklar i\u00e7ererek \u00e7evreyi koruma kararl\u0131l\u0131\u011f\u0131m\u0131z\u0131, d\u00fcnya standartlar\u0131nda s\u00fcrd\u00fcr\u00fclebilir \u00e7\u00f6z\u00fcmler sunma misyonumuzla birle\u015ftirmektedir.<\/p>\n<p>\u200b<\/p>\n<p>\n<\/div><\/div><\/div><\/div><\/div><\/div><\/div><!-- cell_inner --><\/div><!-- cell --><\/div><!-- port --><\/section><section data-bb-version=\"5.4.2\" id=\"bt_bb_section69eb918467ec2\" class=\"bt_bb_section bt_bb_layout_boxed_1200 bt_bb_top_spacing_normal bt_bb_bottom_spacing_normal\"  data-bt-override-class=\"{&quot;bt_bb_top_spacing_&quot;:{&quot;current_class&quot;:&quot;bt_bb_top_spacing_normal&quot;,&quot;def&quot;:&quot;normal&quot;},&quot;bt_bb_bottom_spacing_&quot;:{&quot;current_class&quot;:&quot;bt_bb_bottom_spacing_normal&quot;,&quot;def&quot;:&quot;normal&quot;}}\"><div class=\"bt_bb_port\"><div class=\"bt_bb_cell\"><div class=\"bt_bb_cell_inner\"><div class=\"bt_bb_row\"  data-bt-override-class=\"{}\"><div class=\"bt_bb_row_holder\" ><div data-bb-version=\"5.4.2\"  class=\"bt_bb_column col-xxl-6 col-xl-6 col-xs-12 col-sm-6 col-md-6 col-lg-6 bt_bb_vertical_align_top bt_bb_align_left btLazyLoadBackground bt_bb_column_background_image bt_bb_padding_normal\" style=\"background-image:url(&#039;https:\/\/batel.com.tr\/wp-content\/plugins\/bold-page-builder\/img\/blank.gif&#039;);; --column-width:6;\" data-background_image_src='https:\/\/batel.com.tr\/wp-content\/uploads\/2025\/10\/modern-high-voltage-transformation-power-station-2025-03-23-23-05-25-utc-scaled.jpg' data-width=\"6\" data-bt-override-class=\"{}\"><div class=\"bt_bb_column_content\"><div class=\"bt_bb_column_content_inner\"><\/div><\/div><\/div><div data-bb-version=\"4.9.1\"  class=\"bt_bb_column col-xxl-6 col-xl-6 col-xs-12 col-sm-6 col-md-6 col-lg-6 bt_bb_vertical_align_top bt_bb_align_left bt_bb_padding_normal\" style=\"; --column-width:6;\" data-width=\"6\" data-bt-override-class=\"{}\"><div class=\"bt_bb_column_content\"><div class=\"bt_bb_column_content_inner\"><header data-bb-version=\"5.4.2\" class=\"bt_bb_headline bt_bb_color_scheme_3 bt_bb_dash_none bt_bb_size_extrasmall bt_bb_align_inherit\" style=\"; --headline-primary-color:#00a0dd; --headline-secondary-color:#000000;\" data-bt-override-class=\"{&quot;bt_bb_size_&quot;:{&quot;current_class&quot;:&quot;bt_bb_size_extrasmall&quot;,&quot;def&quot;:&quot;extrasmall&quot;},&quot;bt_bb_align_&quot;:{&quot;current_class&quot;:&quot;bt_bb_align_inherit&quot;,&quot;def&quot;:&quot;inherit&quot;}}\"><h1><span class=\"bt_bb_headline_content\"><span>D\u00fc\u015f\u00fck Karbon Ayak \u0130zi \u0130\u00e7in Teknolojiler ve Yenilikler<\/span><\/span><\/h1><\/header><div data-bb-version=\"4.9.1\"  class=\"bt_bb_text\" ><\/p>\n<p style=\"font-weight: 400;color: #000000\">BATEL\u2019de s\u00fcrd\u00fcr\u00fclebilirlik i\u015f stratejimizin merkezinde yer al\u0131yor. Ger\u00e7ek teknolojik ilerlemenin hem insanlara hem de gezegene hizmet etmesi gerekti\u011fine inan\u0131yoruz. Batel <a href=\"https:\/\/batel.com.tr\/en\/batel\/surdurulebilirlik-politikasi\/\" target=\"_blank\">Ye\u015fil D\u00f6n\u00fc\u015f\u00fcm Program\u0131 (BYDP)<\/a> Ye\u015fil D\u00f6n\u00fc\u015f\u00fcm Program\u0131 (BYDP) ile k\u00fcresel iklim hedefleriyle uyumlu inovasyonlara yat\u0131r\u0131m yap\u0131yoruz. SF\u2086 i\u00e7ermeyen elektrik da\u011f\u0131t\u0131m sistemlerinden, \u00fcr\u00fcn ve s\u00fcre\u00e7lerde enerji verimlili\u011fini art\u0131ran uygulamalara kadar geni\u015f bir alanda \u00e7al\u0131\u015f\u0131yoruz.\u200b<\/p>\n<p style=\"font-weight: 400;color: #000000\">\nSekt\u00f6rde ye\u015fil d\u00f6n\u00fc\u015f\u00fcm\u00fc destekliyor, \u00e7evresel etkisi d\u00fc\u015f\u00fck ve g\u00fcvenilir enerji \u00e7\u00f6z\u00fcmleri sunuyoruz. Operasyonlar\u0131m\u0131zdaki emisyonlar\u0131 azalt\u0131yor, m\u00fc\u015fterilerimizin de ayn\u0131 y\u00f6nde ad\u0131m atmas\u0131na destek veriyoruz. B\u00f6ylece hem T\u00fcrkiye\u2019de hem de d\u00fcnyada daha s\u00fcrd\u00fcr\u00fclebilir bir gelece\u011fe katk\u0131 sa\u011fl\u0131yoruz.<\/p>\n<p>\u200b<\/p>\n<p>\n<\/div><\/div><\/div><\/div><\/div><\/div><\/div><!-- cell_inner --><\/div><!-- cell --><\/div><!-- port --><\/section><section data-bb-version=\"5.4.2\" id=\"bt_bb_section69eb918468587\" class=\"bt_bb_section bt_bb_layout_boxed_1200 bt_bb_top_spacing_normal bt_bb_bottom_spacing_normal\"  data-bt-override-class=\"{&quot;bt_bb_top_spacing_&quot;:{&quot;current_class&quot;:&quot;bt_bb_top_spacing_normal&quot;,&quot;def&quot;:&quot;normal&quot;},&quot;bt_bb_bottom_spacing_&quot;:{&quot;current_class&quot;:&quot;bt_bb_bottom_spacing_normal&quot;,&quot;def&quot;:&quot;normal&quot;}}\"><div class=\"bt_bb_port\"><div class=\"bt_bb_cell\"><div class=\"bt_bb_cell_inner\"><div class=\"bt_bb_row\"  data-bt-override-class=\"{}\"><div class=\"bt_bb_row_holder\" ><div data-bb-version=\"4.9.1\"  class=\"bt_bb_column col-xxl-6 col-xl-6 col-xs-12 col-sm-6 col-md-6 col-lg-6 bt_bb_vertical_align_top bt_bb_align_left bt_bb_padding_normal\" style=\"; --column-width:6;\" data-width=\"6\" data-bt-override-class=\"{}\"><div class=\"bt_bb_column_content\"><div class=\"bt_bb_column_content_inner\"><header data-bb-version=\"5.4.2\" class=\"bt_bb_headline bt_bb_color_scheme_3 bt_bb_dash_none bt_bb_size_extrasmall bt_bb_align_inherit\" style=\"; --headline-primary-color:#00a0dd; --headline-secondary-color:#000000;\" data-bt-override-class=\"{&quot;bt_bb_size_&quot;:{&quot;current_class&quot;:&quot;bt_bb_size_extrasmall&quot;,&quot;def&quot;:&quot;extrasmall&quot;},&quot;bt_bb_align_&quot;:{&quot;current_class&quot;:&quot;bt_bb_align_inherit&quot;,&quot;def&quot;:&quot;inherit&quot;}}\"><h1><span class=\"bt_bb_headline_content\"><span>2024 Baz Y\u0131l\u0131ndan S\u0131f\u0131r Karbona<\/span><\/span><\/h1><\/header><div data-bb-version=\"4.9.1\"  class=\"bt_bb_text\" ><\/p>\n<p style=\"font-weight: 400;color: #000000\">Bu yolculuk kapsam\u0131nda toplam emisyonlar\u0131m\u0131z\u0131 en fazla etkileyen faaliyet alanlar\u0131n\u0131 belirledik. Bu alanlara y\u00f6nelik iyile\u015ftirme projeleri ile temiz \u00fcretim teknolojilerini benimseyerek, enerji verimlili\u011fini art\u0131rarak ve operasyonlar\u0131m\u0131zda yenilenebilir enerji kullan\u0131m\u0131na \u00f6ncelik vererek \u00f6l\u00e7\u00fclebilir ilerleme kaydediyoruz.\u200b<\/p>\n<p style=\"font-weight: 400;color: #000000\">\nKarbon azalt\u0131m stratejimiz, uluslararas\u0131 kabul g\u00f6rm\u00fc\u015f metodolojilere dayan\u0131r ve Paris Anla\u015fmas\u0131\u2019n\u0131n k\u00fcresel s\u0131cakl\u0131k art\u0131\u015f\u0131n\u0131 s\u0131n\u0131rlamaya y\u00f6nelik hedefleriyle uyumludur. Bu do\u011frultuda, 2024 y\u0131l\u0131n\u0131 baz alarak orta ve uzun vadeli hedefler belirledik:\u200b<\/p>\n<p style=\"font-weight: 400;color: #000000\">\n<b>2030:<\/b> Toplam Sera gaz\u0131 emisyonlar\u0131m\u0131z\u0131 %100 azaltmak (2024 seviyelerine g\u00f6re) ve <i>s\u0131f\u0131r<\/i> emisyona ula\u015fmak.\u200b<\/p>\n<p style=\"font-weight: 400;color: #000000\">\nBu hedefler, ISO 14064-1 standard\u0131 ve GHG Protokol metodolojisine g\u00f6re bilimsel kriterlerle haz\u0131rlanm\u0131\u015ft\u0131r. Tarihimizde ilk kez haz\u0131rlanan 2024 Kurumsal Karbon Ayak \u0130zi Raporumuz, gelecekteki t\u00fcm ilerlemelerimizin \u00f6l\u00e7\u00fclece\u011fi referans noktas\u0131 olacakt\u0131r.<\/p>\n<p>\u200b<\/p>\n<p>\n<\/div><\/div><\/div><\/div><div data-bb-version=\"5.4.2\"  class=\"bt_bb_column col-xxl-6 col-xl-6 col-xs-12 col-sm-6 col-md-6 col-lg-6 bt_bb_vertical_align_top bt_bb_align_left btLazyLoadBackground bt_bb_column_background_image bt_bb_padding_normal\" style=\"background-image:url(&#039;https:\/\/batel.com.tr\/wp-content\/plugins\/bold-page-builder\/img\/blank.gif&#039;);; --column-width:6;\" data-background_image_src='https:\/\/batel.com.tr\/wp-content\/uploads\/2025\/10\/idyllic-green-lake-in-mountains-lush-forest-with-2025-03-06-17-06-48-utc-scaled.jpg' data-width=\"6\" data-bt-override-class=\"{}\"><div class=\"bt_bb_column_content\"><div class=\"bt_bb_column_content_inner\"><\/div><\/div><\/div><\/div><\/div><\/div><!-- cell_inner --><\/div><!-- cell --><\/div><!-- port --><\/section><section data-bb-version=\"5.4.2\" id=\"bt_bb_section69eb918468c03\" class=\"bt_bb_section bt_bb_layout_boxed_1200 bt_bb_top_spacing_normal bt_bb_bottom_spacing_normal\"  data-bt-override-class=\"{&quot;bt_bb_top_spacing_&quot;:{&quot;current_class&quot;:&quot;bt_bb_top_spacing_normal&quot;,&quot;def&quot;:&quot;normal&quot;},&quot;bt_bb_bottom_spacing_&quot;:{&quot;current_class&quot;:&quot;bt_bb_bottom_spacing_normal&quot;,&quot;def&quot;:&quot;normal&quot;}}\"><div class=\"bt_bb_port\"><div class=\"bt_bb_cell\"><div class=\"bt_bb_cell_inner\"><div class=\"bt_bb_row\"  data-bt-override-class=\"{}\"><div class=\"bt_bb_row_holder\" ><div data-bb-version=\"5.4.2\"  class=\"bt_bb_column col-xxl-6 col-xl-6 col-xs-12 col-sm-6 col-md-6 col-lg-6 bt_bb_vertical_align_top bt_bb_align_left btLazyLoadBackground bt_bb_column_background_image bt_bb_padding_normal\" style=\"background-image:url(&#039;https:\/\/batel.com.tr\/wp-content\/plugins\/bold-page-builder\/img\/blank.gif&#039;);; --column-width:6;\" data-background_image_src='https:\/\/batel.com.tr\/wp-content\/uploads\/2025\/10\/idyllic-countryside-landscape-view-with-blue-lake-2025-04-01-04-31-37-utc-scaled.jpg' data-width=\"6\" data-bt-override-class=\"{}\"><div class=\"bt_bb_column_content\"><div class=\"bt_bb_column_content_inner\"><\/div><\/div><\/div><div data-bb-version=\"4.9.1\"  class=\"bt_bb_column col-xxl-6 col-xl-6 col-xs-12 col-sm-6 col-md-6 col-lg-6 bt_bb_vertical_align_top bt_bb_align_left bt_bb_padding_normal\" style=\"; --column-width:6;\" data-width=\"6\" data-bt-override-class=\"{}\"><div class=\"bt_bb_column_content\"><div class=\"bt_bb_column_content_inner\"><header data-bb-version=\"5.4.2\" class=\"bt_bb_headline bt_bb_color_scheme_3 bt_bb_dash_none bt_bb_size_extrasmall bt_bb_align_inherit\" style=\"; --headline-primary-color:#00a0dd; --headline-secondary-color:#000000;\" data-bt-override-class=\"{&quot;bt_bb_size_&quot;:{&quot;current_class&quot;:&quot;bt_bb_size_extrasmall&quot;,&quot;def&quot;:&quot;extrasmall&quot;},&quot;bt_bb_align_&quot;:{&quot;current_class&quot;:&quot;bt_bb_align_inherit&quot;,&quot;def&quot;:&quot;inherit&quot;}}\"><h1><span class=\"bt_bb_headline_content\"><span>Emisyonlar\u0131 Azaltmaya Y\u00f6nelik Somut Ad\u0131mlar<\/span><\/span><\/h1><\/header><div data-bb-version=\"4.9.1\"  class=\"bt_bb_text\" ><\/p>\n<p data-ccp-props=\"{\"><b>SF\u2086 Free Technologies<\/b>\u200b<\/p>\n<p style=\"font-weight: 400;color: #000000\">Alternatif yal\u0131t\u0131m gazlar\u0131 ve vakum kesme teknolojisi kullanarak SF\u2086 i\u00e7ermeyen anahtarlama sistemlerinde \u00fcr\u00fcn geli\u015ftirme faaliyetleri y\u00fcr\u00fct\u00fclmektedir.\u200b<\/p>\n<p style=\"font-weight: 400\"><strong>Enerji Verimlili\u011fi \u0130yile\u015ftirmeleri\u200b<\/strong><\/p>\n<p style=\"font-weight: 400;color: #000000\">\n\u00dcretim ekipmanlar\u0131n\u0131n modernizasyonu, LED ayd\u0131nlatmaya ge\u00e7i\u015f, yal\u0131t\u0131m\u0131n g\u00fc\u00e7lendirilmesi, \u00e7evre dostu so\u011futucu kullan\u0131m\u0131 ve \u00e7al\u0131\u015fan fark\u0131ndal\u0131k programlar\u0131yla minimum %10 enerji tasarrufu hedeflenmektedir.\u200b<\/p>\n<p data-ccp-props=\"{\"><b>Yenilenebilir Enerji Entegrasyonu<\/b>\u200b<\/p>\n<p style=\"font-weight: 400;color: #000000\">G\u00fcne\u015f paneli gibi sahaya kurulabilir yenilenebilir sistemlerin planlanmas\u0131 ve sertifikal\u0131 ye\u015fil elektrik temini ile 2030 y\u0131l\u0131na kadar elektrik t\u00fcketiminde %100 yenilenebilir enerjiye ge\u00e7i\u015f ama\u00e7lanmaktad\u0131r.\u200b<\/p>\n<p data-ccp-props=\"{\"><b>S\u00fcrd\u00fcr\u00fclebilir Lojistik<\/b>\u200b<\/p>\n<p style=\"font-weight: 400;color: #000000\">Ara\u00e7 ve forklift filosunun elektrikli alternatiflere d\u00f6n\u00fc\u015ft\u00fcr\u00fclmesi, servis ve payla\u015f\u0131m uygulamalar\u0131n\u0131n te\u015fvik edilmesi, lojistik g\u00fczerg\u00e2hlar\u0131n optimize edilmesi hedeflenmektedir.\u200b<\/p>\n<p data-ccp-props=\"{\"><b>S\u00fcrd\u00fcr\u00fclebilir Malzemeler ve At\u0131k Azalt\u0131m\u0131<\/b>\u200b<\/p>\n<p style=\"font-weight: 400;color: #000000\">Geri d\u00f6n\u00fc\u015ft\u00fcr\u00fclm\u00fc\u015f ambalaj malzemeleri kullan\u0131lmas\u0131, geri d\u00f6n\u00fc\u015ft\u00fcr\u00fclebilir at\u0131klar\u0131n lisansl\u0131 tesislere g\u00f6nderilmesi ve tedarikte \u00e7evre dostu malzemelerin tercih edilmesi desteklenmektedir.<\/p>\n<p data-ccp-props=\"{\">\u200b<\/p>\n<p>\n<\/div><\/div><\/div><\/div><\/div><\/div><\/div><!-- cell_inner --><\/div><!-- cell --><\/div><!-- port --><\/section><section data-bb-version=\"5.4.2\" id=\"bt_bb_section69eb918469270\" class=\"bt_bb_section bt_bb_layout_boxed_1200 bt_bb_top_spacing_normal bt_bb_bottom_spacing_normal\"  data-bt-override-class=\"{&quot;bt_bb_top_spacing_&quot;:{&quot;current_class&quot;:&quot;bt_bb_top_spacing_normal&quot;,&quot;def&quot;:&quot;normal&quot;},&quot;bt_bb_bottom_spacing_&quot;:{&quot;current_class&quot;:&quot;bt_bb_bottom_spacing_normal&quot;,&quot;def&quot;:&quot;normal&quot;}}\"><div class=\"bt_bb_port\"><div class=\"bt_bb_cell\"><div class=\"bt_bb_cell_inner\"><div class=\"bt_bb_row\"  data-bt-override-class=\"{}\"><div class=\"bt_bb_row_holder\" ><div data-bb-version=\"4.9.1\"  class=\"bt_bb_column col-xxl-6 col-xl-6 col-xs-12 col-sm-6 col-md-6 col-lg-6 bt_bb_vertical_align_top bt_bb_align_left bt_bb_padding_normal\" style=\"; --column-width:6;\" data-width=\"6\" data-bt-override-class=\"{}\"><div class=\"bt_bb_column_content\"><div class=\"bt_bb_column_content_inner\"><header data-bb-version=\"5.4.2\" class=\"bt_bb_headline bt_bb_color_scheme_3 bt_bb_dash_none bt_bb_size_extrasmall bt_bb_align_inherit\" style=\"; --headline-primary-color:#00a0dd; --headline-secondary-color:#000000;\" data-bt-override-class=\"{&quot;bt_bb_size_&quot;:{&quot;current_class&quot;:&quot;bt_bb_size_extrasmall&quot;,&quot;def&quot;:&quot;extrasmall&quot;},&quot;bt_bb_align_&quot;:{&quot;current_class&quot;:&quot;bt_bb_align_inherit&quot;,&quot;def&quot;:&quot;inherit&quot;}}\"><h1><span class=\"bt_bb_headline_content\"><span>\u0130lerlemenin Takibi ve Hesap Verebilirlik<\/span><\/span><\/h1><\/header><div data-bb-version=\"4.9.1\"  class=\"bt_bb_text\" ><\/p>\n<p><strong>\u00a0<\/strong><br \/><strong>Y\u0131ll\u0131k Sera Gaz\u0131 Envanteri<\/strong>\u200b<\/p>\n<p style=\"font-weight: 400;color: #000000\">TS EN ISO 14064-1:2019 standard\u0131 ve GHG Protokol\u00fc kapsam\u0131nda t\u00fcm ana sera gazlar\u0131n\u0131 i\u00e7erecek \u015fekilde y\u0131ll\u0131k raporlama yap\u0131l\u0131r. Bu sayede 2024 baz y\u0131l\u0131na g\u00f6re ilerleme \u00f6l\u00e7\u00fcl\u00fcr.\u200b<\/p>\n<p><b>Kalite Ekibi ve Y\u00f6neti\u015fim<\/b>\u200b<\/p>\n<p style=\"font-weight: 400;color: #000000\">Veri toplama, azalt\u0131m projeleri ve departmanlar aras\u0131 takibi koordine eden \u00f6zel bir Sera Gaz\u0131 Y\u00f6netim Ekibi g\u00f6rev yapar.\u200b<\/p>\n<p><b>Performans \u0130zleme ve Raporlama<\/b>\u200b<\/p>\n<p style=\"font-weight: 400;color: #000000\">Alt saya\u00e7l\u0131 elektrik t\u00fcketimi, at\u0131k azalt\u0131m\u0131 ve su kullan\u0131m\u0131 gibi g\u00f6stergelerle ilerleme takip edilir. \u00c7evresel performans g\u00f6stergelerimiz \u015firket \u00fcst y\u00f6netimi taraf\u0131ndan d\u00fczenli olarak g\u00f6zden ge\u00e7irilir.\u200b<\/p>\n<p>\u00a0<\/p>\n<p>\n<\/div><\/div><\/div><\/div><div data-bb-version=\"5.4.2\"  class=\"bt_bb_column col-xxl-6 col-xl-6 col-xs-12 col-sm-6 col-md-6 col-lg-6 bt_bb_vertical_align_top bt_bb_align_left btLazyLoadBackground bt_bb_column_background_image bt_bb_padding_normal\" style=\"background-image:url(&#039;https:\/\/batel.com.tr\/wp-content\/plugins\/bold-page-builder\/img\/blank.gif&#039;);; --column-width:6;\" data-background_image_src='https:\/\/batel.com.tr\/wp-content\/uploads\/2025\/10\/DSC02153-scaled.jpg' data-width=\"6\" data-bt-override-class=\"{}\"><div class=\"bt_bb_column_content\"><div class=\"bt_bb_column_content_inner\"><\/div><\/div><\/div><\/div><\/div><\/div><!-- cell_inner --><\/div><!-- cell --><\/div><!-- port --><\/section><section data-bb-version=\"5.4.2\" id=\"bt_bb_section69eb9184698da\" class=\"bt_bb_section bt_bb_layout_boxed_1200 bt_bb_bottom_spacing_medium\"  data-bt-override-class=\"{&quot;bt_bb_bottom_spacing_&quot;:{&quot;current_class&quot;:&quot;bt_bb_bottom_spacing_medium&quot;,&quot;def&quot;:&quot;medium&quot;}}\"><div class=\"bt_bb_port\"><div class=\"bt_bb_cell\"><div class=\"bt_bb_cell_inner\"><div class=\"bt_bb_row\"  data-bt-override-class=\"{}\"><div class=\"bt_bb_row_holder\" ><div data-bb-version=\"5.4.2\"  class=\"bt_bb_column col-xxl-6 col-xl-6 col-xs-12 col-sm-6 col-md-6 col-lg-6 bt_bb_vertical_align_top bt_bb_align_left btLazyLoadBackground bt_bb_column_background_image bt_bb_padding_normal\" style=\"background-image:url(&#039;https:\/\/batel.com.tr\/wp-content\/plugins\/bold-page-builder\/img\/blank.gif&#039;);; --column-width:6;\" data-background_image_src='https:\/\/batel.com.tr\/wp-content\/uploads\/2025\/10\/aerial-view-of-forest-road-in-summer-2025-03-18-15-19-32-utc-scaled.jpg' data-width=\"6\" data-bt-override-class=\"{}\"><div class=\"bt_bb_column_content\"><div class=\"bt_bb_column_content_inner\"><\/div><\/div><\/div><div data-bb-version=\"4.9.1\"  class=\"bt_bb_column col-xxl-6 col-xl-6 col-xs-12 col-sm-6 col-md-6 col-lg-6 bt_bb_vertical_align_top bt_bb_align_left bt_bb_padding_normal\" style=\"; --column-width:6;\" data-width=\"6\" data-bt-override-class=\"{}\"><div class=\"bt_bb_column_content\"><div class=\"bt_bb_column_content_inner\"><header data-bb-version=\"5.4.2\" class=\"bt_bb_headline bt_bb_color_scheme_3 bt_bb_dash_none bt_bb_size_extrasmall bt_bb_align_inherit\" style=\"; --headline-primary-color:#00a0dd; --headline-secondary-color:#000000;\" data-bt-override-class=\"{&quot;bt_bb_size_&quot;:{&quot;current_class&quot;:&quot;bt_bb_size_extrasmall&quot;,&quot;def&quot;:&quot;extrasmall&quot;},&quot;bt_bb_align_&quot;:{&quot;current_class&quot;:&quot;bt_bb_align_inherit&quot;,&quot;def&quot;:&quot;inherit&quot;}}\"><h1><span class=\"bt_bb_headline_content\"><span>\u0130klim Eylem Yol Haritam\u0131z<\/span><\/span><\/h1><\/header><div data-bb-version=\"4.9.1\"  class=\"bt_bb_text\" ><\/p>\n<p>\u00a0<\/p>\n<p style=\"font-weight: 400;color: #000000\">\u0130klim eylem yol haritam\u0131z hedef odakl\u0131 bir pland\u0131r. K\u0131sa vadede belirlenen verimlilik projelerinin tamamlanmas\u0131, SF\u2086 i\u00e7ermeyen \u00fcr\u00fcnlerin devreye al\u0131nmas\u0131 ve yenilenebilir enerji haz\u0131rl\u0131klar\u0131n\u0131n yap\u0131lmas\u0131 hedeflenmektedir. Orta vadede g\u00fcne\u015f enerjisi sistemlerinin kurulmas\u0131, ISO 50001 enerji y\u00f6netim sisteminin benimsenmesi ve ara\u00e7 filomuzun kademeli olarak elektrikli ara\u00e7lara d\u00f6n\u00fc\u015ft\u00fcr\u00fclmesi planlanmaktad\u0131r.\u200b<\/p>\n<p style=\"font-weight: 400;color: #000000\">Uzun vadede hedefimiz; hammadde tedarikinden \u00fcr\u00fcn ya\u015fam d\u00f6ng\u00fcs\u00fcn\u00fcn sonuna kadar s\u00fcrd\u00fcr\u00fclebilirli\u011fi de\u011fer zincirimizin t\u00fcm a\u015famalar\u0131na entegre etmek ve inovasyonlar\u0131m\u0131zla gelece\u011fe katk\u0131 sa\u011flamakt\u0131r.\u200b<\/p>\n<p style=\"font-weight: 400;color: #000000\">\u00d6zetle, Batel Ye\u015fil D\u00f6n\u00fc\u015f\u00fcm Program\u0131 (BYDP), cesur bir vizyonu \u00f6l\u00e7\u00fclebilir hedefler ve uygulanabilir ad\u0131mlarla birle\u015ftirir. S\u0131f\u0131r karbon yolculu\u011fumuzda \u015feffafl\u0131k, yenilik\u00e7ilik ve kararl\u0131l\u0131kla ilerliyoruz. M\u00fc\u015fterilerimiz, \u00e7al\u0131\u015fanlar\u0131m\u0131z ve i\u00e7inde bulundu\u011fumuz toplum, BATEL\u2019in s\u00fcrd\u00fcr\u00fclebilir ve verimli enerji \u00e7\u00f6z\u00fcmleri sunarken iklim i\u00e7in sorumluluk ald\u0131\u011f\u0131ndan emin olabilir.<\/p>\n<p>\u200b<\/p>\n<p>\u00a0<\/p>\n<p>\n<\/div><\/div><\/div><\/div><\/div><\/div><\/div><!-- cell_inner --><\/div><!-- cell --><\/div><!-- port --><\/section><\/p>","protected":false},"excerpt":{"rendered":"<p>Quickly communicate enabled technology and turnkey leadership skills. Uniquely enable accurate supply chains rather than frictionless technology. Globally network focused materials vis-a-vis cost effective products.<\/p>","protected":false},"author":1,"featured_media":582,"parent":0,"menu_order":0,"comment_status":"closed","ping_status":"closed","template":"","meta":{"footnotes":""},"class_list":["post-1324","page","type-page","status-publish","has-post-thumbnail","hentry"],"_links":{"self":[{"href":"https:\/\/batel.com.tr\/en\/wp-json\/wp\/v2\/pages\/1324","targetHints":{"allow":["GET"]}}],"collection":[{"href":"https:\/\/batel.com.tr\/en\/wp-json\/wp\/v2\/pages"}],"about":[{"href":"https:\/\/batel.com.tr\/en\/wp-json\/wp\/v2\/types\/page"}],"author":[{"embeddable":true,"href":"https:\/\/batel.com.tr\/en\/wp-json\/wp\/v2\/users\/1"}],"replies":[{"embeddable":true,"href":"https:\/\/batel.com.tr\/en\/wp-json\/wp\/v2\/comments?post=1324"}],"version-history":[{"count":16,"href":"https:\/\/batel.com.tr\/en\/wp-json\/wp\/v2\/pages\/1324\/revisions"}],"predecessor-version":[{"id":2081,"href":"https:\/\/batel.com.tr\/en\/wp-json\/wp\/v2\/pages\/1324\/revisions\/2081"}],"wp:featuredmedia":[{"embeddable":true,"href":"https:\/\/batel.com.tr\/en\/wp-json\/wp\/v2\/media\/582"}],"wp:attachment":[{"href":"https:\/\/batel.com.tr\/en\/wp-json\/wp\/v2\/media?parent=1324"}],"curies":[{"name":"wp","href":"https:\/\/api.w.org\/{rel}","templated":true}]}}