{"id":1318,"date":"2025-08-18T23:28:59","date_gmt":"2025-08-18T20:28:59","guid":{"rendered":"https:\/\/batel.com.tr\/?page_id=1318"},"modified":"2026-04-13T10:31:38","modified_gmt":"2026-04-13T07:31:38","slug":"batel-operasyonlari","status":"publish","type":"page","link":"https:\/\/batel.com.tr\/en\/batel-operasyonlari\/","title":{"rendered":"Batel Operasyonlar\u0131"},"content":{"rendered":"<p><section data-bb-version=\"5.4.2\" id=\"bt_bb_section69eb91acb8765\" class=\"bt_bb_section bt_bb_color_scheme_11 bt_bb_layout_boxed_1200 bt_bb_vertical_align_top bt_bb_background_overlay_dark_solid bt_bb_top_spacing_extra_large bt_bb_bottom_spacing_large bt-dark-skin\" style=\"; --section-primary-color:#ffffff; --section-secondary-color:#181818;\" data-bt-override-class=\"null\"><div class=\"bt_bb_background_image_holder_wrapper\"><div class=\"bt_bb_background_image_holder btLazyLoadBackground\"  data-background_image_src=\"https:\/\/batel.com.tr\/wp-content\/uploads\/2025\/10\/stunning-view-of-earth-from-space-at-night-showin-2025-08-27-13-44-52-utc.jpg\" data-parallax-zoom-start=\"1\" data-parallax-zoom-end=\"1\" data-parallax-blur-start=\"0\" data-parallax-blur-end=\"0\" data-parallax-opacity-start=\"1\" data-parallax-opacity-end=\"1\" style=\" background-image: url(&#039;https:\/\/batel.com.tr\/wp-content\/plugins\/bold-page-builder\/img\/blank.gif&#039;);\"><\/div><\/div><div class=\"bt_bb_port\"><div class=\"bt_bb_cell\"><div class=\"bt_bb_cell_inner\"><div class=\"bt_bb_row \"  data-bt-override-class=\"{}\"><div class=\"bt_bb_row_holder\" ><div  class=\"bt_bb_column col-xxl-6 col-xl-6 bt_bb_vertical_align_top bt_bb_align_left bt_bb_padding_normal bt_bb_animation_fade_in zoom_out animate\" style=\"; --column-width:6;\" data-width=\"6\" data-bt-override-class=\"{}\"><div class=\"bt_bb_column_content\"><div class=\"bt_bb_column_content_inner\"><header data-bb-version=\"5.4.2\" class=\"bt_bb_headline bt_bb_dash_top bt_bb_subheadline bt_bb_size_large bt_bb_align_inherit\" data-bt-override-class=\"null\"><h1><span class=\"bt_bb_headline_content\"><span><br \/><br \/>\nBATEL OPERASYONLARI<\/span><\/span><\/h1><div class=\"bt_bb_headline_subheadline\">From prototyping through delivery, each customer is assigned a dedicated support team to seamlessly move programs through production, you can rely on amwerk as a critical part of your supply chain.<\/div><\/header><div class=\"bt_bb_separator bt_bb_border_style_none bt_bb_bottom_spacing_60\" data-bt-override-class=\"null\"><\/div><\/div><\/div><\/div><div  class=\"bt_bb_column col-xxl-6 col-xl-6 bt_bb_vertical_align_top bt_bb_align_right bt_bb_padding_40 bt_bb_animation_fade_in zoom_out animate\" style=\"; --column-width:6;\" data-width=\"6\" data-bt-override-class=\"{}\"><div class=\"bt_bb_column_content\"><div class=\"bt_bb_column_content_inner\"><\/div><\/div><\/div><\/div><\/div><\/div><!-- cell_inner --><\/div><!-- cell --><\/div><!-- port --><\/section><section data-bb-version=\"5.4.2\" id=\"bt_bb_section69eb91acb8bc8\" class=\"bt_bb_section bt_bb_layout_boxed_1200 bt_bb_top_spacing_normal bt_bb_bottom_spacing_normal\"  data-bt-override-class=\"{&quot;bt_bb_top_spacing_&quot;:{&quot;current_class&quot;:&quot;bt_bb_top_spacing_normal&quot;,&quot;def&quot;:&quot;normal&quot;},&quot;bt_bb_bottom_spacing_&quot;:{&quot;current_class&quot;:&quot;bt_bb_bottom_spacing_normal&quot;,&quot;def&quot;:&quot;normal&quot;}}\"><div class=\"bt_bb_port\"><div class=\"bt_bb_cell\"><div class=\"bt_bb_cell_inner\"><div class=\"bt_bb_row \"  data-bt-override-class=\"{}\"><div class=\"bt_bb_row_holder\" ><div data-bb-version=\"4.9.1\"  class=\"bt_bb_column col-xxl-12 col-xl-12 col-xs-12 col-sm-12 col-md-12 col-lg-12 bt_bb_vertical_align_top bt_bb_align_left bt_bb_padding_normal\" style=\"; --column-width:12;\" data-width=\"12\" data-bt-override-class=\"{}\"><div class=\"bt_bb_column_content\"><div class=\"bt_bb_column_content_inner\"><header data-bb-version=\"5.4.2\" class=\"bt_bb_headline bt_bb_color_scheme_4 bt_bb_dash_none bt_bb_size_inherit bt_bb_align_center\" style=\"; --headline-primary-color:#00a0dd; --headline-secondary-color:#ffffff;\" data-bt-override-class=\"{&quot;bt_bb_size_&quot;:{&quot;current_class&quot;:&quot;bt_bb_size_inherit&quot;,&quot;def&quot;:&quot;inherit&quot;},&quot;bt_bb_align_&quot;:{&quot;current_class&quot;:&quot;bt_bb_align_center&quot;,&quot;def&quot;:&quot;center&quot;}}\"><h1><span class=\"bt_bb_headline_content\"><span>BATEL\u2019in K\u00fcresel Ticaret A\u011f\u0131 <\/span><\/span><\/h1><\/header><div data-bb-version=\"4.9.1\"  class=\"bt_bb_text\" ><\/p>\n<p>\u00a0<\/p>\n<p style=\"font-size: 20px;color: #008ccf;font-weight: 600;margin-bottom: 20px\"><span class=\"NormalTextRun SpellingErrorV2Themed SCXW54348681 BCX0\">BATEL\u2019in<\/span><span class=\"NormalTextRun SCXW54348681 BCX0\">\u00a0D\u00fcnyaya Uzanan Faaliyet A\u011f\u0131n\u0131 Ke\u015ffedin<\/span><\/p>\n<p style=\"font-weight: 400;color: #000000\">Bug\u00fcn 55 \u00fclkeye ihracat yap\u0131yoruz.<br \/>Amac\u0131m\u0131z sadece \u00fcr\u00fcn ula\u015ft\u0131rmak de\u011fil; her yerde daha temiz, verimli ve s\u00fcrd\u00fcr\u00fclebilir bir d\u00fcnya vizyonuna katk\u0131 sunmak.<\/p>\n<p style=\"font-weight: 400;color: #000000\">A\u015fa\u011f\u0131da, merkez lokasyonumuzu ve ihracat ger\u00e7ekle\u015ftirdi\u011fimiz 55 \u00fclkeyi inceleyebilirsiniz.<\/p>\n<p style=\"font-weight: 400;color: #000000\">K\u00fcresel ihracat a\u011f\u0131m\u0131zla, enerji sekt\u00f6r\u00fcnde g\u00fcvenilir bir \u00e7\u00f6z\u00fcm orta\u011f\u0131 olarak faaliyet g\u00f6stermekteyiz.<\/p>\n<p>\n<\/div><\/div><\/div><\/div><\/div><\/div><\/div><!-- cell_inner --><\/div><!-- cell --><\/div><!-- port --><\/section><section data-bb-version=\"5.4.2\" id=\"bt_bb_section69eb91acb8fe3\" class=\"bt_bb_section bt_bb_layout_boxed_1200 bt_bb_bottom_spacing_large\"  data-bt-override-class=\"{&quot;bt_bb_bottom_spacing_&quot;:{&quot;current_class&quot;:&quot;bt_bb_bottom_spacing_large&quot;,&quot;def&quot;:&quot;large&quot;}}\"><div class=\"bt_bb_port\"><div class=\"bt_bb_cell\"><div class=\"bt_bb_cell_inner\"><div class=\"bt_bb_row \"  data-bt-override-class=\"{}\"><div class=\"bt_bb_row_holder\" ><div data-bb-version=\"4.9.1\"  class=\"bt_bb_column col-xxl-12 col-xl-12 col-xs-12 col-sm-12 col-md-12 col-lg-12 bt_bb_vertical_align_top bt_bb_align_left bt_bb_padding_normal\" style=\"; --column-width:12;\" data-width=\"12\" data-bt-override-class=\"{}\"><div class=\"bt_bb_column_content\"><div class=\"bt_bb_column_content_inner\"><div data-bb-version=\"5.4.2\" class=\"bt_bb_raw_content\"><!DOCTYPE html>\n<html lang=\"tr\">\n<head>\n<meta charset=\"UTF-8\">\n<meta name=\"viewport\" content=\"width=device-width, initial-scale=1.0\">\n<title>\u0130hracat Haritas\u0131<\/title>\n<style>\n  * { margin: 0; padding: 0; box-sizing: border-box; }\n  body { font-family: system-ui, sans-serif; background: #f4f6f8; padding: 20px; }\n  h1 { font-size: 18px; font-weight: 500; color: #1a1a1a; margin-bottom: 12px; }\n  #map-wrapper { border-radius: 12px; overflow: hidden; background: #d6eaf8; position: relative; }\n  #tooltip {\n    display: none;\n    position: absolute;\n    background: rgba(20,20,20,0.88);\n    color: #fff;\n    padding: 5px 10px;\n    border-radius: 6px;\n    font-size: 12px;\n    pointer-events: none;\n    z-index: 10;\n  }\n  #legend {\n    display: flex;\n    flex-wrap: wrap;\n    gap: 16px;\n    margin-top: 12px;\n    font-size: 13px;\n    color: #444;\n  }\n  .leg-item { display: flex; align-items: center; gap: 6px; }\n  .dot { width: 11px; height: 11px; border-radius: 50%; display: inline-block; }\n  .tri {\n    width: 0; height: 0;\n    border-left: 6px solid transparent;\n    border-right: 6px solid transparent;\n    border-bottom: 11px solid #c0392b;\n    display: inline-block;\n  }\n<\/style>\n<\/head>\n<body>\n<h1>\u0130hracat Haritas\u0131 \u2014 52 \u00dclke<\/h1>\n<div id=\"map-wrapper\">\n  <div id=\"map\"><\/div>\n  <div id=\"tooltip\"><\/div>\n<\/div>\n<div id=\"legend\">\n  <span class=\"leg-item\"><span class=\"dot\" style=\"background:#185FA5;\"><\/span>Avrupa (12)<\/span>\n  <span class=\"leg-item\"><span class=\"dot\" style=\"background:#BA7517;\"><\/span>Asya (19)<\/span>\n  <span class=\"leg-item\"><span class=\"dot\" style=\"background:#3B6D11;\"><\/span>Afrika (14)<\/span>\n  <span class=\"leg-item\"><span class=\"dot\" style=\"background:#A32D2D;\"><\/span>Amerika (7)<\/span>\n  <span class=\"leg-item\"><span class=\"tri\"><\/span>\u0130zmir Fabrika<\/span>\n<\/div>\n\n<script src=\"https:\/\/cdnjs.cloudflare.com\/ajax\/libs\/d3\/7.8.5\/d3.min.js\"><\/script>\n<script src=\"https:\/\/cdnjs.cloudflare.com\/ajax\/libs\/topojson\/3.0.2\/topojson.min.js\"><\/script>\n<script>\nconst countries = [\n  {name:\"Arnavutluk\",region:\"Avrupa\",lat:41.15,lon:20.17},\n  {name:\"Bosna Hersek\",region:\"Avrupa\",lat:43.92,lon:17.68},\n  {name:\"Bulgaristan\",region:\"Avrupa\",lat:42.73,lon:25.49},\n  {name:\"Yunanistan\",region:\"Avrupa\",lat:39.07,lon:21.82},\n  {name:\"\u0130talya\",region:\"Avrupa\",lat:41.87,lon:12.57},\n  {name:\"Kosova\",region:\"Avrupa\",lat:42.60,lon:20.90},\n  {name:\"Kuzey Makedonya\",region:\"Avrupa\",lat:41.61,lon:21.75},\n  {name:\"Polonya\",region:\"Avrupa\",lat:51.92,lon:19.15},\n  {name:\"Romanya\",region:\"Avrupa\",lat:45.94,lon:24.97},\n  {name:\"Rusya\",region:\"Avrupa\",lat:61.52,lon:105.32},\n  {name:\"S\u0131rbistan\",region:\"Avrupa\",lat:44.02,lon:21.01},\n  {name:\"Ukrayna\",region:\"Avrupa\",lat:48.38,lon:31.17},\n  {name:\"Ermenistan\",region:\"Asya\",lat:40.07,lon:45.04},\n  {name:\"Azerbaycan\",region:\"Asya\",lat:40.14,lon:47.58},\n  {name:\"Banglade\u015f\",region:\"Asya\",lat:23.69,lon:90.36},\n  {name:\"K\u0131br\u0131s\",region:\"Asya\",lat:35.13,lon:33.43},\n  {name:\"G\u00fcrcistan\",region:\"Asya\",lat:42.32,lon:43.37},\n  {name:\"Hindistan\",region:\"Asya\",lat:20.59,lon:78.96},\n  {name:\"Endonezya\",region:\"Asya\",lat:-0.79,lon:113.92},\n  {name:\"Irak\",region:\"Asya\",lat:33.22,lon:43.68},\n  {name:\"\u00dcrd\u00fcn\",region:\"Asya\",lat:30.59,lon:36.24},\n  {name:\"K\u0131rg\u0131zistan\",region:\"Asya\",lat:41.20,lon:74.77},\n  {name:\"L\u00fcbnan\",region:\"Asya\",lat:33.85,lon:35.86},\n  {name:\"Filistin\",region:\"Asya\",lat:31.95,lon:35.23},\n  {name:\"Filipinler\",region:\"Asya\",lat:12.88,lon:121.77},\n  {name:\"Suudi Arabistan\",region:\"Asya\",lat:23.89,lon:45.08},\n  {name:\"Suriye\",region:\"Asya\",lat:34.80,lon:38.99},\n  {name:\"T\u00fcrkiye\",region:\"Asya\",lat:38.96,lon:35.24},\n  {name:\"T\u00fcrkmenistan\",region:\"Asya\",lat:38.97,lon:59.56},\n  {name:\"\u00d6zbekistan\",region:\"Asya\",lat:41.38,lon:64.59},\n  {name:\"Vietnam\",region:\"Asya\",lat:14.06,lon:108.28},\n  {name:\"Yemen\",region:\"Asya\",lat:15.55,lon:48.52},\n  {name:\"Cezayir\",region:\"Afrika\",lat:28.03,lon:1.66},\n  {name:\"Burkina Faso\",region:\"Afrika\",lat:12.24,lon:-1.56},\n  {name:\"Kongo\",region:\"Afrika\",lat:-0.23,lon:15.83},\n  {name:\"M\u0131s\u0131r\",region:\"Afrika\",lat:26.82,lon:30.80},\n  {name:\"Etiyopya\",region:\"Afrika\",lat:9.15,lon:40.49},\n  {name:\"Gana\",region:\"Afrika\",lat:7.95,lon:-1.02},\n  {name:\"Gine\",region:\"Afrika\",lat:9.95,lon:-9.70},\n  {name:\"Fildi\u015fi Sahili\",region:\"Afrika\",lat:7.54,lon:-5.55},\n  {name:\"Madagaskar\",region:\"Afrika\",lat:-18.77,lon:46.87},\n  {name:\"Mozambik\",region:\"Afrika\",lat:-18.67,lon:35.53},\n  {name:\"Nijerya\",region:\"Afrika\",lat:9.08,lon:8.68},\n  {name:\"Senegal\",region:\"Afrika\",lat:14.50,lon:-14.45},\n  {name:\"G\u00fcney Afrika\",region:\"Afrika\",lat:-30.56,lon:22.94},\n  {name:\"Sudan\",region:\"Afrika\",lat:12.86,lon:30.22},\n  {name:\"Meksika\",region:\"Amerika\",lat:23.63,lon:-102.55},\n  {name:\"ABD\",region:\"Amerika\",lat:37.09,lon:-95.71},\n  {name:\"Arjantin\",region:\"Amerika\",lat:-38.42,lon:-63.62},\n  {name:\"Brezilya\",region:\"Amerika\",lat:-14.24,lon:-51.93},\n  {name:\"\u015eili\",region:\"Amerika\",lat:-35.68,lon:-71.54},\n  {name:\"Kolombiya\",region:\"Amerika\",lat:4.57,lon:-74.30},\n  {name:\"Uruguay\",region:\"Amerika\",lat:-32.52,lon:-55.77}\n];\n\nconst factory = { name:\"\u0130zmir Fabrika \u00b7 10001 Sokak No:13, \u0130AOSB\u2013\u00c7i\u011fli\/\u0130ZM\u0130R 35620\", lat:38.485, lon:27.080 };\n\nconst regionColors = {\n  \"Avrupa\": \"#185FA5\",\n  \"Asya\":   \"#BA7517\",\n  \"Afrika\": \"#3B6D11\",\n  \"Amerika\":\"#A32D2D\"\n};\n\nconst W = 960, H = 500;\n\nconst svg = d3.select('#map').append('svg')\n  .attr('viewBox', `0 0 ${W} ${H}`)\n  .attr('width', '100%')\n  .style('display', 'block')\n  .style('background', '#d6eaf8');\n\nconst projection = d3.geoNaturalEarth1()\n  .scale(153)\n  .translate([W \/ 2, H \/ 2]);\n\nconst path = d3.geoPath(projection);\n\nconst tip = document.getElementById('tooltip');\nconst wrapper = document.getElementById('map-wrapper');\n\nfunction showTip(evt, text) {\n  const rect = wrapper.getBoundingClientRect();\n  tip.style.display = 'block';\n  tip.style.left = (evt.clientX - rect.left + 12) + 'px';\n  tip.style.top  = (evt.clientY - rect.top - 10) + 'px';\n  tip.textContent = text;\n}\nfunction hideTip() { tip.style.display = 'none'; }\n\nd3.json('https:\/\/cdn.jsdelivr.net\/npm\/world-atlas@2\/countries-110m.json').then(world => {\n  const land = topojson.feature(world, world.objects.countries);\n  const borders = topojson.mesh(world, world.objects.countries, (a, b) => a !== b);\n\n  svg.append('g').selectAll('path')\n    .data(land.features)\n    .join('path')\n    .attr('d', path)\n    .attr('fill', '#c8ddb0')\n    .attr('stroke', '#a0be88')\n    .attr('stroke-width', 0.4);\n\n  svg.append('path')\n    .datum(borders)\n    .attr('d', path)\n    .attr('fill', 'none')\n    .attr('stroke', '#a0be88')\n    .attr('stroke-width', 0.3);\n\n  countries.forEach(c => {\n    const [x, y] = projection([c.lon, c.lat]);\n    if (!x || !y) return;\n    svg.append('circle')\n      .attr('cx', x).attr('cy', y).attr('r', 5)\n      .attr('fill', regionColors[c.region])\n      .attr('stroke', '#fff')\n      .attr('stroke-width', 0.8)\n      .attr('opacity', 0.92)\n      .style('cursor', 'pointer')\n      .on('mousemove', (evt) => showTip(evt, c.name + ' \u00b7 ' + c.region))\n      .on('mouseleave', hideTip);\n  });\n\n  const [fx, fy] = projection([factory.lon, factory.lat]);\n  const ts = 9;\n  svg.append('polygon')\n    .attr('points', `${fx},${fy - ts} ${fx - ts * 0.8},${fy + ts * 0.5} ${fx + ts * 0.8},${fy + ts * 0.5}`)\n    .attr('fill', '#c0392b')\n    .attr('stroke', '#fff')\n    .attr('stroke-width', 1)\n    .style('cursor', 'pointer')\n    .on('mousemove', (evt) => showTip(evt, factory.name))\n    .on('mouseleave', hideTip);\n});\n<\/script>\n<\/body>\n<\/html>\n<\/div><\/div><\/div><\/div><\/div><\/div><\/div><!-- cell_inner --><\/div><!-- cell --><\/div><!-- port --><\/section><\/p>\n","protected":false},"excerpt":{"rendered":"<p>Uniquely deploy cross-unit benefits with wireless testing procedures. Collaboratively build backward-compatible relationships whereas tactical paradigms. Compellingly reconceptualize compelling outsourcing whereas optimal service.<\/p>","protected":false},"author":1,"featured_media":585,"parent":0,"menu_order":0,"comment_status":"closed","ping_status":"closed","template":"","meta":{"footnotes":""},"class_list":["post-1318","page","type-page","status-publish","has-post-thumbnail","hentry"],"_links":{"self":[{"href":"https:\/\/batel.com.tr\/en\/wp-json\/wp\/v2\/pages\/1318","targetHints":{"allow":["GET"]}}],"collection":[{"href":"https:\/\/batel.com.tr\/en\/wp-json\/wp\/v2\/pages"}],"about":[{"href":"https:\/\/batel.com.tr\/en\/wp-json\/wp\/v2\/types\/page"}],"author":[{"embeddable":true,"href":"https:\/\/batel.com.tr\/en\/wp-json\/wp\/v2\/users\/1"}],"replies":[{"embeddable":true,"href":"https:\/\/batel.com.tr\/en\/wp-json\/wp\/v2\/comments?post=1318"}],"version-history":[{"count":18,"href":"https:\/\/batel.com.tr\/en\/wp-json\/wp\/v2\/pages\/1318\/revisions"}],"predecessor-version":[{"id":2457,"href":"https:\/\/batel.com.tr\/en\/wp-json\/wp\/v2\/pages\/1318\/revisions\/2457"}],"wp:featuredmedia":[{"embeddable":true,"href":"https:\/\/batel.com.tr\/en\/wp-json\/wp\/v2\/media\/585"}],"wp:attachment":[{"href":"https:\/\/batel.com.tr\/en\/wp-json\/wp\/v2\/media?parent=1318"}],"curies":[{"name":"wp","href":"https:\/\/api.w.org\/{rel}","templated":true}]}}