{"id":1307,"date":"2025-08-18T23:16:36","date_gmt":"2025-08-18T20:16:36","guid":{"rendered":"https:\/\/batel.com.tr\/?page_id=1307"},"modified":"2026-04-13T15:00:04","modified_gmt":"2026-04-13T12:00:04","slug":"cerez-bildirimleri","status":"publish","type":"page","link":"https:\/\/batel.com.tr\/en\/batel\/cerez-bildirimleri\/","title":{"rendered":"Cookie Notifications"},"content":{"rendered":"<section data-bb-version=\"5.4.2\" id=\"bt_bb_section69eb918663d3f\" class=\"bt_bb_section bt_bb_layout_boxed_1200 bt_bb_top_spacing_large bt_bb_bottom_spacing_medium\"  data-bt-override-class=\"{&quot;bt_bb_top_spacing_&quot;:{&quot;current_class&quot;:&quot;bt_bb_top_spacing_large&quot;,&quot;def&quot;:&quot;large&quot;},&quot;bt_bb_bottom_spacing_&quot;:{&quot;current_class&quot;:&quot;bt_bb_bottom_spacing_medium&quot;,&quot;def&quot;:&quot;medium&quot;}}\"><div class=\"bt_bb_port\"><div class=\"bt_bb_cell\"><div class=\"bt_bb_cell_inner\"><div class=\"bt_bb_row\"  data-bt-override-class=\"{}\"><div class=\"bt_bb_row_holder\" ><div data-bb-version=\"4.9.1\"  class=\"bt_bb_column col-xxl-12 col-xl-12 col-xs-12 col-sm-12 col-md-12 col-lg-12 bt_bb_vertical_align_top bt_bb_align_left bt_bb_padding_normal\" style=\"; --column-width:12;\" data-width=\"12\" data-bt-override-class=\"{}\"><div class=\"bt_bb_column_content\"><div class=\"bt_bb_column_content_inner\"><div data-bb-version=\"4.9.1\"  class=\"bt_bb_text\" ><\/p>\n<p><strong><\/p>\n<p style=\"color:#1d76c4\">1. Introduction<\/strong><\/p>\n<p style=\"font-weight: 400;color: #000000\">Bu \u00c7erez Bildirimi, Batel Elektromekanik\u2019in web sitesi kullan\u0131c\u0131lar\u0131na kullan\u0131lan \u00e7erez t\u00fcrleri, bunlar\u0131n ama\u00e7lar\u0131 ve Batel Elektromekanik (\u201cBatel\u201d, \u201cbiz\u201d veya \u201c\u015firketimiz\u201d) taraf\u0131ndan nas\u0131l i\u015flendi\u011fi ve sakland\u0131\u011f\u0131 konusunda \u015feffaf bilgi sa\u011flamak amac\u0131yla haz\u0131rlanm\u0131\u015ft\u0131r.<\/p>\n<p>\n<\/div><div data-bb-version=\"4.9.1\" class=\"bt_bb_separator bt_bb_border_style_solid bt_bb_top_spacing_extra_small bt_bb_bottom_spacing_extra_small\" data-bt-override-class=\"{&quot;bt_bb_top_spacing_&quot;:{&quot;current_class&quot;:&quot;bt_bb_top_spacing_extra_small&quot;,&quot;def&quot;:&quot;extra_small&quot;},&quot;bt_bb_bottom_spacing_&quot;:{&quot;current_class&quot;:&quot;bt_bb_bottom_spacing_extra_small&quot;,&quot;def&quot;:&quot;extra_small&quot;}}\"><\/div><div data-bb-version=\"4.9.1\"  class=\"bt_bb_text\" ><\/p>\n<p><strong><\/p>\n<p style=\"color:#1d76c4\">2. \u00c7EREZLER NED\u0130R?<\/strong><\/p>\n<p style=\"font-weight: 400;color: #000000\">\u00c7erezler, web sitemizi ziyaret etti\u011finizde taray\u0131c\u0131n\u0131za yerle\u015ftirilen k\u00fc\u00e7\u00fck metin dosyalar\u0131d\u0131r. Bilgisayar, tablet veya ak\u0131ll\u0131 telefon gibi cihaz\u0131n\u0131zda saklan\u0131rlar ve sistemimizin cihaz\u0131n\u0131z\u0131 belirli bir s\u00fcre boyunca tan\u0131mas\u0131na olanak sa\u011flar (bkz. B\u00f6l\u00fcm 4.2 \u2013 Onay Ge\u00e7erlili\u011fi). Dil se\u00e7imi, b\u00f6lge veya ziyaret etti\u011finiz sayfalar gibi tarama tercihlerinizi hat\u0131rlamam\u0131za yard\u0131mc\u0131 olur. B\u00f6ylece sitemize her d\u00f6n\u00fc\u015f\u00fcn\u00fczde daha ak\u0131c\u0131 ve ki\u015fiselle\u015ftirilmi\u015f bir deneyim sunabiliriz.<\/p>\n<p>\n<\/div><div data-bb-version=\"4.9.1\" class=\"bt_bb_separator bt_bb_border_style_solid bt_bb_top_spacing_extra_small bt_bb_bottom_spacing_extra_small\" data-bt-override-class=\"{&quot;bt_bb_top_spacing_&quot;:{&quot;current_class&quot;:&quot;bt_bb_top_spacing_extra_small&quot;,&quot;def&quot;:&quot;extra_small&quot;},&quot;bt_bb_bottom_spacing_&quot;:{&quot;current_class&quot;:&quot;bt_bb_bottom_spacing_extra_small&quot;,&quot;def&quot;:&quot;extra_small&quot;}}\"><\/div><div data-bb-version=\"4.9.1\"  class=\"bt_bb_text\" ><\/p>\n<p><strong><\/p>\n<p style=\"color:#1d76c4\">3. BATEL TARAFINDAN KULLANILAN \u00c7EREZ KATEGOR\u0130LER\u0130<\/strong><\/p>\n<p style=\"font-weight: 400;color: #000000\">Web sitemizle etkile\u015fiminizi geli\u015ftirmek amac\u0131yla Batel Elektromekanik a\u015fa\u011f\u0131daki \u00e7erez t\u00fcrlerini kullan\u0131r:<\/p>\n<p><strong><\/p>\n<p style=\"color:#1d76c4\">Kesinlikle Gerekli \u00c7erezler <\/strong><\/p>\n<p style=\"font-weight: 400;color: #000000\">Web sitesinin temel i\u015fleyi\u015fi i\u00e7in zorunludur. Bu \u00e7erezler olmadan g\u00fcvenli eri\u015fim veya do\u011fru y\u00f6nlendirme gibi baz\u0131 i\u015flevler \u00e7al\u0131\u015fmayabilir.<\/p>\n<p><strong><\/p>\n<p style=\"color:#1d76c4\">Tercih \u00c7erezleri <\/strong><\/p>\n<p style=\"font-weight: 400;color: #000000\">Dil se\u00e7imi veya se\u00e7ilen konum gibi ki\u015fisel ayarlar\u0131n\u0131z\u0131 kaydederek, i\u00e7erik ve aray\u00fcz\u00fcn tercihlerinize g\u00f6re d\u00fczenlenmesini sa\u011flar.<\/p>\n<p><strong><\/p>\n<p style=\"color:#1d76c4\">\u0130statistiksel (Analitik) \u00c7erezler<\/strong><\/p>\n<p style=\"font-weight: 400;color: #000000\">Ziyaret\u00e7ilerin sitemizi nas\u0131l kulland\u0131\u011f\u0131na dair anonim veriler toplar. Bu bilgiler, sayfalar\u0131m\u0131z\u0131n yap\u0131s\u0131n\u0131, i\u00e7eri\u011fini ve kullan\u0131labilirli\u011fini geli\u015ftirmemize yard\u0131mc\u0131 olur.<\/p>\n<p><strong><\/p>\n<p style=\"color:#1d76c4\">Pazarlama \u00c7erezleri<\/strong><\/p>\n<p style=\"font-weight: 400;color: #000000\">Tarama faaliyetlerinizi takip ederek hem BATEL\u2019in ileti\u015fimleri hem de se\u00e7ili \u00fc\u00e7\u00fcnc\u00fc taraf a\u011flar arac\u0131l\u0131\u011f\u0131yla daha alakal\u0131 reklamlar sunmam\u0131z\u0131 sa\u011flar.<\/p>\n<p>\n<\/div><div data-bb-version=\"4.9.1\" class=\"bt_bb_separator bt_bb_border_style_solid bt_bb_top_spacing_extra_small bt_bb_bottom_spacing_extra_small\" data-bt-override-class=\"{&quot;bt_bb_top_spacing_&quot;:{&quot;current_class&quot;:&quot;bt_bb_top_spacing_extra_small&quot;,&quot;def&quot;:&quot;extra_small&quot;},&quot;bt_bb_bottom_spacing_&quot;:{&quot;current_class&quot;:&quot;bt_bb_bottom_spacing_extra_small&quot;,&quot;def&quot;:&quot;extra_small&quot;}}\"><\/div><div data-bb-version=\"4.9.1\"  class=\"bt_bb_text\" ><\/p>\n<p>\u00a0<\/p>\n<p style=\"color:#1d76c4;font-weight:bold\">4. BATEL\u2019DE \u00c7EREZLER\u0130N \u0130\u015eLENMES\u0130 VE SAKLANMASI<\/p>\n<p>\u00a0<\/p>\n<p style=\"color:#1d76c4;font-weight:bold\">4.1 Zorunlu \u00c7erezler ile Toplanan Veriler<\/p>\n<p style=\"font-weight: 400;color: #000000\">Zorunlu \u00e7erezler yaln\u0131zca sitenin do\u011fru \u015fekilde \u00e7al\u0131\u015fmas\u0131 i\u00e7in gerekli bilgileri toplar, \u00f6rne\u011fin:<\/p>\n<p style=\"font-weight: 400;color: #000000\">\u00b7 Sitemizi ziyaret etti\u011finizde cihaz\u0131n\u0131za atanan oturum kimli\u011fi,<\/p>\n<p style=\"font-weight: 400;color: #000000\">\u00b7 Kaydedilen tercihlerinizi (\u00f6rn. gizlilik ayarlar\u0131, \u00fcr\u00fcn filtreleri, kimlik do\u011frulama bilgileri),<\/p>\n<p style=\"font-weight: 400;color: #000000\">\u00b7 Taray\u0131c\u0131 ve cihaz\u0131n\u0131za ili\u015fkin teknik ayr\u0131nt\u0131lar.<\/p>\n<p style=\"font-weight: 400;color: #000000\"><strong>Not:<\/strong> Bu \u00e7erezler, ev adresiniz, \u015fifreleriniz veya \u00f6deme bilgileri gibi hassas ki\u015fisel verileri toplamaz. Batel\u2019in ki\u015fisel verileri nas\u0131l i\u015fledi\u011fine dair daha fazla bilgi i\u00e7in <a style=\"text-decoration: none\" href=\"https:\/\/batel.com.tr\/en\/batel\/privacypolicy\/\" target=\"_blank\">Gizlilik Bildirimi<\/a>\u2019ne bak\u0131n\u0131z.<\/p>\n<p><strong><\/p>\n<p style=\"color:#1d76c4\">4.2 Onay\u0131n\u0131zla Toplanan \u0130ste\u011fe Ba\u011fl\u0131 Veriler<\/strong><\/p>\n<p style=\"font-weight: 400;color: #000000\">\u0130ste\u011fe ba\u011fl\u0131 \u00e7erezlere izin vermeyi se\u00e7erseniz, Batel tarama deneyiminizi geli\u015ftirmek ve hizmetlerimizi optimize etmek amac\u0131yla \u015fu ek bilgileri toplayabilir:<\/p>\n<p style=\"font-weight: 400;color: #000000\">\u00b7 Batel sitesine gelmeden \u00f6nce ziyaret etti\u011finiz web sitesi veya ba\u011flant\u0131,<\/p>\n<p style=\"font-weight: 400;color: #000000\">\u00b7 Sitemizde ge\u00e7irdi\u011finiz s\u00fcre ve inceledi\u011finiz sayfa veya b\u00f6l\u00fcmler,<\/p>\n<p style=\"font-weight: 400;color: #000000\">\u00b7 Kulland\u0131\u011f\u0131n\u0131z etkile\u015fimli \u00f6zellikler,<\/p>\n<p style=\"font-weight: 400;color: #000000\">\u00b7 Cihaz\u0131n\u0131z\u0131n temel ses ve video yap\u0131land\u0131rma bilgileri,<\/p>\n<p style=\"font-weight: 400;color: #000000\">\u00b7 \u0130nternet ba\u011flant\u0131n\u0131z\u0131n genel kalite bilgileri,<\/p>\n<p style=\"font-weight: 400;color: #000000\">\u00b7 En s\u0131k ziyaret etti\u011finiz sayfalar veya \u00fcr\u00fcnler.<\/p>\n<p style=\"font-weight: 400;color: #000000\">Bu \u00e7erezler ayr\u0131ca, sitemiz ve i\u015f orta\u011f\u0131 a\u011flarla etkile\u015fimlerinize dayal\u0131 olarak \u00fc\u00e7\u00fcnc\u00fc taraf platformlarda ki\u015fiselle\u015ftirilmi\u015f i\u00e7erik veya reklam sunmam\u0131za yard\u0131mc\u0131 olabilir.<\/p>\n<p><strong><\/p>\n<p style=\"color:#1d76c4\">4.3 Onay Ge\u00e7erlili\u011fi<\/strong><\/p>\n<p style=\"font-weight: 400;color: #000000\">\u0130ste\u011fe ba\u011fl\u0131 \u00e7erezler i\u00e7in verdi\u011finiz onay, belirtilen ama\u00e7lara hizmet etti\u011fi s\u00fcrece ge\u00e7erli kal\u0131r. Tercihlerinizi diledi\u011finiz zaman geri \u00e7ekebilir veya de\u011fi\u015ftirebilirsiniz (bkz. bir sonraki b\u00f6l\u00fcm).<\/p>\n<p><strong><\/p>\n<p style=\"color:#1d76c4\">4.4 Cihaz\u0131n\u0131zda \u00c7erez Y\u00f6netimi<\/strong><\/p>\n<p style=\"font-weight: 400;color: #000000\">\u00c7erez ayarlar\u0131n\u0131z\u0131 diledi\u011finiz zaman g\u00f6zden ge\u00e7irebilir ve g\u00fcncelleyebilirsiniz:<\/p>\n<p style=\"font-weight: 400;color: #000000\">\u00b7 Web sitemiz \u00fczerinden: Alt k\u0131s\u0131mda yer alan \u201c\u00c7erez Tercihleri\u201d ba\u011flant\u0131s\u0131n\u0131 kullanarak iste\u011fe ba\u011fl\u0131 \u00e7erezleri y\u00f6netebilirsiniz.<\/p>\n<p style=\"font-weight: 400;color: #000000\">\u00b7 Taray\u0131c\u0131 veya cihaz ayarlar\u0131n\u0131z \u00fczerinden: Taray\u0131c\u0131n\u0131z\u0131n gizlilik veya \u00e7erez ayarlar\u0131 men\u00fcs\u00fcnden izinleri d\u00fczenleyebilirsiniz.<\/p>\n<p style=\"font-weight: 400;color: #000000\"><strong>Not:<\/strong> Baz\u0131 \u00e7erezlerin devre d\u0131\u015f\u0131 b\u0131rak\u0131lmas\u0131, web sitemizdeki i\u015flevsellik veya ki\u015fiselle\u015ftirme \u00f6zelliklerinin azalmas\u0131na neden olabilir.<\/p>\n<p>\n<\/div><div data-bb-version=\"4.9.1\" class=\"bt_bb_separator bt_bb_border_style_solid bt_bb_top_spacing_extra_small bt_bb_bottom_spacing_extra_small\" data-bt-override-class=\"{&quot;bt_bb_top_spacing_&quot;:{&quot;current_class&quot;:&quot;bt_bb_top_spacing_extra_small&quot;,&quot;def&quot;:&quot;extra_small&quot;},&quot;bt_bb_bottom_spacing_&quot;:{&quot;current_class&quot;:&quot;bt_bb_bottom_spacing_extra_small&quot;,&quot;def&quot;:&quot;extra_small&quot;}}\"><\/div><div data-bb-version=\"4.9.1\"  class=\"bt_bb_text\" ><\/p>\n<p><strong><\/p>\n<p style=\"color:#1d76c4\">5. \u0130LET\u0130\u015e\u0130M<\/strong><\/p>\n<p style=\"font-weight: 400;color: #000000\">Bu \u00c7erez Bildirimi hakk\u0131nda sorular\u0131n\u0131z varsa veya Batel Elektromekanik\u2019in \u00e7erezler arac\u0131l\u0131\u011f\u0131yla ki\u015fisel verilerinizi nas\u0131l i\u015fledi\u011fine ili\u015fkin a\u00e7\u0131klama talep ediyorsan\u0131z, bizimle ileti\u015fime ge\u00e7ebilirsiniz.<\/p>\n<p>\n<\/div><div data-bb-version=\"4.9.1\" class=\"bt_bb_separator bt_bb_border_style_solid bt_bb_top_spacing_extra_small bt_bb_bottom_spacing_extra_small\" data-bt-override-class=\"{&quot;bt_bb_top_spacing_&quot;:{&quot;current_class&quot;:&quot;bt_bb_top_spacing_extra_small&quot;,&quot;def&quot;:&quot;extra_small&quot;},&quot;bt_bb_bottom_spacing_&quot;:{&quot;current_class&quot;:&quot;bt_bb_bottom_spacing_extra_small&quot;,&quot;def&quot;:&quot;extra_small&quot;}}\"><\/div><div  class=\"bt_bb_text\" ><\/p>\n<p>&nbsp;<\/p>\n<p style=\"color: #1d76c4;\">6. SON H\u00dcK\u00dcMLER<\/p>\n<ul>\n<li>\n<p style=\"font-weight: 400; color: #000000;\">Bu \u00c7erez Bildirimi, mevzuat de\u011fi\u015fiklikleri, yeni teknolojilerin uygulanmas\u0131 veya \u015firket i\u00e7i kararlar nedeniyle her zaman de\u011fi\u015ftirilebilir. Bu sayfay\u0131 d\u00fczenli olarak kontrol etmenizi, \u00c7erez Bildirimi\u2019nin g\u00fcncel s\u00fcr\u00fcm\u00fcnden haberdar olman\u0131z\u0131 tavsiye ederiz.<\/p>\n<\/li>\n<li>\n<p style=\"font-weight: 400; color: #000000;\">\u00c7erezler arac\u0131l\u0131\u011f\u0131yla toplanan t\u00fcm veriler, bu \u00c7erez Bildirimi ve <a style=\"color: #1d76c4;\" href=\"https:\/\/batel.com.tr\/en\/batel\/privacypolicy\/\" target=\"_blank\" rel=\"noopener\">Gizlilik Bildirimi<\/a>\u2019ne uygun \u015fekilde i\u015flenecektir.<\/p>\n<\/li>\n<\/ul>\n<p style=\"font-weight: 400; color: #000000;\"><em>August 2025 - Revision 1<\/em>&lt;\/p<\/p>\n<p>\n<\/div><\/div><\/div><\/div><\/div><\/div><\/div><!-- cell_inner --><\/div><!-- cell --><\/div><!-- port --><\/section>","protected":false},"excerpt":{"rendered":"<p>Distinctively exploit optimal alignments for intuitive bandwidth. Quickly coordinate e-business applications through revolutionary catalysts for change. Seamlessly underwhelm optimal testing procedures whereas bricks-and-clicks processes.<\/p>","protected":false},"author":1,"featured_media":578,"parent":440,"menu_order":0,"comment_status":"closed","ping_status":"closed","template":"","meta":{"footnotes":""},"class_list":["post-1307","page","type-page","status-publish","has-post-thumbnail","hentry"],"_links":{"self":[{"href":"https:\/\/batel.com.tr\/en\/wp-json\/wp\/v2\/pages\/1307","targetHints":{"allow":["GET"]}}],"collection":[{"href":"https:\/\/batel.com.tr\/en\/wp-json\/wp\/v2\/pages"}],"about":[{"href":"https:\/\/batel.com.tr\/en\/wp-json\/wp\/v2\/types\/page"}],"author":[{"embeddable":true,"href":"https:\/\/batel.com.tr\/en\/wp-json\/wp\/v2\/users\/1"}],"replies":[{"embeddable":true,"href":"https:\/\/batel.com.tr\/en\/wp-json\/wp\/v2\/comments?post=1307"}],"version-history":[{"count":18,"href":"https:\/\/batel.com.tr\/en\/wp-json\/wp\/v2\/pages\/1307\/revisions"}],"predecessor-version":[{"id":2488,"href":"https:\/\/batel.com.tr\/en\/wp-json\/wp\/v2\/pages\/1307\/revisions\/2488"}],"up":[{"embeddable":true,"href":"https:\/\/batel.com.tr\/en\/wp-json\/wp\/v2\/pages\/440"}],"wp:featuredmedia":[{"embeddable":true,"href":"https:\/\/batel.com.tr\/en\/wp-json\/wp\/v2\/media\/578"}],"wp:attachment":[{"href":"https:\/\/batel.com.tr\/en\/wp-json\/wp\/v2\/media?parent=1307"}],"curies":[{"name":"wp","href":"https:\/\/api.w.org\/{rel}","templated":true}]}}