{"id":1299,"date":"2025-08-18T22:58:48","date_gmt":"2025-08-18T19:58:48","guid":{"rendered":"https:\/\/batel.com.tr\/?page_id=1299"},"modified":"2025-10-20T22:57:19","modified_gmt":"2025-10-20T19:57:19","slug":"yetkili-servis","status":"publish","type":"page","link":"https:\/\/batel.com.tr\/en\/yetkili-servis\/","title":{"rendered":"Authorized Services"},"content":{"rendered":"<p><section data-bb-version=\"5.4.2\" id=\"bt_bb_section69eb914f195e3\" class=\"bt_bb_section bt_bb_color_scheme_11 bt_bb_layout_boxed_1200 bt_bb_vertical_align_top bt_bb_background_overlay_dark_solid bt_bb_top_spacing_extra_large bt_bb_bottom_spacing_large bt-dark-skin\" style=\"; --section-primary-color:#ffffff; --section-secondary-color:#181818;\" data-bt-override-class=\"null\"><div class=\"bt_bb_background_image_holder_wrapper\"><div class=\"bt_bb_background_image_holder btLazyLoadBackground\"  data-background_image_src=\"https:\/\/batel.com.tr\/wp-content\/uploads\/2025\/10\/side-view-of-technician-or-engineer-with-headset-a-2024-10-21-18-39-24-utc-scaled-e1761153484929.jpg\" data-parallax-zoom-start=\"1\" data-parallax-zoom-end=\"1\" data-parallax-blur-start=\"0\" data-parallax-blur-end=\"0\" data-parallax-opacity-start=\"1\" data-parallax-opacity-end=\"1\" style=\" background-image: url(&#039;https:\/\/batel.com.tr\/wp-content\/plugins\/bold-page-builder\/img\/blank.gif&#039;);\"><\/div><\/div><div class=\"bt_bb_port\"><div class=\"bt_bb_cell\"><div class=\"bt_bb_cell_inner\"><div class=\"bt_bb_row\"  data-bt-override-class=\"{}\"><div class=\"bt_bb_row_holder\" ><div  class=\"bt_bb_column col-xxl-6 col-xl-6 bt_bb_vertical_align_top bt_bb_align_left bt_bb_padding_normal bt_bb_animation_fade_in zoom_out animate\" style=\"; --column-width:6;\" data-width=\"6\" data-bt-override-class=\"{}\"><div class=\"bt_bb_column_content\"><div class=\"bt_bb_column_content_inner\"><header data-bb-version=\"5.4.2\" class=\"bt_bb_headline bt_bb_dash_top bt_bb_subheadline bt_bb_size_large bt_bb_align_inherit\" data-bt-override-class=\"{&quot;bt_bb_size_&quot;:{&quot;current_class&quot;:&quot;bt_bb_size_large&quot;,&quot;def&quot;:&quot;large&quot;}}\"><h1><span class=\"bt_bb_headline_content\"><span>YETK\u0130L\u0130 SERV\u0130SLER\u0130M\u0130Z<\/span><\/span><\/h1><div class=\"bt_bb_headline_subheadline\">From prototyping through delivery, each customer is assigned a dedicated support team to seamlessly move programs through production, you can rely on amwerk as a critical part of your supply chain.<\/div><\/header><\/div><\/div><\/div><div  class=\"bt_bb_column col-xxl-6 col-xl-6 bt_bb_vertical_align_top bt_bb_align_right bt_bb_padding_40 bt_bb_animation_fade_in zoom_out animate\" style=\"; --column-width:6;\" data-width=\"6\" data-bt-override-class=\"{}\"><div class=\"bt_bb_column_content\"><div class=\"bt_bb_column_content_inner\"><\/div><\/div><\/div><\/div><\/div><\/div><!-- cell_inner --><\/div><!-- cell --><\/div><!-- port --><\/section><section data-bb-version=\"5.4.2\" id=\"bt_bb_section69eb914f199bb\" class=\"bt_bb_section bt_bb_layout_boxed_1200 bt_bb_top_spacing_medium bt_bb_bottom_spacing_large\" style=\";background-color:rgb(9,55,79);\" data-bt-override-class=\"{&quot;bt_bb_top_spacing_&quot;:{&quot;current_class&quot;:&quot;bt_bb_top_spacing_medium&quot;,&quot;def&quot;:&quot;medium&quot;},&quot;bt_bb_bottom_spacing_&quot;:{&quot;current_class&quot;:&quot;bt_bb_bottom_spacing_large&quot;,&quot;def&quot;:&quot;large&quot;}}\"><div class=\"bt_bb_port\"><div class=\"bt_bb_cell\"><div class=\"bt_bb_cell_inner\"><div class=\"bt_bb_row\"  data-bt-override-class=\"{}\"><div class=\"bt_bb_row_holder\" ><div data-bb-version=\"4.9.1\"  class=\"bt_bb_column col-xxl-12 col-xl-12 col-xs-12 col-sm-12 col-md-12 col-lg-12 bt_bb_vertical_align_top bt_bb_align_left bt_bb_padding_normal\" style=\"; --column-width:12;\" data-width=\"12\" data-bt-override-class=\"{}\"><div class=\"bt_bb_column_content\"><div class=\"bt_bb_column_content_inner\"><header data-bb-version=\"5.4.2\" class=\"bt_bb_headline bt_bb_dash_none bt_bb_size_large bt_bb_align_center\" style=\";color:rgb(255,255,255);border-color:rgb(255,255,255);\" data-bt-override-class=\"{&quot;bt_bb_size_&quot;:{&quot;current_class&quot;:&quot;bt_bb_size_large&quot;,&quot;def&quot;:&quot;large&quot;},&quot;bt_bb_align_&quot;:{&quot;current_class&quot;:&quot;bt_bb_align_center&quot;,&quot;def&quot;:&quot;center&quot;}}\"><h1><span class=\"bt_bb_headline_content\"><span>YANINIZDAYIZ<\/span><\/span><\/h1><\/header><div data-bb-version=\"4.9.1\"  class=\"bt_bb_text\" ><\/p>\n<h3 style=\"text-align: center;color: #FFFFFF\"><\/h3>\n<p style=\"text-align: center;color: #FFFFFF\">\n  Batel, \u00fcr\u00fcnlerinizi sadece teslim etmiyor; sat\u0131\u015f sonras\u0131 s\u00fcre\u00e7te de yan\u0131n\u0131zda olmaya devam ediyor.<br \/>\n  Servis a\u011f\u0131m\u0131z, h\u0131zl\u0131 ve etkin destek anlay\u0131\u015f\u0131yla \u00fcr\u00fcnlerinizin g\u00fcvenli ve verimli \u00e7al\u0131\u015fmas\u0131n\u0131 sa\u011fl\u0131yor.\n<\/p>\n<p>\u00a0<\/p>\n<p>\n<\/div><header data-bb-version=\"5.4.2\" class=\"bt_bb_headline bt_bb_dash_none bt_bb_size_small bt_bb_align_center\" style=\";color:rgb(255,255,255);border-color:rgb(255,255,255);\" data-bt-override-class=\"{&quot;bt_bb_size_&quot;:{&quot;current_class&quot;:&quot;bt_bb_size_small&quot;,&quot;def&quot;:&quot;small&quot;},&quot;bt_bb_align_&quot;:{&quot;current_class&quot;:&quot;bt_bb_align_center&quot;,&quot;def&quot;:&quot;center&quot;}}\"><h1><span class=\"bt_bb_headline_content\"><span>Servis Talep Ad\u0131mlar\u0131 <\/span><\/span><\/h1><\/header><div data-bb-version=\"4.9.1\"  class=\"bt_bb_text\" ><\/p>\n<p style=\"text-align: center;color: #ffffff\"><strong>Servis Talebi\u200b:<\/strong><br \/>T\u00fcm taleplerinizi <a style=\"color: #ffffff;text-decoration: underline\" href=\"mailto:info@batel.com.tr\">servis@batel.com.tr<\/a> adresine iletebilirsiniz.\u200b<br \/>Talebinize foto\u011fraf veya video eklemeniz s\u00fcreci h\u0131zland\u0131racakt\u0131r.<\/p>\n<p style=\"text-align: center;color: #ffffff\"><strong>Acil Durumlar\u200b:<\/strong><br \/>Acil durumlarda santral \u00fczerinden +90 (232) 376 76 90 \u2013 Dahili 117 numaras\u0131 ile Servis departman\u0131m\u0131za ula\u015fabilirsiniz.\u200b<\/p>\n<p>\u00a0<\/p>\n<p style=\"text-align: center;color: #ffffff\">Garanti Politikam\u0131za <strong><a style=\"color: #ffffff;text-decoration: underline\" href=\"https:\/\/batel.com.tr\/en\/warranty-conditions\/\" target=\"_blank\">buradan<\/a><\/strong> ula\u015fabilirsiniz.<\/p>\n<p>\n<\/div><\/div><\/div><\/div><\/div><\/div><\/div><!-- cell_inner --><\/div><!-- cell --><\/div><!-- port --><\/section><\/p>","protected":false},"excerpt":{"rendered":"<p>Uniquely deploy cross-unit benefits with wireless testing procedures. Collaboratively build backward-compatible relationships whereas tactical paradigms. Compellingly reconceptualize compelling outsourcing whereas optimal service.<\/p>","protected":false},"author":1,"featured_media":585,"parent":0,"menu_order":0,"comment_status":"closed","ping_status":"closed","template":"","meta":{"footnotes":""},"class_list":["post-1299","page","type-page","status-publish","has-post-thumbnail","hentry"],"_links":{"self":[{"href":"https:\/\/batel.com.tr\/en\/wp-json\/wp\/v2\/pages\/1299","targetHints":{"allow":["GET"]}}],"collection":[{"href":"https:\/\/batel.com.tr\/en\/wp-json\/wp\/v2\/pages"}],"about":[{"href":"https:\/\/batel.com.tr\/en\/wp-json\/wp\/v2\/types\/page"}],"author":[{"embeddable":true,"href":"https:\/\/batel.com.tr\/en\/wp-json\/wp\/v2\/users\/1"}],"replies":[{"embeddable":true,"href":"https:\/\/batel.com.tr\/en\/wp-json\/wp\/v2\/comments?post=1299"}],"version-history":[{"count":13,"href":"https:\/\/batel.com.tr\/en\/wp-json\/wp\/v2\/pages\/1299\/revisions"}],"predecessor-version":[{"id":2230,"href":"https:\/\/batel.com.tr\/en\/wp-json\/wp\/v2\/pages\/1299\/revisions\/2230"}],"wp:featuredmedia":[{"embeddable":true,"href":"https:\/\/batel.com.tr\/en\/wp-json\/wp\/v2\/media\/585"}],"wp:attachment":[{"href":"https:\/\/batel.com.tr\/en\/wp-json\/wp\/v2\/media?parent=1299"}],"curies":[{"name":"wp","href":"https:\/\/api.w.org\/{rel}","templated":true}]}}