{"id":1293,"date":"2025-08-18T22:53:59","date_gmt":"2025-08-18T19:53:59","guid":{"rendered":"https:\/\/batel.com.tr\/?page_id=1293"},"modified":"2025-10-22T20:02:59","modified_gmt":"2025-10-22T17:02:59","slug":"dusuk-karbon-ayak-izi","status":"publish","type":"page","link":"https:\/\/batel.com.tr\/en\/dusuk-karbon-ayak-izi\/","title":{"rendered":"Technologies and Innovations for a Low Carbon Footprint"},"content":{"rendered":"<p><section id=\"bt_bb_section69eb917dd043a\" class=\"bt_bb_section bt_bb_color_scheme_11 bt_bb_layout_boxed_1200 bt_bb_vertical_align_top bt_bb_background_overlay_dark_solid bt_bb_top_spacing_extra_large bt_bb_bottom_spacing_large bt-dark-skin\" style=\"; --section-primary-color:#ffffff; --section-secondary-color:#181818;\" data-bt-override-class=\"null\"><div class=\"bt_bb_background_image_holder_wrapper\"><div class=\"bt_bb_background_image_holder btLazyLoadBackground\"  data-background_image_src=\"https:\/\/batel.com.tr\/wp-content\/uploads\/2020\/10\/post_16.jpg\" data-parallax-zoom-start=\"1\" data-parallax-zoom-end=\"1\" data-parallax-blur-start=\"0\" data-parallax-blur-end=\"0\" data-parallax-opacity-start=\"1\" data-parallax-opacity-end=\"1\" style=\" background-image: url(&#039;https:\/\/batel.com.tr\/wp-content\/plugins\/bold-page-builder\/img\/blank.gif&#039;);\"><\/div><\/div><div class=\"bt_bb_port\"><div class=\"bt_bb_cell\"><div class=\"bt_bb_cell_inner\"><div class=\"bt_bb_row\"  data-bt-override-class=\"{}\"><div class=\"bt_bb_row_holder\" ><div  class=\"bt_bb_column col-xxl-6 col-xl-6 bt_bb_vertical_align_top bt_bb_align_left bt_bb_padding_normal bt_bb_animation_fade_in zoom_out animate\" style=\"; --column-width:6;\" data-width=\"6\" data-bt-override-class=\"{}\"><div class=\"bt_bb_column_content\"><div class=\"bt_bb_column_content_inner\"><header data-bb-version=\"5.4.2\" class=\"bt_bb_headline bt_bb_dash_top bt_bb_size_medium bt_bb_align_inherit\" data-bt-override-class=\"{&quot;bt_bb_size_&quot;:{&quot;current_class&quot;:&quot;bt_bb_size_medium&quot;,&quot;def&quot;:&quot;medium&quot;}}\"><h1><span class=\"bt_bb_headline_content\"><span>D\u00dc\u015e\u00dcK KARBON AYAK \u0130Z\u0130 \u0130\u00c7\u0130N TEKNOLOJ\u0130LER VE YEN\u0130L\u0130KLER<\/span><\/span><\/h1><\/header><div class=\"bt_bb_separator bt_bb_border_style_none bt_bb_bottom_spacing_60\" data-bt-override-class=\"null\"><\/div><\/div><\/div><\/div><div  class=\"bt_bb_column col-xxl-6 col-xl-6 bt_bb_vertical_align_top bt_bb_align_right bt_bb_padding_40 bt_bb_animation_fade_in zoom_out animate\" style=\"; --column-width:6;\" data-width=\"6\" data-bt-override-class=\"{}\"><div class=\"bt_bb_column_content\"><div class=\"bt_bb_column_content_inner\"><\/div><\/div><\/div><\/div><\/div><\/div><!-- cell_inner --><\/div><!-- cell --><\/div><!-- port --><\/section><section data-bb-version=\"5.4.2\" id=\"bt_bb_section69eb917dd09c6\" class=\"bt_bb_section bt_bb_layout_boxed_1200 bt_bb_top_spacing_normal bt_bb_bottom_spacing_normal\"  data-bt-override-class=\"{&quot;bt_bb_top_spacing_&quot;:{&quot;current_class&quot;:&quot;bt_bb_top_spacing_normal&quot;,&quot;def&quot;:&quot;normal&quot;},&quot;bt_bb_bottom_spacing_&quot;:{&quot;current_class&quot;:&quot;bt_bb_bottom_spacing_normal&quot;,&quot;def&quot;:&quot;normal&quot;}}\"><div class=\"bt_bb_port\"><div class=\"bt_bb_cell\"><div class=\"bt_bb_cell_inner\"><div class=\"bt_bb_row\"  data-bt-override-class=\"{}\"><div class=\"bt_bb_row_holder\" ><div data-bb-version=\"4.9.1\"  class=\"bt_bb_column col-xxl-12 col-xl-12 col-xs-12 col-sm-12 col-md-12 col-lg-12 bt_bb_vertical_align_top bt_bb_align_left bt_bb_padding_normal\" style=\"; --column-width:12;\" data-width=\"12\" data-bt-override-class=\"{}\"><div class=\"bt_bb_column_content\"><div class=\"bt_bb_column_content_inner\"><div data-bb-version=\"4.9.1\"  class=\"bt_bb_text\" ><\/p>\n<p data-ccp-props=\"{\">\n<p style=\"font-weight: 400;color: #000000\">Gelece\u011fe d\u00f6n\u00fck vizyonumuzda, \u00e7evresel sorumlulu\u011fu, \u00fcr\u00fcnlerimizden \u00fcretim s\u00fcre\u00e7lerimize ve \u00fcr\u00fcn ya\u015fam d\u00f6ng\u00fcs\u00fcne kadar her noktaya entegre ediyoruz.\u200b<\/p>\n<p data-ccp-props=\"{\">\n<p style=\"font-weight: 400;color: #000000\">Portf\u00f6y\u00fcm\u00fcz\u00fc bu anlay\u0131\u015fla geli\u015ftiriyoruz: SF\u2086 i\u00e7ermeyen \u00e7\u00f6z\u00fcmlerden, enerji verimli \u015febeke teknolojilerine, uzun \u00f6m\u00fcrl\u00fc ve d\u00f6ng\u00fcsel kullan\u0131ma uygun, ak\u0131ll\u0131 elektrik \u015febeke \u00e7\u00f6z\u00fcmlerine kadar\u2026 Her \u00fcr\u00fcn, ya\u015fam d\u00f6ng\u00fcs\u00fc analizi ve m\u00fc\u015fteri odakl\u0131 kalite ara\u00e7lar\u0131yla, sa\u011fl\u0131k\u2013g\u00fcvenlik\u2013\u00e7evre kriterlerine uygun \u015fekilde tasarlan\u0131yor.\u200b<\/p>\n<p data-ccp-props=\"{\">\n<p style=\"font-weight: 400;color: #000000\">Amac\u0131m\u0131z, yaln\u0131zca bug\u00fcn\u00fcn ihtiya\u00e7lar\u0131n\u0131 kar\u015f\u0131lamak de\u011fil; yenilik\u00e7i \u00e7\u00f6z\u00fcmlerle enerji sekt\u00f6r\u00fcn\u00fcn gelece\u011fine y\u00f6n vermektir.<\/p>\n<p data-ccp-props=\"{\">\n<\/div><\/div><\/div><\/div><\/div><\/div><\/div><!-- cell_inner --><\/div><!-- cell --><\/div><!-- port --><\/section><section data-bb-version=\"5.4.2\" id=\"bt_bb_section69eb917dd0e56\" class=\"bt_bb_section bt_bb_layout_boxed_1200 bt_bb_bottom_spacing_medium\"  data-bt-override-class=\"{&quot;bt_bb_bottom_spacing_&quot;:{&quot;current_class&quot;:&quot;bt_bb_bottom_spacing_medium&quot;,&quot;def&quot;:&quot;medium&quot;}}\"><div class=\"bt_bb_port\"><div class=\"bt_bb_cell\"><div class=\"bt_bb_cell_inner\"><div class=\"bt_bb_row\"  data-bt-override-class=\"{}\"><div class=\"bt_bb_row_holder\" ><div data-bb-version=\"4.9.1\"  class=\"bt_bb_column col-xxl-6 col-xl-6 col-xs-12 col-sm-6 col-md-6 col-lg-6 bt_bb_vertical_align_top bt_bb_align_left bt_bb_padding_normal\" style=\"; --column-width:6;\" data-width=\"6\" data-bt-override-class=\"{}\"><div class=\"bt_bb_column_content\"><div class=\"bt_bb_column_content_inner\"><div data-bb-version=\"4.9.1\"  class=\"bt_bb_text\" ><\/p>\n<p data-ccp-props=\"{\">\n<p style=\"font-weight: 400;color: #000000\">BATEL olarak orta gerilim anahtarlama \u00e7\u00f6z\u00fcmlerimizi, daha temiz ve s\u00fcrd\u00fcr\u00fclebilir bir enerji altyap\u0131s\u0131na katk\u0131 sa\u011flayacak \u015fekilde tasarl\u0131yoruz.\u200b<\/p>\n<p data-ccp-props=\"{\">\n<p style=\"font-weight: 400;color: #000000\">\u00dcr\u00fcnlerimizi kompakt ve mod\u00fcler yap\u0131da tasarl\u0131yor, uluslararas\u0131 standartlara uygun \u015fekilde optimize ediyor; \u00fcretim s\u00fcre\u00e7lerimizde karbon ayak izimizi azaltmaya, at\u0131klar\u0131 sorumlu \u015fekilde y\u00f6netmeye ve \u00e7evreye duyarl\u0131 \u00e7\u00f6z\u00fcmler geli\u015ftirmeye \u00f6ncelik veriyoruz.\u200b<\/p>\n<p data-ccp-props=\"{\">\n<p style=\"font-weight: 400;color: #000000\">SF\u2086 i\u00e7ermeyen yeni teknolojimizle, k\u00fcresel \u0131s\u0131nma potansiyeli CO2\u2019ye g\u00f6re 24.300 kat daha etkili SF6 gaz\u0131n\u0131n enerji \u015febekelerinden \u00e7\u0131kar\u0131lmas\u0131 ama\u00e7lanmaktad\u0131r. BATEL, bu noktada yenilik\u00e7i bir yakla\u015f\u0131m sergileyerek, hava izolasyonu ve vakum kesme teknolojisine dayal\u0131 \u00e7\u00f6z\u00fcmler geli\u015ftirmi\u015ftir.\u200b<\/p>\n<ul style=\"font-weight: 400\">\n<li data-charcodes=\"9679\" data-font=\"Arial,Sans-Serif\" data-buautonum=\"8\" data-aria-posinset=\"1\" data-aria-level=\"1\"><b>SF\u2086 Gazl\u0131 kesiciler yerine \u2192 Vakum Kesiciler<\/b>\u200b<br \/>\u200b<\/li>\n<li data-charcodes=\"9679\" data-font=\"Arial,Sans-Serif\" data-buautonum=\"8\" data-aria-posinset=\"2\" data-aria-level=\"1\"><b>SF\u2086 gazl\u0131 Y\u00fck Ay\u0131r\u0131c\u0131lar yerine \u2192 SF\u2086 \u0130\u00e7ermeyen Y\u00fck Ay\u0131r\u0131c\u0131lar<\/b>\u200b<br \/>\u200b<\/li>\n<li data-charcodes=\"9679\" data-font=\"Arial,Sans-Serif\" data-buautonum=\"8\" data-aria-posinset=\"3\" data-aria-level=\"1\"><b>SF\u2086 Gazl\u0131 Ay\u0131r\u0131c\u0131lar yerine \u2192 SF\u2086 \u0130\u00e7ermeyen Ay\u0131r\u0131c\u0131lar<\/b>\u200b<br \/>\u200b<\/li>\n<\/ul>\n<p data-ccp-props=\"{\">\n<p style=\"font-weight: 400;color: #000000\">BATEL olarak, d\u00fcnyada say\u0131l\u0131 \u00fcreticiden biri olarak geli\u015ftirdi\u011fimiz SF\u2086 i\u00e7ermeyen teknolojilerle, enerji \u015febekelerine g\u00fcvenli ve s\u00fcrd\u00fcr\u00fclebilir alternatifler sunuyor ve modern \u015febekelerin ihtiya\u00e7lar\u0131n\u0131 en y\u00fcksek standartlarda kar\u015f\u0131l\u0131yoruz.\u200b<\/p>\n<p data-ccp-props=\"{\">\u200b<\/p>\n<p data-ccp-props=\"{\">\n<\/div><\/div><\/div><\/div><div data-bb-version=\"5.4.2\"  class=\"bt_bb_column col-xxl-6 col-xl-6 col-xs-12 col-sm-6 col-md-6 col-lg-6 bt_bb_vertical_align_top bt_bb_align_left btLazyLoadBackground bt_bb_column_background_image bt_bb_padding_normal\" style=\"background-image:url(&#039;https:\/\/batel.com.tr\/wp-content\/plugins\/bold-page-builder\/img\/blank.gif&#039;);; --column-width:6;\" data-background_image_src='https:\/\/batel.com.tr\/wp-content\/uploads\/2025\/10\/image001.png' data-width=\"6\" data-bt-override-class=\"{}\"><div class=\"bt_bb_column_content\"><div class=\"bt_bb_column_content_inner\"><\/div><\/div><\/div><\/div><\/div><\/div><!-- cell_inner --><\/div><!-- cell --><\/div><!-- port --><\/section><\/p>","protected":false},"excerpt":{"rendered":"<p>Quickly communicate enabled technology and turnkey leadership skills. Uniquely enable accurate supply chains rather than frictionless technology. Globally network focused materials vis-a-vis cost effective products.<\/p>","protected":false},"author":1,"featured_media":582,"parent":0,"menu_order":0,"comment_status":"closed","ping_status":"closed","template":"","meta":{"footnotes":""},"class_list":["post-1293","page","type-page","status-publish","has-post-thumbnail","hentry"],"_links":{"self":[{"href":"https:\/\/batel.com.tr\/en\/wp-json\/wp\/v2\/pages\/1293","targetHints":{"allow":["GET"]}}],"collection":[{"href":"https:\/\/batel.com.tr\/en\/wp-json\/wp\/v2\/pages"}],"about":[{"href":"https:\/\/batel.com.tr\/en\/wp-json\/wp\/v2\/types\/page"}],"author":[{"embeddable":true,"href":"https:\/\/batel.com.tr\/en\/wp-json\/wp\/v2\/users\/1"}],"replies":[{"embeddable":true,"href":"https:\/\/batel.com.tr\/en\/wp-json\/wp\/v2\/comments?post=1293"}],"version-history":[{"count":9,"href":"https:\/\/batel.com.tr\/en\/wp-json\/wp\/v2\/pages\/1293\/revisions"}],"predecessor-version":[{"id":2294,"href":"https:\/\/batel.com.tr\/en\/wp-json\/wp\/v2\/pages\/1293\/revisions\/2294"}],"wp:featuredmedia":[{"embeddable":true,"href":"https:\/\/batel.com.tr\/en\/wp-json\/wp\/v2\/media\/582"}],"wp:attachment":[{"href":"https:\/\/batel.com.tr\/en\/wp-json\/wp\/v2\/media?parent=1293"}],"curies":[{"name":"wp","href":"https:\/\/api.w.org\/{rel}","templated":true}]}}